{"id":749,"date":"2024-09-12T00:14:21","date_gmt":"2024-09-12T00:14:21","guid":{"rendered":"https:\/\/grapos-softdrinks.cz\/?page_id=749"},"modified":"2026-03-20T14:53:49","modified_gmt":"2026-03-20T14:53:49","slug":"co2-stopa","status":"publish","type":"page","link":"https:\/\/grapos-softdrinks.cz\/?page_id=749","title":{"rendered":"CO2 stopa"},"content":{"rendered":"\t\t<div data-elementor-type=\"wp-page\" data-elementor-id=\"749\" class=\"elementor elementor-749\" data-elementor-post-type=\"page\">\n\t\t\t\t<div class=\"elementor-element elementor-element-22522b2 e-flex e-con-boxed e-con e-parent\" data-id=\"22522b2\" data-element_type=\"container\" data-e-type=\"container\">\n\t\t\t\t\t<div class=\"e-con-inner\">\n\t\t\t\t<div class=\"elementor-element elementor-element-c600dde elementor-post-navigation-borders-yes elementor-widget elementor-widget-post-navigation\" data-id=\"c600dde\" data-element_type=\"widget\" data-e-type=\"widget\" data-widget_type=\"post-navigation.default\">\n\t\t\t\t<div class=\"elementor-widget-container\">\n\t\t\t\t\t\t\t<div class=\"elementor-post-navigation\">\n\t\t\t<div class=\"elementor-post-navigation__prev elementor-post-navigation__link\">\n\t\t\t\t<a href=\"https:\/\/grapos-softdrinks.cz\/?page_id=747\" rel=\"prev\"><span class=\"post-navigation__arrow-wrapper post-navigation__arrow-prev\"><i class=\"fa fa-arrow-circle-left\" aria-hidden=\"true\"><\/i><span class=\"elementor-screen-only\">Prev<\/span><\/span><span class=\"elementor-post-navigation__link__prev\"><span class=\"post-navigation__prev--label\">P\u0159edchoz\u00ed str\u00e1nka<\/span><span class=\"post-navigation__prev--title\">Na\u0161e certifik\u00e1ty<\/span><\/span><\/a>\t\t\t<\/div>\n\t\t\t\t\t\t\t<div class=\"elementor-post-navigation__separator-wrapper\">\n\t\t\t\t\t<div class=\"elementor-post-navigation__separator\"><\/div>\n\t\t\t\t<\/div>\n\t\t\t\t\t\t<div class=\"elementor-post-navigation__next elementor-post-navigation__link\">\n\t\t\t\t<a href=\"https:\/\/grapos-softdrinks.cz\/?page_id=108\" rel=\"next\"><span class=\"elementor-post-navigation__link__next\"><span class=\"post-navigation__next--label\">Dal\u0161\u00ed str\u00e1nka<\/span><span class=\"post-navigation__next--title\">N\u00e1poje<\/span><\/span><span class=\"post-navigation__arrow-wrapper post-navigation__arrow-next\"><i class=\"fa fa-arrow-circle-right\" aria-hidden=\"true\"><\/i><span class=\"elementor-screen-only\">Next<\/span><\/span><\/a>\t\t\t<\/div>\n\t\t<\/div>\n\t\t\t\t\t\t<\/div>\n\t\t\t\t<\/div>\n\t\t\t\t\t<\/div>\n\t\t\t\t<\/div>\n\t\t<div class=\"elementor-element elementor-element-2e5714a e-flex e-con-boxed e-con e-parent\" data-id=\"2e5714a\" data-element_type=\"container\" data-e-type=\"container\">\n\t\t\t\t\t<div class=\"e-con-inner\">\n\t\t<div class=\"elementor-element elementor-element-88fbb43 e-con-full e-flex e-con e-child\" data-id=\"88fbb43\" data-element_type=\"container\" data-e-type=\"container\">\n\t\t\t\t<div class=\"elementor-element elementor-element-c98f62d elementor-widget elementor-widget-heading\" data-id=\"c98f62d\" data-element_type=\"widget\" data-e-type=\"widget\" data-widget_type=\"heading.default\">\n\t\t\t\t<div class=\"elementor-widget-container\">\n\t\t\t\t\t<h2 class=\"elementor-heading-title elementor-size-default\">Vychutnajte si z poh\u00e1ra s \u010dist\u00fdm svedom\u00edm.<\/h2>\t\t\t\t<\/div>\n\t\t\t\t<\/div>\n\t\t\t\t<\/div>\n\t\t\t\t\t<\/div>\n\t\t\t\t<\/div>\n\t\t<div class=\"elementor-element elementor-element-7563bf3 e-flex e-con-boxed e-con e-parent\" data-id=\"7563bf3\" data-element_type=\"container\" data-e-type=\"container\">\n\t\t\t\t\t<div class=\"e-con-inner\">\n\t\t<div class=\"elementor-element elementor-element-ae7471f e-con-full e-flex e-con e-child\" data-id=\"ae7471f\" data-element_type=\"container\" data-e-type=\"container\">\n\t\t\t\t<div class=\"elementor-element elementor-element-21c9fbf elementor-widget elementor-widget-text-editor\" data-id=\"21c9fbf\" data-element_type=\"widget\" data-e-type=\"widget\" data-widget_type=\"text-editor.default\">\n\t\t\t\t<div class=\"elementor-widget-container\">\n\t\t\t\t\t\t\t\t\t<p>Zm\u011bna klimatu je jednou z nejv\u011bt\u0161\u00edch v\u00fdzev na\u0161\u00ed doby. Tuto v\u00fdzvu zvl\u00e1dneme na\u0161\u00edm inovativn\u00edm n\u00e1pojov\u00fdm konceptem.<\/p><p>Jako inovativn\u00ed spole\u010dnost se sna\u017e\u00edme neust\u00e1le zlep\u0161ovat na\u0161e produkty a technologie \u2013 na z\u00e1klad\u011b pot\u0159eb na\u0161ich z\u00e1kazn\u00edk\u016f a v harmonii s na\u0161\u00edm prost\u0159ed\u00edm.<\/p><p>Technick\u00e1 univerzita ve Grazi vypo\u010d\u00edtala ekologickou stopu a CO<sub>2<\/sub> stopu na\u0161eho n\u00e1pojov\u00e9ho konceptu Grapos. Byli jsme p\u0159esv\u011bd\u010deni, \u017ee dopad bude dobr\u00fd. Dos\u00e1hli jsme v\u0161ak vynikaj\u00edc\u00edch v\u00fdsledk\u016f:<\/p><div class=\"one_half\"><h4>Studie (dokon\u010dena v roce 2012):<\/h4><blockquote><p><em>&#8222;Srovnejte ekologickou stopu a CO<sub>2<\/sub>\u00a0\u00a0stopu sklenice nealkoholick\u00e9ho n\u00e1poje Grapos, kter\u00fd se pod\u00e1v\u00e1 hostovi v restauraci, s ekvivalentn\u00edm lahvov\u00fdm n\u00e1pojem.&#8220;<\/em><\/p><\/blockquote><h4>Porovn\u00e1n\u00ed n\u00e1m d\u00e1v\u00e1 jistotu:<\/h4><p><span class=\"\">Ekologick\u00e1 stopa je o 90 % men\u0161\u00ed ne\u017e u lahvov\u00e9ho n\u00e1poje. P\u0159esto\u017ee p\u0159i v\u00fdpo\u010dtu sklen\u011bn\u00e9 l\u00e1hve byl vzat v \u00favahu \u017eivotn\u00ed cyklus produktu 50 let. Stopa<\/span><br \/><span class=\"\">CO<sub>2<\/sub> je tak\u00e9 o 90 % men\u0161\u00ed ne\u017e u n\u00e1poj\u016f v opakovan\u011b pou\u017eiteln\u00fdch sklen\u011bn\u00fdch lahv\u00edch.<\/span><\/p><p><strong>Shrnut\u00ed:<\/strong><\/p><div class=\"testimonial\">Na\u0161e ekologick\u00e1 stopa je o 90 % men\u0161\u00ed ne\u017e u balen\u00fdch n\u00e1poj\u016f, p\u0159esto\u017ee l\u00e1hev byla vypo\u010dtena s \u017eivotn\u00edm cyklem 50 let.<br \/>I CO<sub>2 <\/sub>stopa je o 90 % men\u0161\u00ed ne\u017e u n\u00e1poj\u016f v opakovan\u011b pou\u017eiteln\u00fdch sklen\u011bn\u00fdch lahv\u00edch.<\/div><div class=\"testimonial-author\">\u00a0<\/div><\/div>\t\t\t\t\t\t\t\t<\/div>\n\t\t\t\t<\/div>\n\t\t\t\t<\/div>\n\t\t<div class=\"elementor-element elementor-element-675db1d e-con-full e-flex e-con e-child\" data-id=\"675db1d\" data-element_type=\"container\" data-e-type=\"container\">\n\t\t\t\t<div class=\"elementor-element elementor-element-6158d37 elementor-widget elementor-widget-image\" data-id=\"6158d37\" data-element_type=\"widget\" data-e-type=\"widget\" data-widget_type=\"image.default\">\n\t\t\t\t<div class=\"elementor-widget-container\">\n\t\t\t\t\t\t\t\t\t\t\t\t\t\t\t<img fetchpriority=\"high\" decoding=\"async\" width=\"300\" height=\"390\" src=\"https:\/\/grapos-softdrinks.cz\/wp-content\/uploads\/2026\/03\/footprint-1.webp\" class=\"attachment-large size-large wp-image-16346\" alt=\"\" srcset=\"https:\/\/grapos-softdrinks.cz\/wp-content\/uploads\/2026\/03\/footprint-1.webp 300w, https:\/\/grapos-softdrinks.cz\/wp-content\/uploads\/2026\/03\/footprint-1-231x300.webp 231w\" sizes=\"(max-width: 300px) 100vw, 300px\" \/>\t\t\t\t\t\t\t\t\t\t\t\t\t\t\t<\/div>\n\t\t\t\t<\/div>\n\t\t\t\t<\/div>\n\t\t\t\t\t<\/div>\n\t\t\t\t<\/div>\n\t\t<div class=\"elementor-element elementor-element-e9b70e6 e-flex e-con-boxed e-con e-parent\" data-id=\"e9b70e6\" data-element_type=\"container\" data-e-type=\"container\">\n\t\t\t\t\t<div class=\"e-con-inner\">\n\t\t<div class=\"elementor-element elementor-element-461420c e-con-full e-flex e-con e-child\" data-id=\"461420c\" data-element_type=\"container\" data-e-type=\"container\">\n\t\t\t\t<div class=\"elementor-element elementor-element-ffa709e elementor-widget elementor-widget-text-editor\" data-id=\"ffa709e\" data-element_type=\"widget\" data-e-type=\"widget\" data-widget_type=\"text-editor.default\">\n\t\t\t\t<div class=\"elementor-widget-container\">\n\t\t\t\t\t\t\t\t\t<p><strong>\u00da\u010det za doji\u010dku<\/strong><br \/>Pokud by v\u0161ichni Raku\u0161an\u00e9 pou\u017eili Grapos m\u00edsto l\u00e1hve jen jednou, s \u00fasporou emis\u00ed CO<sub>2<\/sub>\u00a0by mohli oblet\u011bt Zemi 63kr\u00e1t autem nebo let\u011bt na M\u011bs\u00edc 5kr\u00e1t*.<br \/>Vyplat\u00ed se chytit sklenici!<\/p><p><strong>Sn\u00ed\u017e\u00edte i svoji stopu<\/strong><br \/>S n\u00e1pojov\u00fdm konceptem Grapos u\u0161et\u0159\u00ed ka\u017ed\u00fd restaur\u00e1tor p\u0159i chlazen\u00ed n\u00e1poj\u016f a\u017e 44 % CO<sub>2<\/sub> a p\u0159ibli\u017en\u011b 40 % energie. Chlad\u00edrny a chlad\u00edrny ji\u017e nejsou pot\u0159eba, proto\u017ee n\u00e1poj se chlad\u00ed p\u0159\u00edmo p\u0159i \u010depov\u00e1n\u00ed do v\u00fddejn\u00edho syst\u00e9mu. To v\u00e1m u\u0161et\u0159\u00ed investi\u010dn\u00ed n\u00e1klady na drahou chlad\u00edc\u00ed techniku \u200b\u200ba vysok\u00e9 n\u00e1klady na energii.<\/p><p>Ka\u017ed\u00e1 spole\u010dnost, kter\u00e1 pracuje s konceptem Grapos \u0161etrn\u00fdm ke klimatu, bude moci v budoucnu sv\u00e9 hosty upozornit na to, \u017ee ka\u017ed\u00fdm n\u00e1pojem aktivn\u011b p\u0159isp\u00edv\u00e1 k ochran\u011b klimatu. Je to dobr\u00e9 pro image a prodej \u2013 a p\u0159edev\u0161\u00edm pro na\u0161i planetu.<\/p><p>* Zdroj: ecoinvent<\/p>\t\t\t\t\t\t\t\t<\/div>\n\t\t\t\t<\/div>\n\t\t\t\t<\/div>\n\t\t\t\t\t<\/div>\n\t\t\t\t<\/div>\n\t\t\t\t<\/div>\n\t\t","protected":false},"excerpt":{"rendered":"<p>Vychutnajte si z poh\u00e1ra s \u010dist\u00fdm svedom\u00edm. Zm\u011bna klimatu je jednou z nejv\u011bt\u0161\u00edch v\u00fdzev na\u0161\u00ed doby. Tuto v\u00fdzvu zvl\u00e1dneme na\u0161\u00edm inovativn\u00edm n\u00e1pojov\u00fdm konceptem. Jako inovativn\u00ed spole\u010dnost se sna\u017e\u00edme neust\u00e1le zlep\u0161ovat na\u0161e produkty a technologie \u2013 na z\u00e1klad\u011b pot\u0159eb na\u0161ich z\u00e1kazn\u00edk\u016f a v harmonii s na\u0161\u00edm prost\u0159ed\u00edm. Technick\u00e1 univerzita ve Grazi vypo\u010d\u00edtala ekologickou stopu a CO2 [&hellip;]<\/p>\n","protected":false},"author":1,"featured_media":0,"parent":0,"menu_order":0,"comment_status":"closed","ping_status":"closed","template":"elementor_header_footer","meta":{"footnotes":""},"class_list":["post-749","page","type-page","status-publish","hentry","entry"],"_links":{"self":[{"href":"https:\/\/grapos-softdrinks.cz\/index.php?rest_route=\/wp\/v2\/pages\/749","targetHints":{"allow":["GET"]}}],"collection":[{"href":"https:\/\/grapos-softdrinks.cz\/index.php?rest_route=\/wp\/v2\/pages"}],"about":[{"href":"https:\/\/grapos-softdrinks.cz\/index.php?rest_route=\/wp\/v2\/types\/page"}],"author":[{"embeddable":true,"href":"https:\/\/grapos-softdrinks.cz\/index.php?rest_route=\/wp\/v2\/users\/1"}],"replies":[{"embeddable":true,"href":"https:\/\/grapos-softdrinks.cz\/index.php?rest_route=%2Fwp%2Fv2%2Fcomments&post=749"}],"version-history":[{"count":22,"href":"https:\/\/grapos-softdrinks.cz\/index.php?rest_route=\/wp\/v2\/pages\/749\/revisions"}],"predecessor-version":[{"id":16349,"href":"https:\/\/grapos-softdrinks.cz\/index.php?rest_route=\/wp\/v2\/pages\/749\/revisions\/16349"}],"wp:attachment":[{"href":"https:\/\/grapos-softdrinks.cz\/index.php?rest_route=%2Fwp%2Fv2%2Fmedia&parent=749"}],"curies":[{"name":"wp","href":"https:\/\/api.w.org\/{rel}","templated":true}]}}