{"id":745,"date":"2024-09-10T00:13:52","date_gmt":"2024-09-10T00:13:52","guid":{"rendered":"https:\/\/grapos-softdrinks.cz\/?page_id=745"},"modified":"2024-11-21T19:17:23","modified_gmt":"2024-11-21T19:17:23","slug":"principy-a-hodnoty","status":"publish","type":"page","link":"https:\/\/grapos-softdrinks.cz\/?page_id=745","title":{"rendered":"Princ\u00edpy a hodnoty"},"content":{"rendered":"\t\t<div data-elementor-type=\"wp-page\" data-elementor-id=\"745\" class=\"elementor elementor-745\" data-elementor-post-type=\"page\">\n\t\t\t\t<div class=\"elementor-element elementor-element-0abce87 e-flex e-con-boxed e-con e-parent\" data-id=\"0abce87\" data-element_type=\"container\" data-e-type=\"container\">\n\t\t\t\t\t<div class=\"e-con-inner\">\n\t\t\t\t<div class=\"elementor-element elementor-element-f5ab573 elementor-post-navigation-borders-yes elementor-widget elementor-widget-post-navigation\" data-id=\"f5ab573\" data-element_type=\"widget\" data-e-type=\"widget\" data-widget_type=\"post-navigation.default\">\n\t\t\t\t<div class=\"elementor-widget-container\">\n\t\t\t\t\t\t\t<div class=\"elementor-post-navigation\">\n\t\t\t<div class=\"elementor-post-navigation__prev elementor-post-navigation__link\">\n\t\t\t\t<a href=\"https:\/\/grapos-softdrinks.cz\/?page_id=743\" rel=\"prev\"><span class=\"post-navigation__arrow-wrapper post-navigation__arrow-prev\"><i class=\"fa fa-arrow-circle-left\" aria-hidden=\"true\"><\/i><span class=\"elementor-screen-only\">Prev<\/span><\/span><span class=\"elementor-post-navigation__link__prev\"><span class=\"post-navigation__prev--label\">P\u0159edchoz\u00ed str\u00e1nka<\/span><span class=\"post-navigation__prev--title\">Grapos &#8211; Pr\u00edbeh<\/span><\/span><\/a>\t\t\t<\/div>\n\t\t\t\t\t\t\t<div class=\"elementor-post-navigation__separator-wrapper\">\n\t\t\t\t\t<div class=\"elementor-post-navigation__separator\"><\/div>\n\t\t\t\t<\/div>\n\t\t\t\t\t\t<div class=\"elementor-post-navigation__next elementor-post-navigation__link\">\n\t\t\t\t<a href=\"https:\/\/grapos-softdrinks.cz\/?page_id=747\" rel=\"next\"><span class=\"elementor-post-navigation__link__next\"><span class=\"post-navigation__next--label\">Dal\u0161\u00ed str\u00e1nka<\/span><span class=\"post-navigation__next--title\">Na\u0161e certifik\u00e1ty<\/span><\/span><span class=\"post-navigation__arrow-wrapper post-navigation__arrow-next\"><i class=\"fa fa-arrow-circle-right\" aria-hidden=\"true\"><\/i><span class=\"elementor-screen-only\">Next<\/span><\/span><\/a>\t\t\t<\/div>\n\t\t<\/div>\n\t\t\t\t\t\t<\/div>\n\t\t\t\t<\/div>\n\t\t\t\t\t<\/div>\n\t\t\t\t<\/div>\n\t\t<div class=\"elementor-element elementor-element-7c9e5e7 e-flex e-con-boxed e-con e-parent\" data-id=\"7c9e5e7\" data-element_type=\"container\" data-e-type=\"container\">\n\t\t\t\t\t<div class=\"e-con-inner\">\n\t\t<div class=\"elementor-element elementor-element-f0cd587 e-con-full e-flex e-con e-child\" data-id=\"f0cd587\" data-element_type=\"container\" data-e-type=\"container\">\n\t\t\t\t<div class=\"elementor-element elementor-element-1d09a72 elementor-widget elementor-widget-heading\" data-id=\"1d09a72\" data-element_type=\"widget\" data-e-type=\"widget\" data-widget_type=\"heading.default\">\n\t\t\t\t<div class=\"elementor-widget-container\">\n\t\t\t\t\t<h2 class=\"elementor-heading-title elementor-size-default\">Principy a hodnoty rodiny Grapos<\/h2>\t\t\t\t<\/div>\n\t\t\t\t<\/div>\n\t\t\t\t<\/div>\n\t\t\t\t\t<\/div>\n\t\t\t\t<\/div>\n\t\t<div class=\"elementor-element elementor-element-717d52d e-flex e-con-boxed e-con e-parent\" data-id=\"717d52d\" data-element_type=\"container\" data-e-type=\"container\">\n\t\t\t\t\t<div class=\"e-con-inner\">\n\t\t<div class=\"elementor-element elementor-element-f30d109 e-con-full e-flex e-con e-child\" data-id=\"f30d109\" data-element_type=\"container\" data-e-type=\"container\">\n\t\t\t\t<div class=\"elementor-element elementor-element-4e8113b elementor-widget elementor-widget-text-editor\" data-id=\"4e8113b\" data-element_type=\"widget\" data-e-type=\"widget\" data-widget_type=\"text-editor.default\">\n\t\t\t\t<div class=\"elementor-widget-container\">\n\t\t\t\t\t\t\t\t\t<p><span class=\"VIpgJd-yAWNEb-VIpgJd-fmcmS-sn54Q\"><span style=\"vertical-align: inherit;\"><span style=\"vertical-align: inherit;\">Jsme rodina GRAPOS. Jsme v\u00fdrobcem postmixov\u00fdch sirup\u016f Grapos pro nealkoholick\u00e9 n\u00e1poje a postmixov\u00fdch d\u00e1vkova\u010d\u016f. M\u00e1me v\u00fdhodu nab\u00eddnout na\u0161im klient\u016fm v\u0161e z jednoho zdroje a vytvo\u0159it celkov\u00fd koncept spole\u010dn\u011b s klientem. Co n\u00e1s \u010din\u00ed jedine\u010dn\u00fdmi, je to, \u017ee ka\u017ed\u00fd \u010dlen na\u0161eho vysoce kvalifikovan\u00e9ho t\u00fdmu m\u00e1 kompetenci v oblasti na\u0161ich produkt\u016f, prodeje, technologie a servisu.<\/span><\/span><\/span><\/p><p><span style=\"vertical-align: inherit;\"><span class=\"\" style=\"vertical-align: inherit;\">Jako servisn\u011b orientovan\u00e1 spole\u010dnost je jedn\u00edm z na\u0161ich nejvy\u0161\u0161\u00edch c\u00edl\u016f b\u00fdt na\u0161im klient\u016fm k dispozici den a noc, 365 dn\u00ed v roce, a zajistit rychl\u00e1 \u0159e\u0161en\u00ed. Na\u0161\u00edm c\u00edlem je, aby na\u0161i spokojen\u00ed klienti \u0161\u00ed\u0159ili slovo o na\u0161ich snah\u00e1ch, co\u017e vede k neust\u00e1l\u00e9mu r\u016fstu rodiny GRAPOS.<\/span><\/span><\/p><p><span style=\"vertical-align: inherit;\"><span style=\"vertical-align: inherit;\">N\u00e1\u0161 person\u00e1l je t\u00edm v\u0161estrann\u00fdch odborn\u00edk\u016f, kte\u0159\u00ed zaru\u010duj\u00ed kvalitu rodiny GRAPOS sv\u00fdmi osobn\u00edmi ctnostmi, neust\u00e1le aktualizovan\u00fdmi odborn\u00fdmi znalostmi, vynikaj\u00edc\u00ed pracovn\u00ed mor\u00e1lkou a p\u0159\u00e1telsk\u00fdm chov\u00e1n\u00edm v\u016f\u010di klient\u016fm. Abychom udr\u017eeli tento vysok\u00fd standard a pos\u00edlili na\u0161i s\u00edlu, neust\u00e1le pracujeme na rozvoji a zlep\u0161ov\u00e1n\u00ed na\u0161ich kvalifikac\u00ed.<\/span><\/span><\/p><p><span style=\"vertical-align: inherit;\"><span style=\"vertical-align: inherit;\">Speci\u00e1ln\u00ed z\u00e1sluhy na\u0161\u00ed zpr\u00e1vy jsou: jejich modelov\u00e9 anga\u017eov\u00e1n\u00ed a flexibilita p\u0159i spolupr\u00e1ci s na\u0161imi partnery a jejich soci\u00e1ln\u00ed a lidsk\u00e9 chov\u00e1n\u00ed v souvislosti s jasnou dohodou o \u00fakolech. Zaji\u0161\u0165ujeme stabilitu na\u0161\u00ed spole\u010dnosti udr\u017eov\u00e1n\u00edm spole\u010densk\u00fdch zp\u016fsob\u016f, dokonalost\u00ed osobn\u00edho \u0159\u00edzen\u00ed a strukturami v na\u0161\u00ed spole\u010dnosti.<\/span><\/span><\/p><p><span style=\"vertical-align: inherit;\"><span style=\"vertical-align: inherit;\">Sv\u00e9 dodavatele vn\u00edm\u00e1me jako spole\u010dn\u00edky, od kter\u00fdch o\u010dek\u00e1v\u00e1me inova\u010dn\u00ed s\u00edlu a kompetenci na \u0159e\u0161en\u00ed probl\u00e9m\u016f, jako\u017e i p\u0159\u00edm\u00fd a profesion\u00e1ln\u00ed p\u0159enos objedn\u00e1vek na konstantn\u00ed \u00farovni vysok\u00e9 kvality. To automaticky vede ke spravedliv\u00e9mu a trval\u00e9mu partnerstv\u00ed.<\/span><\/span><\/p><p><span style=\"vertical-align: inherit;\"><span style=\"vertical-align: inherit;\">Na\u0161i distributo\u0159i jsou pro n\u00e1s d\u016fle\u017eit\u00ed partneri. Prost\u0159ednictv\u00edm dokonal\u00e9ho t\u00fdmov\u00e9ho pr\u00e1ce, neust\u00e1l\u00e9ho v\u00fdm\u011bny know-how a vzd\u011bl\u00e1v\u00e1n\u00ed z\u00edsk\u00e1vaj\u00ed v\u011bdom\u00ed o kvalit\u011b produktu a vynikaj\u00edc\u00edm obraze zna\u010dky. Tak je zaji\u0161t\u011bn vz\u00e1jemn\u00fd prosp\u011bch.<\/span><\/span><\/p><p><span style=\"vertical-align: inherit;\"><span style=\"vertical-align: inherit;\">D\u00e1v\u00e1me d\u016fraz na ochranu p\u0159\u00edrody a na\u0161ich \u017eivotn\u00edch prost\u0159ed\u00ed, abychom p\u0159evzali zodpov\u011bdnost za budouc\u00ed generace. Proto pou\u017e\u00edv\u00e1me opakovan\u011b plniteln\u00e9 nerezov\u00e9 kontejnery a modern\u00ed technologii v na\u0161\u00edm v\u00fdrobn\u00edm provozu.<\/span><\/span><\/p><p><span style=\"vertical-align: inherit;\"><span style=\"vertical-align: inherit;\">Ka\u017edodenn\u00ed pln\u011bn\u00ed t\u011bchto spole\u010dn\u00fdch dohodnut\u00fdch princip\u016f zaji\u0161\u0165uje s\u00edlu a \u00fasp\u011bch rodiny GRAPOS.<\/span><\/span><\/p><p><span style=\"vertical-align: inherit;\"><span style=\"vertical-align: inherit;\">B\u0159ezen 1999<\/span><\/span><\/p>\t\t\t\t\t\t\t\t<\/div>\n\t\t\t\t<\/div>\n\t\t\t\t<\/div>\n\t\t\t\t\t<\/div>\n\t\t\t\t<\/div>\n\t\t\t\t<\/div>\n\t\t","protected":false},"excerpt":{"rendered":"<p>Principy a hodnoty rodiny Grapos Jsme rodina GRAPOS. Jsme v\u00fdrobcem postmixov\u00fdch sirup\u016f Grapos pro nealkoholick\u00e9 n\u00e1poje a postmixov\u00fdch d\u00e1vkova\u010d\u016f. M\u00e1me v\u00fdhodu nab\u00eddnout na\u0161im klient\u016fm v\u0161e z jednoho zdroje a vytvo\u0159it celkov\u00fd koncept spole\u010dn\u011b s klientem. Co n\u00e1s \u010din\u00ed jedine\u010dn\u00fdmi, je to, \u017ee ka\u017ed\u00fd \u010dlen na\u0161eho vysoce kvalifikovan\u00e9ho t\u00fdmu m\u00e1 kompetenci v oblasti na\u0161ich produkt\u016f, prodeje, [&hellip;]<\/p>\n","protected":false},"author":1,"featured_media":0,"parent":0,"menu_order":0,"comment_status":"closed","ping_status":"closed","template":"elementor_header_footer","meta":{"footnotes":""},"class_list":["post-745","page","type-page","status-publish","hentry","entry"],"_links":{"self":[{"href":"https:\/\/grapos-softdrinks.cz\/index.php?rest_route=\/wp\/v2\/pages\/745","targetHints":{"allow":["GET"]}}],"collection":[{"href":"https:\/\/grapos-softdrinks.cz\/index.php?rest_route=\/wp\/v2\/pages"}],"about":[{"href":"https:\/\/grapos-softdrinks.cz\/index.php?rest_route=\/wp\/v2\/types\/page"}],"author":[{"embeddable":true,"href":"https:\/\/grapos-softdrinks.cz\/index.php?rest_route=\/wp\/v2\/users\/1"}],"replies":[{"embeddable":true,"href":"https:\/\/grapos-softdrinks.cz\/index.php?rest_route=%2Fwp%2Fv2%2Fcomments&post=745"}],"version-history":[{"count":13,"href":"https:\/\/grapos-softdrinks.cz\/index.php?rest_route=\/wp\/v2\/pages\/745\/revisions"}],"predecessor-version":[{"id":1392,"href":"https:\/\/grapos-softdrinks.cz\/index.php?rest_route=\/wp\/v2\/pages\/745\/revisions\/1392"}],"wp:attachment":[{"href":"https:\/\/grapos-softdrinks.cz\/index.php?rest_route=%2Fwp%2Fv2%2Fmedia&parent=745"}],"curies":[{"name":"wp","href":"https:\/\/api.w.org\/{rel}","templated":true}]}}