{"id":743,"date":"2024-09-09T00:13:33","date_gmt":"2024-09-09T00:13:33","guid":{"rendered":"https:\/\/grapos-softdrinks.cz\/?page_id=743"},"modified":"2026-03-20T14:15:12","modified_gmt":"2026-03-20T14:15:12","slug":"grapos-pribeh","status":"publish","type":"page","link":"https:\/\/grapos-softdrinks.cz\/?page_id=743","title":{"rendered":"Grapos &#8211; Pr\u00edbeh"},"content":{"rendered":"\t\t<div data-elementor-type=\"wp-page\" data-elementor-id=\"743\" class=\"elementor elementor-743\" data-elementor-post-type=\"page\">\n\t\t\t\t<div class=\"elementor-element elementor-element-d99542f e-flex e-con-boxed e-con e-parent\" data-id=\"d99542f\" data-element_type=\"container\" data-e-type=\"container\">\n\t\t\t\t\t<div class=\"e-con-inner\">\n\t\t\t\t<div class=\"elementor-element elementor-element-a85c141 elementor-post-navigation-borders-yes elementor-widget elementor-widget-post-navigation\" data-id=\"a85c141\" data-element_type=\"widget\" data-e-type=\"widget\" data-widget_type=\"post-navigation.default\">\n\t\t\t\t<div class=\"elementor-widget-container\">\n\t\t\t\t\t\t\t<div class=\"elementor-post-navigation\">\n\t\t\t<div class=\"elementor-post-navigation__prev elementor-post-navigation__link\">\n\t\t\t\t<a href=\"https:\/\/grapos-softdrinks.cz\/?page_id=63\" rel=\"prev\"><span class=\"post-navigation__arrow-wrapper post-navigation__arrow-prev\"><i class=\"fa fa-arrow-circle-left\" aria-hidden=\"true\"><\/i><span class=\"elementor-screen-only\">Prev<\/span><\/span><span class=\"elementor-post-navigation__link__prev\"><span class=\"post-navigation__prev--label\">P\u0159edchoz\u00ed str\u00e1nka<\/span><span class=\"post-navigation__prev--title\">O n\u00e1s<\/span><\/span><\/a>\t\t\t<\/div>\n\t\t\t\t\t\t\t<div class=\"elementor-post-navigation__separator-wrapper\">\n\t\t\t\t\t<div class=\"elementor-post-navigation__separator\"><\/div>\n\t\t\t\t<\/div>\n\t\t\t\t\t\t<div class=\"elementor-post-navigation__next elementor-post-navigation__link\">\n\t\t\t\t<a href=\"https:\/\/grapos-softdrinks.cz\/?page_id=745\" rel=\"next\"><span class=\"elementor-post-navigation__link__next\"><span class=\"post-navigation__next--label\">Dal\u0161\u00ed str\u00e1nka<\/span><span class=\"post-navigation__next--title\">Princ\u00edpy a hodnoty<\/span><\/span><span class=\"post-navigation__arrow-wrapper post-navigation__arrow-next\"><i class=\"fa fa-arrow-circle-right\" aria-hidden=\"true\"><\/i><span class=\"elementor-screen-only\">Next<\/span><\/span><\/a>\t\t\t<\/div>\n\t\t<\/div>\n\t\t\t\t\t\t<\/div>\n\t\t\t\t<\/div>\n\t\t\t\t\t<\/div>\n\t\t\t\t<\/div>\n\t\t<div class=\"elementor-element elementor-element-56bcb41 e-flex e-con-boxed e-con e-parent\" data-id=\"56bcb41\" data-element_type=\"container\" data-e-type=\"container\">\n\t\t\t\t\t<div class=\"e-con-inner\">\n\t\t<div class=\"elementor-element elementor-element-b9d1283 e-con-full e-flex e-con e-child\" data-id=\"b9d1283\" data-element_type=\"container\" data-e-type=\"container\">\n\t\t\t\t<div class=\"elementor-element elementor-element-7f3b632 elementor-widget elementor-widget-heading\" data-id=\"7f3b632\" data-element_type=\"widget\" data-e-type=\"widget\" data-widget_type=\"heading.default\">\n\t\t\t\t<div class=\"elementor-widget-container\">\n\t\t\t\t\t<h2 class=\"elementor-heading-title elementor-size-default\">Mal\u00fd p\u0159\u00edb\u011bh o spole\u010dnosti Grapos<\/h2>\t\t\t\t<\/div>\n\t\t\t\t<\/div>\n\t\t\t\t<\/div>\n\t\t\t\t\t<\/div>\n\t\t\t\t<\/div>\n\t\t<div class=\"elementor-element elementor-element-ed2f156 e-flex e-con-boxed e-con e-parent\" data-id=\"ed2f156\" data-element_type=\"container\" data-e-type=\"container\">\n\t\t\t\t\t<div class=\"e-con-inner\">\n\t\t<div class=\"elementor-element elementor-element-49cc330 e-con-full e-flex e-con e-child\" data-id=\"49cc330\" data-element_type=\"container\" data-e-type=\"container\">\n\t\t\t\t<div class=\"elementor-element elementor-element-dc9e68f elementor-widget elementor-widget-text-editor\" data-id=\"dc9e68f\" data-element_type=\"widget\" data-e-type=\"widget\" data-widget_type=\"text-editor.default\">\n\t\t\t\t<div class=\"elementor-widget-container\">\n\t\t\t\t\t\t\t\t\t<p><strong><span>Historie<\/span><\/strong><br \/><span>V roce 1964 za\u010dali rodi\u010de sou\u010dasn\u00e9ho \u0159editele Wolfganga Z mugga, Friedrich a Theresia Zmugg, s v\u00fdrobou postmixov\u00e9ho sirupu na dvo\u0159e jejich mal\u00e9 samoobsluhy ve \u0160t\u00fdrsk\u00e9m Hradci. Wolfgang Zmugg p\u0159evzal podnik od sv\u00fdch rodi\u010d\u016f v roce 1982 jako jednor\u00e1zov\u00fd provoz se 183 z\u00e1kazn\u00edky. Brzy pot\u00e9 za\u010dalo hled\u00e1n\u00ed vhodn\u00e9ho a smyslupln\u00e9ho n\u00e1zvu, co\u017e vedlo k vytvo\u0159en\u00ed prvn\u00ed zna\u010dky postmixov\u00e9ho sirupu \u201eGRAPOS\u201c \u2013 zkratka pro \u201eGrazer Postmix-Sirup\u201c.<\/span><\/p><p><span>V roce 1982 byla v\u00fdroba postmixov\u00e9ho sirupu p\u0159esunuta na Triesterstra\u00dfe ve \u0160t\u00fdrsk\u00e9m Hradci. Vzhledem k obrovsk\u00e9 popt\u00e1vce se v roce 1998 stala pot\u0159ebnou roz\u0161\u00ed\u0159en\u00ed z\u00e1vodu. Od roku 1999 se zn\u00e1m\u00fd sirup GRAPOS Postmix vyr\u00e1b\u00ed v nejmodern\u011bj\u0161\u00edm podniku v oblasti v\u00fdroby postmixov\u00e9ho sirupu v Lannachu, pobl\u00ed\u017e Grazu, v souladu s evropsk\u00fdmi hygienick\u00fdmi normami (HACCP).<\/span><\/p><p><strong><span>Siln\u00e9 str\u00e1nky<\/span><\/strong><br \/><span>Z\u00e1kazn\u00edci GRAPOS oce\u0148uj\u00ed bezkonkuren\u010dn\u00ed servis a osobn\u00ed z\u00e1kaznick\u00fd servis. 365 dn\u00ed v roce jsou na\u0161i vy\u0161kolen\u00ed a oddan\u00ed zam\u011bstnanci p\u0159ipraveni a rychle a efektivn\u011b reaguj\u00ed na jak\u00e9koli po\u017eadavky a speci\u00e1ln\u00ed p\u0159\u00e1n\u00ed na\u0161ich z\u00e1kazn\u00edk\u016f. Kombinov\u00e1n\u00edm kvality produkt\u016f a nejvy\u0161\u0161\u00edch hygienick\u00fdch standard\u016f byla vytvo\u0159ena zna\u010dka, kter\u00e1 p\u0159esv\u011bd\u010duje na\u0161e z\u00e1kazn\u00edky ji\u017e l\u00e9ta. V roce 1999 odborn\u00e1 komise p\u0159ezkoumala regulaci vnit\u0159n\u00edch postup\u016f, jako\u017e i dodr\u017eov\u00e1n\u00ed evropsk\u00fdch hygienick\u00fdch standard\u016f a certifikovala je podle ISO 9001 a HACCP.<\/span><\/p>\t\t\t\t\t\t\t\t<\/div>\n\t\t\t\t<\/div>\n\t\t\t\t<\/div>\n\t\t<div class=\"elementor-element elementor-element-b2acaa4 e-con-full e-flex e-con e-child\" data-id=\"b2acaa4\" data-element_type=\"container\" data-e-type=\"container\">\n\t\t\t\t<div class=\"elementor-element elementor-element-f78bf97 elementor-widget elementor-widget-image\" data-id=\"f78bf97\" data-element_type=\"widget\" data-e-type=\"widget\" data-widget_type=\"image.default\">\n\t\t\t\t<div class=\"elementor-widget-container\">\n\t\t\t\t\t\t\t\t\t\t\t\t\t\t\t<img fetchpriority=\"high\" decoding=\"async\" width=\"480\" height=\"506\" src=\"https:\/\/grapos-softdrinks.cz\/wp-content\/uploads\/2026\/03\/Pic_Grapos_WZ_0039_rgb.webp\" class=\"attachment-large size-large wp-image-16320\" alt=\"\" srcset=\"https:\/\/grapos-softdrinks.cz\/wp-content\/uploads\/2026\/03\/Pic_Grapos_WZ_0039_rgb.webp 480w, https:\/\/grapos-softdrinks.cz\/wp-content\/uploads\/2026\/03\/Pic_Grapos_WZ_0039_rgb-285x300.webp 285w\" sizes=\"(max-width: 480px) 100vw, 480px\" \/>\t\t\t\t\t\t\t\t\t\t\t\t\t\t\t<\/div>\n\t\t\t\t<\/div>\n\t\t\t\t<\/div>\n\t\t\t\t\t<\/div>\n\t\t\t\t<\/div>\n\t\t<div class=\"elementor-element elementor-element-d85de56 e-flex e-con-boxed e-con e-parent\" data-id=\"d85de56\" data-element_type=\"container\" data-e-type=\"container\">\n\t\t\t\t\t<div class=\"e-con-inner\">\n\t\t<div class=\"elementor-element elementor-element-ed4e85c e-con-full e-flex e-con e-child\" data-id=\"ed4e85c\" data-element_type=\"container\" data-e-type=\"container\">\n\t\t\t\t<div class=\"elementor-element elementor-element-4afbfcf elementor-widget elementor-widget-text-editor\" data-id=\"4afbfcf\" data-element_type=\"widget\" data-e-type=\"widget\" data-widget_type=\"text-editor.default\">\n\t\t\t\t<div class=\"elementor-widget-container\">\n\t\t\t\t\t\t\t\t\t<p><strong><span>Produkty<\/span><\/strong><br \/><span>V sou\u010dasn\u00e9 dob\u011b p\u016fsobiv\u00e1 produktov\u00e1 rozmanitost zahrnuje 27 r\u016fzn\u00fdch p\u0159\u00edchut\u00ed a je nep\u0159ekonateln\u00e1 v evropsk\u00e9m sektoru postmixu. Krom\u011b klasick\u00fdch osv\u011b\u017euj\u00edc\u00edch n\u00e1poj\u016f a r\u016fzn\u00fdch typ\u016f koly vyr\u00e1b\u00edme tak\u00e9 speci\u00e1ly jako zelen\u00fd \u010daj z f\u00edku kaktusov\u00e9 nebo exotick\u00e9 p\u0159\u00edchut\u011b jako ananas, mango-marakuja nebo grep-frukt. Energetick\u00e9 n\u00e1poje a izotonick\u00e9 n\u00e1poje, jako\u017e i speci\u00e1ln\u00ed sn\u00edda\u0148ov\u00e9 n\u00e1poje (s p\u0159idan\u00fdmi vitam\u00edny) jsou sou\u010d\u00e1st\u00ed na\u0161\u00ed \u0161irok\u00e9 nab\u00eddky produkt\u016f. R\u00e1di vyhov\u00edme i speci\u00e1ln\u00edm po\u017eadavk\u016fm z\u00e1kazn\u00edk\u016f \u2013 chu\u0165ov\u00e9 variace nemaj\u00ed \u017e\u00e1dn\u00e1 omezen\u00ed.<\/span><\/p><p><strong><span>Inovativn\u00ed technologie<\/span><\/strong><br \/><span>Od poloviny 90. let se GRAPOS zab\u00fdv\u00e1 v\u00fdvojem, v\u00fdrobou a instalac\u00ed d\u00e1vkovac\u00edch syst\u00e9m\u016f pro pohostinstv\u00ed. Zna\u010dka GRAPOS SCHANKOMAT je mezin\u00e1rodn\u00edm benchmarkem pro d\u00e1vkovac\u00ed syst\u00e9my. Manu\u00e1ln\u00ed i po\u010d\u00edta\u010dov\u011b \u0159\u00edzen\u00e9 syst\u00e9my enormn\u011b zjednodu\u0161uj\u00ed provoz v pohostinstv\u00ed a nahrazuj\u00ed konven\u010dn\u00ed bar s lahvemi. Dokonal\u00e1 logistika a velk\u00e9 know-how jsou pot\u0159ebn\u00e9 k tomu, aby se nap\u0159\u00edklad slou\u010dilo a\u017e 25 d\u00e1vkovac\u00edch jednotek do jednoho kompletn\u00edho syst\u00e9mu, \u010d\u00edm\u017e se zajist\u00ed dokonal\u00fd provoz. Dnes se t\u00e9m\u011b\u0159 ka\u017ed\u00fd velk\u00fd projekt realizuje s technologi\u00ed GRAPOS\/SCHANKOMAT.<\/span><\/p><p><strong><span>Vize<\/span><\/strong><br \/><span>Grapos je synonymem kvality, osv\u011b\u017een\u00ed, z\u00e1kaznick\u00e9ho servisu, dobr\u00e9 hodnoty za pen\u00edze, \u0161kolen\u00fdch a na z\u00e1kazn\u00edka orientovan\u00fdch zam\u011bstnanc\u016f, jako\u017e i profesionality v d\u00e1vkovac\u00ed technologii.<\/span><br \/><span>C\u00edli GRAPOS jsou jednak trval\u00e9 roz\u0161i\u0159ov\u00e1n\u00ed dod\u00e1vek, jednak z\u00edsk\u00e1v\u00e1n\u00ed budouc\u00edch pod\u00edl\u016f na trhu v Evrop\u011b.<\/span><\/p>\t\t\t\t\t\t\t\t<\/div>\n\t\t\t\t<\/div>\n\t\t\t\t<\/div>\n\t\t\t\t\t<\/div>\n\t\t\t\t<\/div>\n\t\t<div class=\"elementor-element elementor-element-620b3d4 e-flex e-con-boxed e-con e-parent\" data-id=\"620b3d4\" data-element_type=\"container\" data-e-type=\"container\">\n\t\t\t\t\t<div class=\"e-con-inner\">\n\t\t<div class=\"elementor-element elementor-element-998c4c6 e-con-full e-flex e-con e-child\" data-id=\"998c4c6\" data-element_type=\"container\" data-e-type=\"container\">\n\t\t\t\t<div class=\"elementor-element elementor-element-1f98cdc elementor-widget elementor-widget-text-editor\" data-id=\"1f98cdc\" data-element_type=\"widget\" data-e-type=\"widget\" data-widget_type=\"text-editor.default\">\n\t\t\t\t<div class=\"elementor-widget-container\">\n\t\t\t\t\t\t\t\t\t<p><span>V listopadu 2019 byl rakousk\u00fd st\u00e1tn\u00ed znak ud\u011blen spole\u010dnosti Grapos.<\/span><\/p><p><span><span class=\"VIpgJd-yAWNEb-VIpgJd-fmcmS-sn54Q\">Toto ocen\u011bn\u00ed se ud\u011bluje za v\u00fdjime\u010dn\u00e9 \u00fasp\u011bchy v rakousk\u00e9 ekonomice.<\/span><\/span><br \/><span><span class=\"VIpgJd-yAWNEb-VIpgJd-fmcmS-sn54Q\">Kl\u00ed\u010dov\u00fdmi krit\u00e9riemi jsou inovace a udr\u017eitelnost.<\/span><\/span><\/p>\t\t\t\t\t\t\t\t<\/div>\n\t\t\t\t<\/div>\n\t\t\t\t<\/div>\n\t\t<div class=\"elementor-element elementor-element-b504fe6 e-con-full e-flex e-con e-child\" data-id=\"b504fe6\" data-element_type=\"container\" data-e-type=\"container\">\n\t\t\t\t<div class=\"elementor-element elementor-element-638af79 elementor-widget elementor-widget-image\" data-id=\"638af79\" data-element_type=\"widget\" data-e-type=\"widget\" data-widget_type=\"image.default\">\n\t\t\t\t<div class=\"elementor-widget-container\">\n\t\t\t\t\t\t\t\t\t\t\t\t\t\t\t<img decoding=\"async\" width=\"150\" height=\"150\" src=\"https:\/\/grapos-softdrinks.cz\/wp-content\/uploads\/2026\/03\/AUSZEICHNUNG_UNTERNEHMEN-768x868-1-150x150-1.webp\" class=\"attachment-thumbnail size-thumbnail wp-image-16321\" alt=\"\" \/>\t\t\t\t\t\t\t\t\t\t\t\t\t\t\t<\/div>\n\t\t\t\t<\/div>\n\t\t\t\t<\/div>\n\t\t\t\t\t<\/div>\n\t\t\t\t<\/div>\n\t\t\t\t<\/div>\n\t\t","protected":false},"excerpt":{"rendered":"<p>Mal\u00fd p\u0159\u00edb\u011bh o spole\u010dnosti Grapos HistorieV roce 1964 za\u010dali rodi\u010de sou\u010dasn\u00e9ho \u0159editele Wolfganga Z mugga, Friedrich a Theresia Zmugg, s v\u00fdrobou postmixov\u00e9ho sirupu na dvo\u0159e jejich mal\u00e9 samoobsluhy ve \u0160t\u00fdrsk\u00e9m Hradci. Wolfgang Zmugg p\u0159evzal podnik od sv\u00fdch rodi\u010d\u016f v roce 1982 jako jednor\u00e1zov\u00fd provoz se 183 z\u00e1kazn\u00edky. Brzy pot\u00e9 za\u010dalo hled\u00e1n\u00ed vhodn\u00e9ho a smyslupln\u00e9ho n\u00e1zvu, [&hellip;]<\/p>\n","protected":false},"author":1,"featured_media":0,"parent":0,"menu_order":0,"comment_status":"closed","ping_status":"closed","template":"elementor_header_footer","meta":{"footnotes":""},"class_list":["post-743","page","type-page","status-publish","hentry","entry"],"_links":{"self":[{"href":"https:\/\/grapos-softdrinks.cz\/index.php?rest_route=\/wp\/v2\/pages\/743","targetHints":{"allow":["GET"]}}],"collection":[{"href":"https:\/\/grapos-softdrinks.cz\/index.php?rest_route=\/wp\/v2\/pages"}],"about":[{"href":"https:\/\/grapos-softdrinks.cz\/index.php?rest_route=\/wp\/v2\/types\/page"}],"author":[{"embeddable":true,"href":"https:\/\/grapos-softdrinks.cz\/index.php?rest_route=\/wp\/v2\/users\/1"}],"replies":[{"embeddable":true,"href":"https:\/\/grapos-softdrinks.cz\/index.php?rest_route=%2Fwp%2Fv2%2Fcomments&post=743"}],"version-history":[{"count":22,"href":"https:\/\/grapos-softdrinks.cz\/index.php?rest_route=\/wp\/v2\/pages\/743\/revisions"}],"predecessor-version":[{"id":16324,"href":"https:\/\/grapos-softdrinks.cz\/index.php?rest_route=\/wp\/v2\/pages\/743\/revisions\/16324"}],"wp:attachment":[{"href":"https:\/\/grapos-softdrinks.cz\/index.php?rest_route=%2Fwp%2Fv2%2Fmedia&parent=743"}],"curies":[{"name":"wp","href":"https:\/\/api.w.org\/{rel}","templated":true}]}}