{"id":63,"date":"2024-09-08T19:22:58","date_gmt":"2024-09-08T19:22:58","guid":{"rendered":"https:\/\/grapos-softdrinks.cz\/?page_id=63"},"modified":"2026-03-20T14:13:43","modified_gmt":"2026-03-20T14:13:43","slug":"o-nas","status":"publish","type":"page","link":"https:\/\/grapos-softdrinks.cz\/?page_id=63","title":{"rendered":"O n\u00e1s"},"content":{"rendered":"\t\t<div data-elementor-type=\"wp-page\" data-elementor-id=\"63\" class=\"elementor elementor-63\" data-elementor-post-type=\"page\">\n\t\t\t\t<div class=\"elementor-element elementor-element-e176cb1 e-flex e-con-boxed e-con e-parent\" data-id=\"e176cb1\" data-element_type=\"container\" data-e-type=\"container\">\n\t\t\t\t\t<div class=\"e-con-inner\">\n\t\t\t\t<div class=\"elementor-element elementor-element-3eb08b8 elementor-post-navigation-borders-yes elementor-widget elementor-widget-post-navigation\" data-id=\"3eb08b8\" data-element_type=\"widget\" data-e-type=\"widget\" data-widget_type=\"post-navigation.default\">\n\t\t\t\t<div class=\"elementor-widget-container\">\n\t\t\t\t\t\t\t<div class=\"elementor-post-navigation\">\n\t\t\t<div class=\"elementor-post-navigation__prev elementor-post-navigation__link\">\n\t\t\t\t<a href=\"https:\/\/grapos-softdrinks.cz\/\" rel=\"prev\"><span class=\"post-navigation__arrow-wrapper post-navigation__arrow-prev\"><i class=\"fa fa-arrow-circle-left\" aria-hidden=\"true\"><\/i><span class=\"elementor-screen-only\">Prev<\/span><\/span><span class=\"elementor-post-navigation__link__prev\"><span class=\"post-navigation__prev--label\">P\u0159edchoz\u00ed str\u00e1nka<\/span><span class=\"post-navigation__prev--title\">\u00davod<\/span><\/span><\/a>\t\t\t<\/div>\n\t\t\t\t\t\t\t<div class=\"elementor-post-navigation__separator-wrapper\">\n\t\t\t\t\t<div class=\"elementor-post-navigation__separator\"><\/div>\n\t\t\t\t<\/div>\n\t\t\t\t\t\t<div class=\"elementor-post-navigation__next elementor-post-navigation__link\">\n\t\t\t\t<a href=\"https:\/\/grapos-softdrinks.cz\/?page_id=743\" rel=\"next\"><span class=\"elementor-post-navigation__link__next\"><span class=\"post-navigation__next--label\">Dal\u0161\u00ed str\u00e1nka<\/span><span class=\"post-navigation__next--title\">Grapos &#8211; Pr\u00edbeh<\/span><\/span><span class=\"post-navigation__arrow-wrapper post-navigation__arrow-next\"><i class=\"fa fa-arrow-circle-right\" aria-hidden=\"true\"><\/i><span class=\"elementor-screen-only\">Next<\/span><\/span><\/a>\t\t\t<\/div>\n\t\t<\/div>\n\t\t\t\t\t\t<\/div>\n\t\t\t\t<\/div>\n\t\t\t\t\t<\/div>\n\t\t\t\t<\/div>\n\t\t<div class=\"elementor-element elementor-element-8a31ae1 e-flex e-con-boxed e-con e-parent\" data-id=\"8a31ae1\" data-element_type=\"container\" data-e-type=\"container\">\n\t\t\t\t\t<div class=\"e-con-inner\">\n\t\t<div class=\"elementor-element elementor-element-167f681 e-con-full e-flex e-con e-child\" data-id=\"167f681\" data-element_type=\"container\" data-e-type=\"container\">\n\t\t\t\t<div class=\"elementor-element elementor-element-e79a64f elementor-widget elementor-widget-heading\" data-id=\"e79a64f\" data-element_type=\"widget\" data-e-type=\"widget\" data-widget_type=\"heading.default\">\n\t\t\t\t<div class=\"elementor-widget-container\">\n\t\t\t\t\t<h2 class=\"elementor-heading-title elementor-size-default\">Nejvy\u0161\u0161\u00ed kvalita je na\u0161\u00edm standardem<\/h2>\t\t\t\t<\/div>\n\t\t\t\t<\/div>\n\t\t\t\t<\/div>\n\t\t\t\t\t<\/div>\n\t\t\t\t<\/div>\n\t\t<div class=\"elementor-element elementor-element-8b4f485 e-flex e-con-boxed e-con e-parent\" data-id=\"8b4f485\" data-element_type=\"container\" data-e-type=\"container\">\n\t\t\t\t\t<div class=\"e-con-inner\">\n\t\t<div class=\"elementor-element elementor-element-9a2d28a e-con-full e-flex e-con e-child\" data-id=\"9a2d28a\" data-element_type=\"container\" data-e-type=\"container\">\n\t\t\t\t<div class=\"elementor-element elementor-element-bb8d64c elementor-widget elementor-widget-text-editor\" data-id=\"bb8d64c\" data-element_type=\"widget\" data-e-type=\"widget\" data-widget_type=\"text-editor.default\">\n\t\t\t\t<div class=\"elementor-widget-container\">\n\t\t\t\t\t\t\t\t\t<p>Na\u0161e spole\u010dnost existuje ji\u017e po generace jako renomovan\u00fd v\u00fdrobce n\u00e1poj\u016f. Od sam\u00e9ho za\u010d\u00e1tku jsme se zam\u011b\u0159ovali na v\u00fdrobu postmixov\u00fdch n\u00e1poj\u016f a inovace odpov\u00eddaj\u00edc\u00ed technologie. Proto se hrd\u00edme t\u00edm, \u017ee se m\u016f\u017eeme naz\u00fdvat \u201epr\u016fkopn\u00edky postmixu v Evrop\u011b\u201c.<\/p><p>Jedno pravidlo v\u0161ak z\u016fstalo b\u011bhem let zm\u011bn a neust\u00e1l\u00e9ho r\u016fstu: Nejvy\u0161\u0161\u00ed kvalita je na\u0161\u00edm standardem.<\/p><p><strong>Grapos Technic<\/strong><br \/>N\u00e1\u0161 osv\u011bd\u010den\u00fd a \u00fasp\u011b\u0161n\u00fd koncept je harmonickou symfoni\u00ed v\u0161ech komponent\u016f, od z\u00e1kladn\u00edch materi\u00e1l\u016f a\u017e po hotov\u00fd n\u00e1poj pod\u00e1van\u00fd ve sklenici. Vysok\u00e1 kvalita surovin, jejich dokonal\u00e9 zpracov\u00e1n\u00ed, pokr\u00fdvaj\u00edc\u00ed prodejn\u00ed s\u00ed\u0165 a na budoucnost zam\u011b\u0159en\u00e1 barov\u00e1 technologie zaru\u010duj\u00ed nejvy\u0161\u0161\u00ed kvalitu z jednoho zdroje.<\/p><p>Z\u00e1vazek k kvalit\u011b znamen\u00e1 v\u00fdjime\u010dn\u00e9 \u00fasil\u00ed ka\u017ed\u00e9ho \u010dlena t\u00fdmu v\u016f\u010di n\u00e1m a na\u0161im partner\u016fm. Tento proces je dob\u0159e zdokumentov\u00e1n certifik\u00e1tem ISO 9001 a neust\u00e1le se zlep\u0161uje.<\/p><p>Dodr\u017eov\u00e1n\u00ed nejvy\u0161\u0161\u00edch hygienick\u00fdch standard\u016f je pro v\u00fdrobu na\u0161ich kvalitn\u00edch produkt\u016f mimo\u0159\u00e1dn\u011b d\u016fle\u017eit\u00e9. HACCP \u2013 syst\u00e9m sebeovl\u00e1d\u00e1n\u00ed v souladu s WHO \u2013 byl p\u016fvodn\u011b vyvinut pro NASA a dnes se pou\u017e\u00edv\u00e1 jako nejsofistikovan\u011bj\u0161\u00ed hygienick\u00e1 certifikace pro rizikov\u011b bezpe\u010dnou v\u00fdrobu potravin.<\/p><p>Jako nejmodern\u011bj\u0161\u00ed v\u00fdrobce sirup\u016f v sou\u010dasn\u00e9 Evrop\u011b pova\u017eujeme za samoz\u0159ejm\u00e9 pod\u0159\u00eddit n\u00e1\u0161 syst\u00e9m \u0159\u00edzen\u00ed jakosti a hygieny t\u011bmto n\u00e1ro\u010dn\u00fdm a p\u0159\u00edsn\u00fdm certifikac\u00edm.<\/p>\t\t\t\t\t\t\t\t<\/div>\n\t\t\t\t<\/div>\n\t\t\t\t<\/div>\n\t\t<div class=\"elementor-element elementor-element-32522c4 e-con-full e-flex e-con e-child\" data-id=\"32522c4\" data-element_type=\"container\" data-e-type=\"container\">\n\t\t\t\t<div class=\"elementor-element elementor-element-a260d80 elementor-widget elementor-widget-gallery\" data-id=\"a260d80\" data-element_type=\"widget\" data-e-type=\"widget\" data-settings=\"{&quot;columns&quot;:1,&quot;lazyload&quot;:&quot;yes&quot;,&quot;gallery_layout&quot;:&quot;grid&quot;,&quot;columns_tablet&quot;:2,&quot;columns_mobile&quot;:1,&quot;gap&quot;:{&quot;unit&quot;:&quot;px&quot;,&quot;size&quot;:10,&quot;sizes&quot;:[]},&quot;gap_tablet&quot;:{&quot;unit&quot;:&quot;px&quot;,&quot;size&quot;:10,&quot;sizes&quot;:[]},&quot;gap_mobile&quot;:{&quot;unit&quot;:&quot;px&quot;,&quot;size&quot;:10,&quot;sizes&quot;:[]},&quot;link_to&quot;:&quot;file&quot;,&quot;aspect_ratio&quot;:&quot;3:2&quot;,&quot;overlay_background&quot;:&quot;yes&quot;,&quot;content_hover_animation&quot;:&quot;fade-in&quot;}\" data-widget_type=\"gallery.default\">\n\t\t\t\t<div class=\"elementor-widget-container\">\n\t\t\t\t\t\t\t<div class=\"elementor-gallery__container\">\n\t\t\t\t\t\t\t<a class=\"e-gallery-item elementor-gallery-item elementor-animated-content\" href=\"https:\/\/grapos-softdrinks.cz\/wp-content\/uploads\/2026\/03\/Grapos_Technik02.webp\" data-elementor-open-lightbox=\"yes\" data-elementor-lightbox-slideshow=\"a260d80\" data-elementor-lightbox-title=\"Grapos_Technik02\" data-e-action-hash=\"#elementor-action%3Aaction%3Dlightbox%26settings%3DeyJpZCI6MTYzMTEsInVybCI6Imh0dHBzOlwvXC9ncmFwb3Mtc29mdGRyaW5rcy5jelwvd3AtY29udGVudFwvdXBsb2Fkc1wvMjAyNlwvMDNcL0dyYXBvc19UZWNobmlrMDIud2VicCIsInNsaWRlc2hvdyI6ImEyNjBkODAifQ%3D%3D\">\n\t\t\t\t\t<div class=\"e-gallery-image elementor-gallery-item__image\" data-thumbnail=\"https:\/\/grapos-softdrinks.cz\/wp-content\/uploads\/2026\/03\/Grapos_Technik02.webp\" data-width=\"1024\" data-height=\"768\" aria-label=\"\" role=\"img\" ><\/div>\n\t\t\t\t\t\t\t\t\t\t\t<div class=\"elementor-gallery-item__overlay\"><\/div>\n\t\t\t\t\t\t\t\t\t\t\t\t\t\t<\/a>\n\t\t\t\t\t\t\t<a class=\"e-gallery-item elementor-gallery-item elementor-animated-content\" href=\"https:\/\/grapos-softdrinks.cz\/wp-content\/uploads\/2026\/03\/Grapos_Technik01.webp\" data-elementor-open-lightbox=\"yes\" data-elementor-lightbox-slideshow=\"a260d80\" data-elementor-lightbox-title=\"Grapos_Technik01\" data-e-action-hash=\"#elementor-action%3Aaction%3Dlightbox%26settings%3DeyJpZCI6MTYzMTIsInVybCI6Imh0dHBzOlwvXC9ncmFwb3Mtc29mdGRyaW5rcy5jelwvd3AtY29udGVudFwvdXBsb2Fkc1wvMjAyNlwvMDNcL0dyYXBvc19UZWNobmlrMDEud2VicCIsInNsaWRlc2hvdyI6ImEyNjBkODAifQ%3D%3D\">\n\t\t\t\t\t<div class=\"e-gallery-image elementor-gallery-item__image\" data-thumbnail=\"https:\/\/grapos-softdrinks.cz\/wp-content\/uploads\/2026\/03\/Grapos_Technik01.webp\" data-width=\"1024\" data-height=\"768\" aria-label=\"\" role=\"img\" ><\/div>\n\t\t\t\t\t\t\t\t\t\t\t<div class=\"elementor-gallery-item__overlay\"><\/div>\n\t\t\t\t\t\t\t\t\t\t\t\t\t\t<\/a>\n\t\t\t\t\t<\/div>\n\t\t\t\t\t<\/div>\n\t\t\t\t<\/div>\n\t\t\t\t<\/div>\n\t\t\t\t\t<\/div>\n\t\t\t\t<\/div>\n\t\t<div class=\"elementor-element elementor-element-1a06d1c e-flex e-con-boxed e-con e-parent\" data-id=\"1a06d1c\" data-element_type=\"container\" data-e-type=\"container\">\n\t\t\t\t\t<div class=\"e-con-inner\">\n\t\t<div class=\"elementor-element elementor-element-73740e8 e-con-full e-flex e-con e-child\" data-id=\"73740e8\" data-element_type=\"container\" data-e-type=\"container\">\n\t\t\t\t<div class=\"elementor-element elementor-element-be7cd77 elementor-widget elementor-widget-image\" data-id=\"be7cd77\" data-element_type=\"widget\" data-e-type=\"widget\" data-widget_type=\"image.default\">\n\t\t\t\t<div class=\"elementor-widget-container\">\n\t\t\t\t\t\t\t\t\t\t\t\t\t\t\t\t<a href=\"https:\/\/grapos-softdrinks.cz\/index.php\/grapos-pribeh\/\">\n\t\t\t\t\t\t\t<img fetchpriority=\"high\" decoding=\"async\" width=\"285\" height=\"300\" src=\"https:\/\/grapos-softdrinks.cz\/wp-content\/uploads\/2026\/03\/Pic_Grapos_WZ_0039_rgb-285x300-1.webp\" class=\"elementor-animation-pulse attachment-medium size-medium wp-image-16313\" alt=\"\" \/>\t\t\t\t\t\t\t\t<\/a>\n\t\t\t\t\t\t\t\t\t\t\t\t\t\t\t<\/div>\n\t\t\t\t<\/div>\n\t\t\t\t<div class=\"elementor-element elementor-element-e740c65 elementor-widget elementor-widget-heading\" data-id=\"e740c65\" data-element_type=\"widget\" data-e-type=\"widget\" data-widget_type=\"heading.default\">\n\t\t\t\t<div class=\"elementor-widget-container\">\n\t\t\t\t\t<h2 class=\"elementor-heading-title elementor-size-default\"><a href=\"https:\/\/grapos-softdrinks.cz\/index.php\/grapos-pribeh\/\">Grapos - P\u0159\u00edb\u011bh<\/a><\/h2>\t\t\t\t<\/div>\n\t\t\t\t<\/div>\n\t\t\t\t<\/div>\n\t\t<div class=\"elementor-element elementor-element-64a4147 e-con-full e-flex e-con e-child\" data-id=\"64a4147\" data-element_type=\"container\" data-e-type=\"container\">\n\t\t\t\t<div class=\"elementor-element elementor-element-c4a1b08 elementor-widget elementor-widget-image\" data-id=\"c4a1b08\" data-element_type=\"widget\" data-e-type=\"widget\" data-widget_type=\"image.default\">\n\t\t\t\t<div class=\"elementor-widget-container\">\n\t\t\t\t\t\t\t\t\t\t\t\t\t\t\t\t<a href=\"https:\/\/grapos-softdrinks.cz\/index.php\/principy-a-hodnoty\/\">\n\t\t\t\t\t\t\t<img decoding=\"async\" width=\"265\" height=\"300\" src=\"https:\/\/grapos-softdrinks.cz\/wp-content\/uploads\/2026\/03\/AUSZEICHNUNG_UNTERNEHMEN-768x868-1-265x300-1.webp\" class=\"elementor-animation-pulse attachment-medium size-medium wp-image-16314\" alt=\"\" \/>\t\t\t\t\t\t\t\t<\/a>\n\t\t\t\t\t\t\t\t\t\t\t\t\t\t\t<\/div>\n\t\t\t\t<\/div>\n\t\t\t\t<div class=\"elementor-element elementor-element-5f15b9f elementor-widget elementor-widget-heading\" data-id=\"5f15b9f\" data-element_type=\"widget\" data-e-type=\"widget\" data-widget_type=\"heading.default\">\n\t\t\t\t<div class=\"elementor-widget-container\">\n\t\t\t\t\t<h2 class=\"elementor-heading-title elementor-size-default\"><a href=\"https:\/\/grapos-softdrinks.cz\/index.php\/principy-a-hodnoty\/\">Principy a hodnoty<\/a><\/h2>\t\t\t\t<\/div>\n\t\t\t\t<\/div>\n\t\t\t\t<\/div>\n\t\t<div class=\"elementor-element elementor-element-ba741fe e-con-full e-flex e-con e-child\" data-id=\"ba741fe\" data-element_type=\"container\" data-e-type=\"container\">\n\t\t\t\t<div class=\"elementor-element elementor-element-d8d9904 elementor-widget elementor-widget-image\" data-id=\"d8d9904\" data-element_type=\"widget\" data-e-type=\"widget\" data-widget_type=\"image.default\">\n\t\t\t\t<div class=\"elementor-widget-container\">\n\t\t\t\t\t\t\t\t\t\t\t\t\t\t\t\t<a href=\"https:\/\/grapos-softdrinks.cz\/index.php\/nase-certifikaty\/\">\n\t\t\t\t\t\t\t<img decoding=\"async\" width=\"213\" height=\"300\" src=\"https:\/\/grapos-softdrinks.cz\/wp-content\/uploads\/2026\/03\/BioZertifikatProduktion2023-2025_25-04-2023_AT-213x300-1.webp\" class=\"elementor-animation-pulse attachment-medium size-medium wp-image-16315\" alt=\"\" \/>\t\t\t\t\t\t\t\t<\/a>\n\t\t\t\t\t\t\t\t\t\t\t\t\t\t\t<\/div>\n\t\t\t\t<\/div>\n\t\t\t\t<div class=\"elementor-element elementor-element-3ddbcab elementor-widget elementor-widget-heading\" data-id=\"3ddbcab\" data-element_type=\"widget\" data-e-type=\"widget\" data-widget_type=\"heading.default\">\n\t\t\t\t<div class=\"elementor-widget-container\">\n\t\t\t\t\t<h2 class=\"elementor-heading-title elementor-size-default\"><a href=\"https:\/\/grapos-softdrinks.cz\/index.php\/nase-certifikaty\/\">Na\u0161e certifik\u00e1ty<\/a><\/h2>\t\t\t\t<\/div>\n\t\t\t\t<\/div>\n\t\t\t\t<\/div>\n\t\t<div class=\"elementor-element elementor-element-3a6cef2 e-con-full e-flex e-con e-child\" data-id=\"3a6cef2\" data-element_type=\"container\" data-e-type=\"container\">\n\t\t\t\t<div class=\"elementor-element elementor-element-7b16699 elementor-widget elementor-widget-image\" data-id=\"7b16699\" data-element_type=\"widget\" data-e-type=\"widget\" data-widget_type=\"image.default\">\n\t\t\t\t<div class=\"elementor-widget-container\">\n\t\t\t\t\t\t\t\t\t\t\t\t\t\t\t\t<a href=\"https:\/\/grapos-softdrinks.cz\/index.php\/nase-certifikaty\/\">\n\t\t\t\t\t\t\t<img loading=\"lazy\" decoding=\"async\" width=\"231\" height=\"300\" src=\"https:\/\/grapos-softdrinks.cz\/wp-content\/uploads\/2026\/03\/footprint-1-1-231x300-1.webp\" class=\"elementor-animation-pulse attachment-medium size-medium wp-image-16316\" alt=\"\" \/>\t\t\t\t\t\t\t\t<\/a>\n\t\t\t\t\t\t\t\t\t\t\t\t\t\t\t<\/div>\n\t\t\t\t<\/div>\n\t\t\t\t<div class=\"elementor-element elementor-element-06305a8 elementor-widget elementor-widget-heading\" data-id=\"06305a8\" data-element_type=\"widget\" data-e-type=\"widget\" data-widget_type=\"heading.default\">\n\t\t\t\t<div class=\"elementor-widget-container\">\n\t\t\t\t\t<h2 class=\"elementor-heading-title elementor-size-default\"><a href=\"https:\/\/grapos-softdrinks.cz\/index.php\/co2-stopa\/\">CO2 stopa<\/a><\/h2>\t\t\t\t<\/div>\n\t\t\t\t<\/div>\n\t\t\t\t<\/div>\n\t\t\t\t\t<\/div>\n\t\t\t\t<\/div>\n\t\t\t\t<\/div>\n\t\t","protected":false},"excerpt":{"rendered":"<p>Nejvy\u0161\u0161\u00ed kvalita je na\u0161\u00edm standardem Na\u0161e spole\u010dnost existuje ji\u017e po generace jako renomovan\u00fd v\u00fdrobce n\u00e1poj\u016f. Od sam\u00e9ho za\u010d\u00e1tku jsme se zam\u011b\u0159ovali na v\u00fdrobu postmixov\u00fdch n\u00e1poj\u016f a inovace odpov\u00eddaj\u00edc\u00ed technologie. Proto se hrd\u00edme t\u00edm, \u017ee se m\u016f\u017eeme naz\u00fdvat \u201epr\u016fkopn\u00edky postmixu v Evrop\u011b\u201c. Jedno pravidlo v\u0161ak z\u016fstalo b\u011bhem let zm\u011bn a neust\u00e1l\u00e9ho r\u016fstu: Nejvy\u0161\u0161\u00ed kvalita je na\u0161\u00edm [&hellip;]<\/p>\n","protected":false},"author":1,"featured_media":0,"parent":0,"menu_order":0,"comment_status":"closed","ping_status":"open","template":"elementor_header_footer","meta":{"footnotes":""},"class_list":["post-63","page","type-page","status-publish","hentry","entry"],"_links":{"self":[{"href":"https:\/\/grapos-softdrinks.cz\/index.php?rest_route=\/wp\/v2\/pages\/63","targetHints":{"allow":["GET"]}}],"collection":[{"href":"https:\/\/grapos-softdrinks.cz\/index.php?rest_route=\/wp\/v2\/pages"}],"about":[{"href":"https:\/\/grapos-softdrinks.cz\/index.php?rest_route=\/wp\/v2\/types\/page"}],"author":[{"embeddable":true,"href":"https:\/\/grapos-softdrinks.cz\/index.php?rest_route=\/wp\/v2\/users\/1"}],"replies":[{"embeddable":true,"href":"https:\/\/grapos-softdrinks.cz\/index.php?rest_route=%2Fwp%2Fv2%2Fcomments&post=63"}],"version-history":[{"count":34,"href":"https:\/\/grapos-softdrinks.cz\/index.php?rest_route=\/wp\/v2\/pages\/63\/revisions"}],"predecessor-version":[{"id":16319,"href":"https:\/\/grapos-softdrinks.cz\/index.php?rest_route=\/wp\/v2\/pages\/63\/revisions\/16319"}],"wp:attachment":[{"href":"https:\/\/grapos-softdrinks.cz\/index.php?rest_route=%2Fwp%2Fv2%2Fmedia&parent=63"}],"curies":[{"name":"wp","href":"https:\/\/api.w.org\/{rel}","templated":true}]}}