{"id":549,"date":"2024-09-23T22:51:42","date_gmt":"2024-09-23T22:51:42","guid":{"rendered":"https:\/\/grapos-softdrinks.cz\/?page_id=549"},"modified":"2026-03-22T18:28:13","modified_gmt":"2026-03-22T18:28:13","slug":"vydajne-zariadenia","status":"publish","type":"page","link":"https:\/\/grapos-softdrinks.cz\/?page_id=549","title":{"rendered":"V\u00fddajn\u00e9 zariadenia"},"content":{"rendered":"\t\t<div data-elementor-type=\"wp-page\" data-elementor-id=\"549\" class=\"elementor elementor-549\" data-elementor-post-type=\"page\">\n\t\t\t\t<div class=\"elementor-element elementor-element-0d5f147 e-flex e-con-boxed e-con e-parent\" data-id=\"0d5f147\" data-element_type=\"container\" data-e-type=\"container\">\n\t\t\t\t\t<div class=\"e-con-inner\">\n\t\t\t\t<div class=\"elementor-element elementor-element-ee091e6 elementor-post-navigation-borders-yes elementor-widget elementor-widget-post-navigation\" data-id=\"ee091e6\" data-element_type=\"widget\" data-e-type=\"widget\" data-widget_type=\"post-navigation.default\">\n\t\t\t\t<div class=\"elementor-widget-container\">\n\t\t\t\t\t\t\t<div class=\"elementor-post-navigation\">\n\t\t\t<div class=\"elementor-post-navigation__prev elementor-post-navigation__link\">\n\t\t\t\t<a href=\"https:\/\/grapos-softdrinks.cz\/?page_id=547\" rel=\"prev\"><span class=\"post-navigation__arrow-wrapper post-navigation__arrow-prev\"><i class=\"fa fa-arrow-circle-left\" aria-hidden=\"true\"><\/i><span class=\"elementor-screen-only\">Prev<\/span><\/span><span class=\"elementor-post-navigation__link__prev\"><span class=\"post-navigation__prev--label\">P\u0159edchoz\u00ed str\u00e1nka<\/span><span class=\"post-navigation__prev--title\">Profesion\u00e1lne n\u00e1pojov\u00e9 syst\u00e9my<\/span><\/span><\/a>\t\t\t<\/div>\n\t\t\t\t\t\t\t<div class=\"elementor-post-navigation__separator-wrapper\">\n\t\t\t\t\t<div class=\"elementor-post-navigation__separator\"><\/div>\n\t\t\t\t<\/div>\n\t\t\t\t\t\t<div class=\"elementor-post-navigation__next elementor-post-navigation__link\">\n\t\t\t\t<a href=\"https:\/\/grapos-softdrinks.cz\/?page_id=530\" rel=\"next\"><span class=\"elementor-post-navigation__link__next\"><span class=\"post-navigation__next--label\">Dal\u0161\u00ed str\u00e1nka<\/span><span class=\"post-navigation__next--title\">Po\u010d\u00edta\u010dov\u00e9 d\u00e1vkovacie syst\u00e9my<\/span><\/span><span class=\"post-navigation__arrow-wrapper post-navigation__arrow-next\"><i class=\"fa fa-arrow-circle-right\" aria-hidden=\"true\"><\/i><span class=\"elementor-screen-only\">Next<\/span><\/span><\/a>\t\t\t<\/div>\n\t\t<\/div>\n\t\t\t\t\t\t<\/div>\n\t\t\t\t<\/div>\n\t\t\t\t\t<\/div>\n\t\t\t\t<\/div>\n\t\t<div class=\"elementor-element elementor-element-4e203ca e-flex e-con-boxed e-con e-parent\" data-id=\"4e203ca\" data-element_type=\"container\" data-e-type=\"container\">\n\t\t\t\t\t<div class=\"e-con-inner\">\n\t\t<div class=\"elementor-element elementor-element-59a5cc4 e-con-full e-flex e-con e-child\" data-id=\"59a5cc4\" data-element_type=\"container\" data-e-type=\"container\">\n\t\t\t\t<div class=\"elementor-element elementor-element-c8e049b elementor-widget elementor-widget-heading\" data-id=\"c8e049b\" data-element_type=\"widget\" data-e-type=\"widget\" data-widget_type=\"heading.default\">\n\t\t\t\t<div class=\"elementor-widget-container\">\n\t\t\t\t\t<h2 class=\"elementor-heading-title elementor-size-default\">Technologie d\u00e1vkov\u00e1n\u00ed je kulturou Graposu<\/h2>\t\t\t\t<\/div>\n\t\t\t\t<\/div>\n\t\t\t\t<div class=\"elementor-element elementor-element-6387afe elementor-widget elementor-widget-text-editor\" data-id=\"6387afe\" data-element_type=\"widget\" data-e-type=\"widget\" data-widget_type=\"text-editor.default\">\n\t\t\t\t<div class=\"elementor-widget-container\">\n\t\t\t\t\t\t\t\t\t<p>V\u00fddejn\u00ed za\u0159\u00edzen\u00ed Schankomat nab\u00edz\u00ed \u0159adu mo\u017en\u00fdch \u0159e\u0161en\u00ed pro mnoh\u00e9 po\u017eadavky gastronomick\u00e9ho pr\u016fmyslu. Mal\u00e9 hospodsk\u00e9 podniky s vysok\u00fdm v\u00fdkonem maj\u00ed jin\u00e9 po\u017eadavky ne\u017e prostorn\u00e1 samoobslu\u017en\u00e1 za\u0159\u00edzen\u00ed. Grapos m\u00e1 \u0159e\u0161en\u00ed pro v\u0161echny po\u017eadavky.<\/p>\t\t\t\t\t\t\t\t<\/div>\n\t\t\t\t<\/div>\n\t\t\t\t<\/div>\n\t\t\t\t\t<\/div>\n\t\t\t\t<\/div>\n\t\t<div class=\"elementor-element elementor-element-5735592 e-flex e-con-boxed e-con e-parent\" data-id=\"5735592\" data-element_type=\"container\" data-e-type=\"container\">\n\t\t\t\t\t<div class=\"e-con-inner\">\n\t\t<div class=\"elementor-element elementor-element-fa21ce1 e-con-full e-flex e-con e-child\" data-id=\"fa21ce1\" data-element_type=\"container\" data-e-type=\"container\">\n\t\t\t\t<div class=\"elementor-element elementor-element-b34ca23 elementor-widget elementor-widget-heading\" data-id=\"b34ca23\" data-element_type=\"widget\" data-e-type=\"widget\" data-widget_type=\"heading.default\">\n\t\t\t\t<div class=\"elementor-widget-container\">\n\t\t\t\t\t<h2 class=\"elementor-heading-title elementor-size-default\">D\u00e1vkovac\u00ed za\u0159\u00edzen\u00ed s\u00e9rie GT<\/h2>\t\t\t\t<\/div>\n\t\t\t\t<\/div>\n\t\t\t\t<div class=\"elementor-element elementor-element-21f956d elementor-widget elementor-widget-text-editor\" data-id=\"21f956d\" data-element_type=\"widget\" data-e-type=\"widget\" data-widget_type=\"text-editor.default\">\n\t\t\t\t<div class=\"elementor-widget-container\">\n\t\t\t\t\t\t\t\t\t<ul><li>Schankomat GT 6<\/li><li>Schankomat GT 8<\/li><li>Schankomat GT 10<\/li><li>Schankomat GT 12<\/li><\/ul>\t\t\t\t\t\t\t\t<\/div>\n\t\t\t\t<\/div>\n\t\t\t\t<div class=\"elementor-element elementor-element-2977457 elementor-widget elementor-widget-text-editor\" data-id=\"2977457\" data-element_type=\"widget\" data-e-type=\"widget\" data-widget_type=\"text-editor.default\">\n\t\t\t\t<div class=\"elementor-widget-container\">\n\t\t\t\t\t\t\t\t\t<p>Grapos hlava \u201eT\u201c spojuje technologii a design. Krom\u011b jedine\u010dn\u00e9ho tvaru zaujme d\u00e1vkovac\u00ed za\u0159\u00edzen\u00ed optim\u00e1ln\u00ed kvalitou produktu pro pr\u00e9miov\u00e9 postmixov\u00e9 n\u00e1poje Grapos. D\u00e1vkova\u010de se ovl\u00e1daj\u00ed pomoc\u00ed d\u00e1vkovac\u00edch p\u00e1k pro n\u00e1pojov\u00e9 syst\u00e9my. Hlava \u201eSchankomat GT\u201c je dostupn\u00e1 ve verz\u00edch se 6, 8, 10 a 12 svody.<\/p>\t\t\t\t\t\t\t\t<\/div>\n\t\t\t\t<\/div>\n\t\t\t\t<\/div>\n\t\t<div class=\"elementor-element elementor-element-82e0631 e-con-full e-flex e-con e-child\" data-id=\"82e0631\" data-element_type=\"container\" data-e-type=\"container\">\n\t\t\t\t<div class=\"elementor-element elementor-element-4e2311c elementor-widget elementor-widget-image\" data-id=\"4e2311c\" data-element_type=\"widget\" data-e-type=\"widget\" data-widget_type=\"image.default\">\n\t\t\t\t<div class=\"elementor-widget-container\">\n\t\t\t\t\t\t\t\t\t\t\t\t\t\t\t<img fetchpriority=\"high\" decoding=\"async\" width=\"228\" height=\"300\" src=\"https:\/\/grapos-softdrinks.cz\/wp-content\/uploads\/2026\/03\/Schankomat-GT-kombi2014-228x300-1.webp\" class=\"attachment-medium size-medium wp-image-16532\" alt=\"\" \/>\t\t\t\t\t\t\t\t\t\t\t\t\t\t\t<\/div>\n\t\t\t\t<\/div>\n\t\t\t\t<\/div>\n\t\t\t\t\t<\/div>\n\t\t\t\t<\/div>\n\t\t<div class=\"elementor-element elementor-element-b51c892 e-flex e-con-boxed e-con e-parent\" data-id=\"b51c892\" data-element_type=\"container\" data-e-type=\"container\">\n\t\t\t\t\t<div class=\"e-con-inner\">\n\t\t<div class=\"elementor-element elementor-element-3db1dfc e-con-full e-flex e-con e-child\" data-id=\"3db1dfc\" data-element_type=\"container\" data-e-type=\"container\">\n\t\t\t\t<div class=\"elementor-element elementor-element-24e0755 elementor-widget elementor-widget-heading\" data-id=\"24e0755\" data-element_type=\"widget\" data-e-type=\"widget\" data-widget_type=\"heading.default\">\n\t\t\t\t<div class=\"elementor-widget-container\">\n\t\t\t\t\t<h2 class=\"elementor-heading-title elementor-size-default\">V\u00fddejn\u00ed za\u0159\u00edzen\u00ed s\u00e9rie GH<\/h2>\t\t\t\t<\/div>\n\t\t\t\t<\/div>\n\t\t\t\t<div class=\"elementor-element elementor-element-205c727 elementor-widget elementor-widget-text-editor\" data-id=\"205c727\" data-element_type=\"widget\" data-e-type=\"widget\" data-widget_type=\"text-editor.default\">\n\t\t\t\t<div class=\"elementor-widget-container\">\n\t\t\t\t\t\t\t\t\t<ul><li>Schankomat GH 6<\/li><li>Schankomat GH 8<\/li><li>Schankomat GH 10<\/li><li>Schankomat GH 12<\/li><\/ul>\t\t\t\t\t\t\t\t<\/div>\n\t\t\t\t<\/div>\n\t\t\t\t<div class=\"elementor-element elementor-element-df08a7b elementor-widget elementor-widget-text-editor\" data-id=\"df08a7b\" data-element_type=\"widget\" data-e-type=\"widget\" data-widget_type=\"text-editor.default\">\n\t\t\t\t<div class=\"elementor-widget-container\">\n\t\t\t\t\t\t\t\t\t<p>Grapos hlava \u201eH\u201c je klasick\u00fd model pro serv\u00edrov\u00e1n\u00ed p\u0159i sklenici. D\u00e1 se variabiln\u011b kombinovat s premixov\u00fdmi d\u00e1vkovac\u00edmi hlavami nap\u0159\u00edklad na pivo nebo v\u00edno. D\u00e1vkova\u010de se ovl\u00e1daj\u00ed pomoc\u00ed d\u00e1vkovac\u00edch p\u00e1k pro n\u00e1pojov\u00e9 syst\u00e9my. Standardn\u011b dostupn\u00e9 v 6, 8, 10 a 12 \u0159ad\u00e1ch. Produkty na m\u00edru na p\u0159\u00e1n\u00ed.<\/p>\t\t\t\t\t\t\t\t<\/div>\n\t\t\t\t<\/div>\n\t\t\t\t<\/div>\n\t\t<div class=\"elementor-element elementor-element-f2799e1 e-con-full e-flex e-con e-child\" data-id=\"f2799e1\" data-element_type=\"container\" data-e-type=\"container\">\n\t\t\t\t<div class=\"elementor-element elementor-element-3bb3002 elementor-widget elementor-widget-image\" data-id=\"3bb3002\" data-element_type=\"widget\" data-e-type=\"widget\" data-widget_type=\"image.default\">\n\t\t\t\t<div class=\"elementor-widget-container\">\n\t\t\t\t\t\t\t\t\t\t\t\t\t\t\t<img decoding=\"async\" width=\"300\" height=\"225\" src=\"https:\/\/grapos-softdrinks.cz\/wp-content\/uploads\/2026\/03\/Schankomat_GH6-300x225-2.webp\" class=\"attachment-medium size-medium wp-image-16533\" alt=\"\" \/>\t\t\t\t\t\t\t\t\t\t\t\t\t\t\t<\/div>\n\t\t\t\t<\/div>\n\t\t\t\t<\/div>\n\t\t\t\t\t<\/div>\n\t\t\t\t<\/div>\n\t\t<div class=\"elementor-element elementor-element-3de9bf1 e-flex e-con-boxed e-con e-parent\" data-id=\"3de9bf1\" data-element_type=\"container\" data-e-type=\"container\">\n\t\t\t\t\t<div class=\"e-con-inner\">\n\t\t<div class=\"elementor-element elementor-element-075dd96 e-con-full e-flex e-con e-child\" data-id=\"075dd96\" data-element_type=\"container\" data-e-type=\"container\">\n\t\t\t\t<div class=\"elementor-element elementor-element-58b1d2c elementor-widget elementor-widget-heading\" data-id=\"58b1d2c\" data-element_type=\"widget\" data-e-type=\"widget\" data-widget_type=\"heading.default\">\n\t\t\t\t<div class=\"elementor-widget-container\">\n\t\t\t\t\t<h2 class=\"elementor-heading-title elementor-size-default\">D\u00e1vkovac\u00ed za\u0159\u00edzen\u00ed s\u00e9rie GP<\/h2>\t\t\t\t<\/div>\n\t\t\t\t<\/div>\n\t\t\t\t<div class=\"elementor-element elementor-element-8b536da elementor-widget elementor-widget-text-editor\" data-id=\"8b536da\" data-element_type=\"widget\" data-e-type=\"widget\" data-widget_type=\"text-editor.default\">\n\t\t\t\t<div class=\"elementor-widget-container\">\n\t\t\t\t\t\t\t\t\t<ul><li>Schankomat GP 6<\/li><li>Schankomat GP 8<\/li><li>Schankomat GP 10<\/li><li>Schankomat GP 12<\/li><\/ul>\t\t\t\t\t\t\t\t<\/div>\n\t\t\t\t<\/div>\n\t\t\t\t<div class=\"elementor-element elementor-element-8f91b4b elementor-widget elementor-widget-text-editor\" data-id=\"8f91b4b\" data-element_type=\"widget\" data-e-type=\"widget\" data-widget_type=\"text-editor.default\">\n\t\t\t\t<div class=\"elementor-widget-container\">\n\t\t\t\t\t\t\t\t\t<p>Grapos hlava \u201eP\u201c jako roz\u0161\u00ed\u0159en\u00ed s\u00e9rie \u201eH\u201c je vybavena porcovac\u00edmi moduly. Na jeden postmixov\u00fd d\u00e1vkova\u010d jsou k dispozici 3 porce, jako\u017e i tla\u010d\u00edtko nep\u0159etr\u017eit\u00e9ho chodu a zastaven\u00ed. Standardn\u011b dostupn\u00e9 v 6, 8, 10 a 12 \u0159ad\u00e1ch. Produkty na m\u00edru na p\u0159\u00e1n\u00ed.<\/p>\t\t\t\t\t\t\t\t<\/div>\n\t\t\t\t<\/div>\n\t\t\t\t<\/div>\n\t\t<div class=\"elementor-element elementor-element-743752e e-con-full e-flex e-con e-child\" data-id=\"743752e\" data-element_type=\"container\" data-e-type=\"container\">\n\t\t\t\t<div class=\"elementor-element elementor-element-2dccffa elementor-widget elementor-widget-image\" data-id=\"2dccffa\" data-element_type=\"widget\" data-e-type=\"widget\" data-widget_type=\"image.default\">\n\t\t\t\t<div class=\"elementor-widget-container\">\n\t\t\t\t\t\t\t\t\t\t\t\t\t\t\t<img decoding=\"async\" width=\"300\" height=\"225\" src=\"https:\/\/grapos-softdrinks.cz\/wp-content\/uploads\/2026\/03\/Schankomat_GP8-300x225-1.webp\" class=\"attachment-medium size-medium wp-image-16534\" alt=\"\" \/>\t\t\t\t\t\t\t\t\t\t\t\t\t\t\t<\/div>\n\t\t\t\t<\/div>\n\t\t\t\t<\/div>\n\t\t\t\t\t<\/div>\n\t\t\t\t<\/div>\n\t\t<div class=\"elementor-element elementor-element-5b24457 e-flex e-con-boxed e-con e-parent\" data-id=\"5b24457\" data-element_type=\"container\" data-e-type=\"container\">\n\t\t\t\t\t<div class=\"e-con-inner\">\n\t\t<div class=\"elementor-element elementor-element-ca199eb e-con-full e-flex e-con e-child\" data-id=\"ca199eb\" data-element_type=\"container\" data-e-type=\"container\">\n\t\t\t\t<div class=\"elementor-element elementor-element-9391e20 elementor-widget elementor-widget-heading\" data-id=\"9391e20\" data-element_type=\"widget\" data-e-type=\"widget\" data-widget_type=\"heading.default\">\n\t\t\t\t<div class=\"elementor-widget-container\">\n\t\t\t\t\t<h2 class=\"elementor-heading-title elementor-size-default\">Postmixov\u00e9 pistole<\/h2>\t\t\t\t<\/div>\n\t\t\t\t<\/div>\n\t\t\t\t<div class=\"elementor-element elementor-element-a8cf47e elementor-widget elementor-widget-text-editor\" data-id=\"a8cf47e\" data-element_type=\"widget\" data-e-type=\"widget\" data-widget_type=\"text-editor.default\">\n\t\t\t\t<div class=\"elementor-widget-container\">\n\t\t\t\t\t\t\t\t\t<ul><li>6 n\u00e1poj\u016f<\/li><li>8 n\u00e1poj\u016f<\/li><\/ul>\t\t\t\t\t\t\t\t<\/div>\n\t\t\t\t<\/div>\n\t\t\t\t<div class=\"elementor-element elementor-element-49276ee elementor-widget elementor-widget-text-editor\" data-id=\"49276ee\" data-element_type=\"widget\" data-e-type=\"widget\" data-widget_type=\"text-editor.default\">\n\t\t\t\t<div class=\"elementor-widget-container\">\n\t\t\t\t\t\t\t\t\t<p>Postmixov\u00e1 pistole s dr\u017e\u00e1kem na pult nab\u00edz\u00ed mo\u017enost 6 nebo 8 postmixov\u00fdch limon\u00e1d, ale tak\u00e9 sodu a neperlivou vodu.<\/p>\t\t\t\t\t\t\t\t<\/div>\n\t\t\t\t<\/div>\n\t\t\t\t<\/div>\n\t\t<div class=\"elementor-element elementor-element-66ed8d0 e-con-full e-flex e-con e-child\" data-id=\"66ed8d0\" data-element_type=\"container\" data-e-type=\"container\">\n\t\t\t\t<div class=\"elementor-element elementor-element-d00def9 elementor-widget elementor-widget-image\" data-id=\"d00def9\" data-element_type=\"widget\" data-e-type=\"widget\" data-widget_type=\"image.default\">\n\t\t\t\t<div class=\"elementor-widget-container\">\n\t\t\t\t\t\t\t\t\t\t\t\t\t\t\t<img loading=\"lazy\" decoding=\"async\" width=\"300\" height=\"225\" src=\"https:\/\/grapos-softdrinks.cz\/wp-content\/uploads\/2026\/03\/Schankomat_Pistole-300x225-1.webp\" class=\"attachment-medium size-medium wp-image-16535\" alt=\"\" \/>\t\t\t\t\t\t\t\t\t\t\t\t\t\t\t<\/div>\n\t\t\t\t<\/div>\n\t\t\t\t<\/div>\n\t\t\t\t\t<\/div>\n\t\t\t\t<\/div>\n\t\t<div class=\"elementor-element elementor-element-99de27a e-flex e-con-boxed e-con e-parent\" data-id=\"99de27a\" data-element_type=\"container\" data-e-type=\"container\">\n\t\t\t\t\t<div class=\"e-con-inner\">\n\t\t<div class=\"elementor-element elementor-element-65e628c e-con-full e-flex e-con e-child\" data-id=\"65e628c\" data-element_type=\"container\" data-e-type=\"container\">\n\t\t\t\t<div class=\"elementor-element elementor-element-cbbf0c6 elementor-widget elementor-widget-heading\" data-id=\"cbbf0c6\" data-element_type=\"widget\" data-e-type=\"widget\" data-widget_type=\"heading.default\">\n\t\t\t\t<div class=\"elementor-widget-container\">\n\t\t\t\t\t<h2 class=\"elementor-heading-title elementor-size-default\">Karboniz\u00e1tory<\/h2>\t\t\t\t<\/div>\n\t\t\t\t<\/div>\n\t\t\t\t<div class=\"elementor-element elementor-element-417f51d elementor-widget elementor-widget-text-editor\" data-id=\"417f51d\" data-element_type=\"widget\" data-e-type=\"widget\" data-widget_type=\"text-editor.default\">\n\t\t\t\t<div class=\"elementor-widget-container\">\n\t\t\t\t\t\t\t\t\t<ul><li>Schankomat C1<\/li><li>Schankomat C3<\/li><\/ul>\t\t\t\t\t\t\t\t<\/div>\n\t\t\t\t<\/div>\n\t\t\t\t<div class=\"elementor-element elementor-element-65aaddd elementor-widget elementor-widget-text-editor\" data-id=\"65aaddd\" data-element_type=\"widget\" data-e-type=\"widget\" data-widget_type=\"text-editor.default\">\n\t\t\t\t<div class=\"elementor-widget-container\">\n\t\t\t\t\t\t\t\t\t<p>S\u00e9rie karboniz\u00e1tor\u016f Grapos nab\u00edz\u00ed to spr\u00e1vn\u00e9 za\u0159\u00edzen\u00ed pro ka\u017ed\u00fd typ provozu.<br \/>A\u0165 u\u017e se jedn\u00e1 o st\u0159edn\u00ed odb\u011brov\u00fd v\u00fdkon nebo n\u00e1razov\u00fd provoz, a\u0165 u\u017e integrovan\u00e9 chlazen\u00ed nebo p\u0159ipojen\u00ed pro centr\u00e1ln\u00ed chlazen\u00ed, karboniz\u00e1tory Grapos zaru\u010duj\u00ed vysok\u00fd v\u00fdkon a dokonalou sodovou vodu.<\/p>\t\t\t\t\t\t\t\t<\/div>\n\t\t\t\t<\/div>\n\t\t\t\t<\/div>\n\t\t<div class=\"elementor-element elementor-element-18277e7 e-con-full e-flex e-con e-child\" data-id=\"18277e7\" data-element_type=\"container\" data-e-type=\"container\">\n\t\t\t\t<div class=\"elementor-element elementor-element-5d820e4 elementor-widget elementor-widget-image\" data-id=\"5d820e4\" data-element_type=\"widget\" data-e-type=\"widget\" data-widget_type=\"image.default\">\n\t\t\t\t<div class=\"elementor-widget-container\">\n\t\t\t\t\t\t\t\t\t\t\t\t\t\t\t<img loading=\"lazy\" decoding=\"async\" width=\"300\" height=\"225\" src=\"https:\/\/grapos-softdrinks.cz\/wp-content\/uploads\/2026\/03\/Schankomat_Karbonator-300x225-1.webp\" class=\"attachment-medium size-medium wp-image-16536\" alt=\"\" \/>\t\t\t\t\t\t\t\t\t\t\t\t\t\t\t<\/div>\n\t\t\t\t<\/div>\n\t\t\t\t<\/div>\n\t\t\t\t\t<\/div>\n\t\t\t\t<\/div>\n\t\t\t\t<\/div>\n\t\t","protected":false},"excerpt":{"rendered":"<p>Technologie d\u00e1vkov\u00e1n\u00ed je kulturou Graposu V\u00fddejn\u00ed za\u0159\u00edzen\u00ed Schankomat nab\u00edz\u00ed \u0159adu mo\u017en\u00fdch \u0159e\u0161en\u00ed pro mnoh\u00e9 po\u017eadavky gastronomick\u00e9ho pr\u016fmyslu. Mal\u00e9 hospodsk\u00e9 podniky s vysok\u00fdm v\u00fdkonem maj\u00ed jin\u00e9 po\u017eadavky ne\u017e prostorn\u00e1 samoobslu\u017en\u00e1 za\u0159\u00edzen\u00ed. Grapos m\u00e1 \u0159e\u0161en\u00ed pro v\u0161echny po\u017eadavky. D\u00e1vkovac\u00ed za\u0159\u00edzen\u00ed s\u00e9rie GT Schankomat GT 6 Schankomat GT 8 Schankomat GT 10 Schankomat GT 12 Grapos hlava \u201eT\u201c [&hellip;]<\/p>\n","protected":false},"author":1,"featured_media":0,"parent":0,"menu_order":0,"comment_status":"closed","ping_status":"closed","template":"elementor_header_footer","meta":{"footnotes":""},"class_list":["post-549","page","type-page","status-publish","hentry","entry"],"_links":{"self":[{"href":"https:\/\/grapos-softdrinks.cz\/index.php?rest_route=\/wp\/v2\/pages\/549","targetHints":{"allow":["GET"]}}],"collection":[{"href":"https:\/\/grapos-softdrinks.cz\/index.php?rest_route=\/wp\/v2\/pages"}],"about":[{"href":"https:\/\/grapos-softdrinks.cz\/index.php?rest_route=\/wp\/v2\/types\/page"}],"author":[{"embeddable":true,"href":"https:\/\/grapos-softdrinks.cz\/index.php?rest_route=\/wp\/v2\/users\/1"}],"replies":[{"embeddable":true,"href":"https:\/\/grapos-softdrinks.cz\/index.php?rest_route=%2Fwp%2Fv2%2Fcomments&post=549"}],"version-history":[{"count":31,"href":"https:\/\/grapos-softdrinks.cz\/index.php?rest_route=\/wp\/v2\/pages\/549\/revisions"}],"predecessor-version":[{"id":16539,"href":"https:\/\/grapos-softdrinks.cz\/index.php?rest_route=\/wp\/v2\/pages\/549\/revisions\/16539"}],"wp:attachment":[{"href":"https:\/\/grapos-softdrinks.cz\/index.php?rest_route=%2Fwp%2Fv2%2Fmedia&parent=549"}],"curies":[{"name":"wp","href":"https:\/\/api.w.org\/{rel}","templated":true}]}}