{"id":547,"date":"2024-09-22T22:51:29","date_gmt":"2024-09-22T22:51:29","guid":{"rendered":"https:\/\/grapos-softdrinks.cz\/?page_id=547"},"modified":"2026-03-22T18:25:08","modified_gmt":"2026-03-22T18:25:08","slug":"volnopredajne-spotrebice","status":"publish","type":"page","link":"https:\/\/grapos-softdrinks.cz\/?page_id=547","title":{"rendered":"Profesion\u00e1lne n\u00e1pojov\u00e9 syst\u00e9my"},"content":{"rendered":"\t\t<div data-elementor-type=\"wp-page\" data-elementor-id=\"547\" class=\"elementor elementor-547\" data-elementor-post-type=\"page\">\n\t\t\t\t<div class=\"elementor-element elementor-element-512db43 e-flex e-con-boxed e-con e-parent\" data-id=\"512db43\" data-element_type=\"container\" data-e-type=\"container\">\n\t\t\t\t\t<div class=\"e-con-inner\">\n\t\t\t\t<div class=\"elementor-element elementor-element-7912e34 elementor-post-navigation-borders-yes elementor-widget elementor-widget-post-navigation\" data-id=\"7912e34\" data-element_type=\"widget\" data-e-type=\"widget\" data-widget_type=\"post-navigation.default\">\n\t\t\t\t<div class=\"elementor-widget-container\">\n\t\t\t\t\t\t\t<div class=\"elementor-post-navigation\">\n\t\t\t<div class=\"elementor-post-navigation__prev elementor-post-navigation__link\">\n\t\t\t\t<a href=\"https:\/\/grapos-softdrinks.cz\/?page_id=528\" rel=\"prev\"><span class=\"post-navigation__arrow-wrapper post-navigation__arrow-prev\"><i class=\"fa fa-arrow-circle-left\" aria-hidden=\"true\"><\/i><span class=\"elementor-screen-only\">Prev<\/span><\/span><span class=\"elementor-post-navigation__link__prev\"><span class=\"post-navigation__prev--label\">P\u0159edchoz\u00ed str\u00e1nka<\/span><span class=\"post-navigation__prev--title\">\u0160tandardn\u00e1 technol\u00f3gia d\u00e1vkovania<\/span><\/span><\/a>\t\t\t<\/div>\n\t\t\t\t\t\t\t<div class=\"elementor-post-navigation__separator-wrapper\">\n\t\t\t\t\t<div class=\"elementor-post-navigation__separator\"><\/div>\n\t\t\t\t<\/div>\n\t\t\t\t\t\t<div class=\"elementor-post-navigation__next elementor-post-navigation__link\">\n\t\t\t\t<a href=\"https:\/\/grapos-softdrinks.cz\/?page_id=549\" rel=\"next\"><span class=\"elementor-post-navigation__link__next\"><span class=\"post-navigation__next--label\">Dal\u0161\u00ed str\u00e1nka<\/span><span class=\"post-navigation__next--title\">V\u00fddajn\u00e9 zariadenia<\/span><\/span><span class=\"post-navigation__arrow-wrapper post-navigation__arrow-next\"><i class=\"fa fa-arrow-circle-right\" aria-hidden=\"true\"><\/i><span class=\"elementor-screen-only\">Next<\/span><\/span><\/a>\t\t\t<\/div>\n\t\t<\/div>\n\t\t\t\t\t\t<\/div>\n\t\t\t\t<\/div>\n\t\t\t\t\t<\/div>\n\t\t\t\t<\/div>\n\t\t<div class=\"elementor-element elementor-element-54c7476 e-flex e-con-boxed e-con e-parent\" data-id=\"54c7476\" data-element_type=\"container\" data-e-type=\"container\">\n\t\t\t\t\t<div class=\"e-con-inner\">\n\t\t<div class=\"elementor-element elementor-element-401f284 e-con-full e-flex e-con e-child\" data-id=\"401f284\" data-element_type=\"container\" data-e-type=\"container\">\n\t\t\t\t<div class=\"elementor-element elementor-element-7b6928d elementor-widget elementor-widget-heading\" data-id=\"7b6928d\" data-element_type=\"widget\" data-e-type=\"widget\" data-widget_type=\"heading.default\">\n\t\t\t\t<div class=\"elementor-widget-container\">\n\t\t\t\t\t<h2 class=\"elementor-heading-title elementor-size-default\">\u0160pi\u010dkov\u00e1 pultov\u00e1 za\u0159\u00edzen\u00ed Schankomat: V\u00edce ne\u017e jen d\u00e1vkova\u010de<\/h2>\t\t\t\t<\/div>\n\t\t\t\t<\/div>\n\t\t\t\t<div class=\"elementor-element elementor-element-56950ed elementor-widget elementor-widget-text-editor\" data-id=\"56950ed\" data-element_type=\"widget\" data-e-type=\"widget\" data-widget_type=\"text-editor.default\">\n\t\t\t\t<div class=\"elementor-widget-container\">\n\t\t\t\t\t\t\t\t\t<p>Se \u0161pi\u010dkov\u00fdm pultov\u00fdm za\u0159\u00edzen\u00edm Schankomat v designu Grapos m\u00e1te nejen v\u00fddejn\u00ed za\u0159\u00edzen\u00ed, ale tak\u00e9 malou v\u00fdrobnu limon\u00e1d. V\u00fdroba sody, chlazen\u00ed a d\u00e1vkova\u010d v jednom.<\/p>\t\t\t\t\t\t\t\t<\/div>\n\t\t\t\t<\/div>\n\t\t\t\t<\/div>\n\t\t\t\t\t<\/div>\n\t\t\t\t<\/div>\n\t\t<div class=\"elementor-element elementor-element-600a349 e-flex e-con-boxed e-con e-parent\" data-id=\"600a349\" data-element_type=\"container\" data-e-type=\"container\">\n\t\t\t\t\t<div class=\"e-con-inner\">\n\t\t<div class=\"elementor-element elementor-element-cebeb5f e-con-full e-flex e-con e-child\" data-id=\"cebeb5f\" data-element_type=\"container\" data-e-type=\"container\">\n\t\t\t\t<div class=\"elementor-element elementor-element-7b98ba1 elementor-widget elementor-widget-heading\" data-id=\"7b98ba1\" data-element_type=\"widget\" data-e-type=\"widget\" data-widget_type=\"heading.default\">\n\t\t\t\t<div class=\"elementor-widget-container\">\n\t\t\t\t\t<h2 class=\"elementor-heading-title elementor-size-default\">Schankomat X6T-Twist<\/h2>\t\t\t\t<\/div>\n\t\t\t\t<\/div>\n\t\t\t\t<div class=\"elementor-element elementor-element-c1e17fd elementor-widget elementor-widget-text-editor\" data-id=\"c1e17fd\" data-element_type=\"widget\" data-e-type=\"widget\" data-widget_type=\"text-editor.default\">\n\t\t\t\t<div class=\"elementor-widget-container\">\n\t\t\t\t\t\t\t\t\t<ul><li>Retro design<\/li><li>6 postmixov\u00fdch d\u00e1vkova\u010d\u016f<\/li><li>Such\u00e9 chlazen\u00ed<\/li><li>P\u0159ipraven k okam\u017eit\u00e9mu pou\u017eit\u00ed<\/li><li>4 sycen\u00e9 n\u00e1poje, voda\/soda a 1 nesycen\u00fd n\u00e1poj<\/li><\/ul>\t\t\t\t\t\t\t\t<\/div>\n\t\t\t\t<\/div>\n\t\t\t\t<div class=\"elementor-element elementor-element-69d3bbb elementor-widget elementor-widget-text-editor\" data-id=\"69d3bbb\" data-element_type=\"widget\" data-e-type=\"widget\" data-widget_type=\"text-editor.default\">\n\t\t\t\t<div class=\"elementor-widget-container\">\n\t\t\t\t\t\t\t\t\t<p>Kompaktn\u00ed v retro designu, toto voln\u011b prodejn\u00e9 za\u0159\u00edzen\u00ed nab\u00edz\u00ed \u0161est post-mixovan\u00fdch n\u00e1poj\u016f v samoobslu\u017en\u00e9 verzi a m\u016f\u017ee pod\u00e1vat i neperlivou vodu a sodovou vodu pro obsluhu. Klasicky dokonal\u00e9 samoobslu\u017en\u00e9 postmixov\u00e9 za\u0159\u00edzen\u00ed v retro designu.<\/p>\t\t\t\t\t\t\t\t<\/div>\n\t\t\t\t<\/div>\n\t\t\t\t<\/div>\n\t\t<div class=\"elementor-element elementor-element-f473d0b e-con-full e-flex e-con e-child\" data-id=\"f473d0b\" data-element_type=\"container\" data-e-type=\"container\">\n\t\t\t\t<div class=\"elementor-element elementor-element-c4f36de elementor-widget elementor-widget-image\" data-id=\"c4f36de\" data-element_type=\"widget\" data-e-type=\"widget\" data-widget_type=\"image.default\">\n\t\t\t\t<div class=\"elementor-widget-container\">\n\t\t\t\t\t\t\t\t\t\t\t\t\t\t\t<img fetchpriority=\"high\" decoding=\"async\" width=\"300\" height=\"300\" src=\"https:\/\/grapos-softdrinks.cz\/wp-content\/uploads\/2026\/03\/Pic_SA_Twist_x6T_black_seitlich-300x300-1.webp\" class=\"attachment-medium size-medium wp-image-16520\" alt=\"\" srcset=\"https:\/\/grapos-softdrinks.cz\/wp-content\/uploads\/2026\/03\/Pic_SA_Twist_x6T_black_seitlich-300x300-1.webp 300w, https:\/\/grapos-softdrinks.cz\/wp-content\/uploads\/2026\/03\/Pic_SA_Twist_x6T_black_seitlich-300x300-1-150x150.webp 150w\" sizes=\"(max-width: 300px) 100vw, 300px\" \/>\t\t\t\t\t\t\t\t\t\t\t\t\t\t\t<\/div>\n\t\t\t\t<\/div>\n\t\t\t\t<\/div>\n\t\t\t\t\t<\/div>\n\t\t\t\t<\/div>\n\t\t<div class=\"elementor-element elementor-element-26a70bc e-flex e-con-boxed e-con e-parent\" data-id=\"26a70bc\" data-element_type=\"container\" data-e-type=\"container\" data-settings=\"{&quot;background_background&quot;:&quot;classic&quot;}\">\n\t\t\t\t\t<div class=\"e-con-inner\">\n\t\t<div class=\"elementor-element elementor-element-88e1435 e-con-full e-flex e-con e-child\" data-id=\"88e1435\" data-element_type=\"container\" data-e-type=\"container\">\n\t\t\t\t<div class=\"elementor-element elementor-element-44071b2 elementor-widget elementor-widget-text-editor\" data-id=\"44071b2\" data-element_type=\"widget\" data-e-type=\"widget\" data-widget_type=\"text-editor.default\">\n\t\t\t\t<div class=\"elementor-widget-container\">\n\t\t\t\t\t\t\t\t\t<ul><li>5 r\u016fzn\u00fdch barevn\u00fdch variant<\/li><li>S integrovanou vzduchovou clonou<\/li><\/ul>\t\t\t\t\t\t\t\t<\/div>\n\t\t\t\t<\/div>\n\t\t\t\t<div class=\"elementor-element elementor-element-0402743 elementor-widget elementor-widget-text-editor\" data-id=\"0402743\" data-element_type=\"widget\" data-e-type=\"widget\" data-widget_type=\"text-editor.default\">\n\t\t\t\t<div class=\"elementor-widget-container\">\n\t\t\t\t\t\t\t\t\t<p>Trendov\u00e9 za\u0159\u00edzen\u00ed v retro stylu se barevn\u011b i funk\u010dn\u011b p\u0159izp\u016fsob\u00ed va\u0161emu provozu.<\/p>\t\t\t\t\t\t\t\t<\/div>\n\t\t\t\t<\/div>\n\t\t\t\t<\/div>\n\t\t<div class=\"elementor-element elementor-element-49a0561 e-con-full e-flex e-con e-child\" data-id=\"49a0561\" data-element_type=\"container\" data-e-type=\"container\">\n\t\t\t\t<div class=\"elementor-element elementor-element-aea43dc elementor-widget elementor-widget-image\" data-id=\"aea43dc\" data-element_type=\"widget\" data-e-type=\"widget\" data-widget_type=\"image.default\">\n\t\t\t\t<div class=\"elementor-widget-container\">\n\t\t\t\t\t\t\t\t\t\t\t\t\t\t\t<img decoding=\"async\" width=\"300\" height=\"300\" src=\"https:\/\/grapos-softdrinks.cz\/wp-content\/uploads\/2026\/03\/Twist_Varianten-300x300-1.webp\" class=\"attachment-medium size-medium wp-image-16521\" alt=\"\" srcset=\"https:\/\/grapos-softdrinks.cz\/wp-content\/uploads\/2026\/03\/Twist_Varianten-300x300-1.webp 300w, https:\/\/grapos-softdrinks.cz\/wp-content\/uploads\/2026\/03\/Twist_Varianten-300x300-1-150x150.webp 150w\" sizes=\"(max-width: 300px) 100vw, 300px\" \/>\t\t\t\t\t\t\t\t\t\t\t\t\t\t\t<\/div>\n\t\t\t\t<\/div>\n\t\t\t\t<\/div>\n\t\t\t\t\t<\/div>\n\t\t\t\t<\/div>\n\t\t<div class=\"elementor-element elementor-element-d86c4f2 e-flex e-con-boxed e-con e-parent\" data-id=\"d86c4f2\" data-element_type=\"container\" data-e-type=\"container\" data-settings=\"{&quot;background_background&quot;:&quot;classic&quot;}\">\n\t\t\t\t\t<div class=\"e-con-inner\">\n\t\t<div class=\"elementor-element elementor-element-05e5811 e-con-full e-flex e-con e-child\" data-id=\"05e5811\" data-element_type=\"container\" data-e-type=\"container\">\n\t\t\t\t<div class=\"elementor-element elementor-element-967db29 elementor-widget elementor-widget-heading\" data-id=\"967db29\" data-element_type=\"widget\" data-e-type=\"widget\" data-widget_type=\"heading.default\">\n\t\t\t\t<div class=\"elementor-widget-container\">\n\t\t\t\t\t<h2 class=\"elementor-heading-title elementor-size-default\">Schankomat X5<\/h2>\t\t\t\t<\/div>\n\t\t\t\t<\/div>\n\t\t\t\t<div class=\"elementor-element elementor-element-4e2b9db elementor-widget elementor-widget-text-editor\" data-id=\"4e2b9db\" data-element_type=\"widget\" data-e-type=\"widget\" data-widget_type=\"text-editor.default\">\n\t\t\t\t<div class=\"elementor-widget-container\">\n\t\t\t\t\t\t\t\t\t<ul><li>5 postmixov\u00fdch d\u00e1vkova\u010d\u016f<\/li><li>Integrovan\u00e9 chlazen\u00ed<\/li><li>Vysok\u00fd v\u00fdkon<\/li><li>3 sycen\u00e9 a 2 nesycen\u00e9 n\u00e1poje<\/li><\/ul>\t\t\t\t\t\t\t\t<\/div>\n\t\t\t\t<\/div>\n\t\t\t\t<div class=\"elementor-element elementor-element-d65a801 elementor-widget elementor-widget-text-editor\" data-id=\"d65a801\" data-element_type=\"widget\" data-e-type=\"widget\" data-widget_type=\"text-editor.default\">\n\t\t\t\t<div class=\"elementor-widget-container\">\n\t\t\t\t\t\t\t\t\t<p>Atraktivn\u00ed a kompaktn\u00ed, toto voln\u011b prodejn\u00e9 za\u0159\u00edzen\u00ed nab\u00edz\u00ed p\u011bt n\u00e1poj\u016f po sm\u00edch\u00e1n\u00ed a m\u016f\u017ee tak\u00e9 d\u00e1vkovat neperlivou vodu a sodovou vodu. Perfektn\u00ed z\u00e1kladn\u00ed model s vysok\u00fdm v\u00fdkonem je funk\u010dn\u00ed a prostorov\u011b \u00fasporn\u00fd. V z\u00e1kladn\u00ed konfiguraci je nastaven na v\u00fddej 3 sycen\u00fdch a 2 nesycen\u00fdch n\u00e1poj\u016f.<\/p>\t\t\t\t\t\t\t\t<\/div>\n\t\t\t\t<\/div>\n\t\t\t\t<\/div>\n\t\t<div class=\"elementor-element elementor-element-6ae1cfe e-con-full e-flex e-con e-child\" data-id=\"6ae1cfe\" data-element_type=\"container\" data-e-type=\"container\">\n\t\t\t\t<div class=\"elementor-element elementor-element-ff41da8 elementor-widget elementor-widget-image\" data-id=\"ff41da8\" data-element_type=\"widget\" data-e-type=\"widget\" data-widget_type=\"image.default\">\n\t\t\t\t<div class=\"elementor-widget-container\">\n\t\t\t\t\t\t\t\t\t\t\t\t\t\t\t<img decoding=\"async\" width=\"242\" height=\"300\" src=\"https:\/\/grapos-softdrinks.cz\/wp-content\/uploads\/2026\/03\/Pic_SA_OTK-X5_black-242x300-1.webp\" class=\"attachment-medium size-medium wp-image-16522\" alt=\"\" \/>\t\t\t\t\t\t\t\t\t\t\t\t\t\t\t<\/div>\n\t\t\t\t<\/div>\n\t\t\t\t<\/div>\n\t\t\t\t\t<\/div>\n\t\t\t\t<\/div>\n\t\t<div class=\"elementor-element elementor-element-afb54d9 e-flex e-con-boxed e-con e-parent\" data-id=\"afb54d9\" data-element_type=\"container\" data-e-type=\"container\" data-settings=\"{&quot;background_background&quot;:&quot;classic&quot;}\">\n\t\t\t\t\t<div class=\"e-con-inner\">\n\t\t<div class=\"elementor-element elementor-element-d168392 e-con-full e-flex e-con e-child\" data-id=\"d168392\" data-element_type=\"container\" data-e-type=\"container\">\n\t\t\t\t<div class=\"elementor-element elementor-element-fcae572 elementor-widget elementor-widget-heading\" data-id=\"fcae572\" data-element_type=\"widget\" data-e-type=\"widget\" data-widget_type=\"heading.default\">\n\t\t\t\t<div class=\"elementor-widget-container\">\n\t\t\t\t\t<h2 class=\"elementor-heading-title elementor-size-default\">Schankomat X6T<\/h2>\t\t\t\t<\/div>\n\t\t\t\t<\/div>\n\t\t\t\t<div class=\"elementor-element elementor-element-c4eea9d elementor-widget elementor-widget-text-editor\" data-id=\"c4eea9d\" data-element_type=\"widget\" data-e-type=\"widget\" data-widget_type=\"text-editor.default\">\n\t\t\t\t<div class=\"elementor-widget-container\">\n\t\t\t\t\t\t\t\t\t<ul><li>6 postmixov\u00fdch d\u00e1vkova\u010d\u016f<\/li><li>Such\u00e9 chlazen\u00ed<\/li><li>P\u0159ipraven k okam\u017eit\u00e9mu pou\u017eit\u00ed<\/li><li>4 sycen\u00e9 n\u00e1poje, voda\/soda a 1 nesycen\u00fd n\u00e1poj<\/li><\/ul>\t\t\t\t\t\t\t\t<\/div>\n\t\t\t\t<\/div>\n\t\t\t\t<div class=\"elementor-element elementor-element-add38f2 elementor-widget elementor-widget-text-editor\" data-id=\"add38f2\" data-element_type=\"widget\" data-e-type=\"widget\" data-widget_type=\"text-editor.default\">\n\t\t\t\t<div class=\"elementor-widget-container\">\n\t\t\t\t\t\t\t\t\t<p>Atraktivn\u00ed a kompaktn\u00ed, toto voln\u011b prodejn\u00e9 za\u0159\u00edzen\u00ed nab\u00edz\u00ed \u0161est n\u00e1poj\u016f po sm\u00edch\u00e1n\u00ed, jako\u017e i mo\u017enost d\u00e1vkov\u00e1n\u00ed neperliv\u00e9 vody a sodov\u00e9 vody. Integrovan\u00e9 such\u00e9 chlazen\u00ed zaru\u010duje konzistentn\u00ed v\u00fdkon v\u00fd\u010depu a rychl\u00e9 pou\u017eit\u00ed.<\/p>\t\t\t\t\t\t\t\t<\/div>\n\t\t\t\t<\/div>\n\t\t\t\t<\/div>\n\t\t<div class=\"elementor-element elementor-element-4f708c4 e-con-full e-flex e-con e-child\" data-id=\"4f708c4\" data-element_type=\"container\" data-e-type=\"container\">\n\t\t\t\t<div class=\"elementor-element elementor-element-69d8d91 elementor-widget elementor-widget-image\" data-id=\"69d8d91\" data-element_type=\"widget\" data-e-type=\"widget\" data-widget_type=\"image.default\">\n\t\t\t\t<div class=\"elementor-widget-container\">\n\t\t\t\t\t\t\t\t\t\t\t\t\t\t\t<img loading=\"lazy\" decoding=\"async\" width=\"300\" height=\"200\" src=\"https:\/\/grapos-softdrinks.cz\/wp-content\/uploads\/2026\/03\/Schankomat_X6T1-300x200-1.png\" class=\"attachment-medium size-medium wp-image-16528\" alt=\"\" \/>\t\t\t\t\t\t\t\t\t\t\t\t\t\t\t<\/div>\n\t\t\t\t<\/div>\n\t\t\t\t<\/div>\n\t\t\t\t\t<\/div>\n\t\t\t\t<\/div>\n\t\t<div class=\"elementor-element elementor-element-0e56c53 e-flex e-con-boxed e-con e-parent\" data-id=\"0e56c53\" data-element_type=\"container\" data-e-type=\"container\" data-settings=\"{&quot;background_background&quot;:&quot;classic&quot;}\">\n\t\t\t\t\t<div class=\"e-con-inner\">\n\t\t<div class=\"elementor-element elementor-element-d7699d8 e-con-full e-flex e-con e-child\" data-id=\"d7699d8\" data-element_type=\"container\" data-e-type=\"container\">\n\t\t\t\t<div class=\"elementor-element elementor-element-0bed59a elementor-widget elementor-widget-heading\" data-id=\"0bed59a\" data-element_type=\"widget\" data-e-type=\"widget\" data-widget_type=\"heading.default\">\n\t\t\t\t<div class=\"elementor-widget-container\">\n\t\t\t\t\t<h2 class=\"elementor-heading-title elementor-size-default\">Schankomat X8<\/h2>\t\t\t\t<\/div>\n\t\t\t\t<\/div>\n\t\t\t\t<div class=\"elementor-element elementor-element-384d4bc elementor-widget elementor-widget-text-editor\" data-id=\"384d4bc\" data-element_type=\"widget\" data-e-type=\"widget\" data-widget_type=\"text-editor.default\">\n\t\t\t\t<div class=\"elementor-widget-container\">\n\t\t\t\t\t\t\t\t\t<ul><li>8 postmixov\u00fdch d\u00e1vkova\u010d\u016f<\/li><li>Integrovan\u00e9 chlazen\u00ed<\/li><li>Podsv\u00edcen\u00fd kryt\u00a0na obou stran\u00e1ch<\/li><li>Extr\u00e9mn\u011b vysok\u00fd v\u00fdkon<\/li><li>4 sycen\u00e9 a 4 nesycen\u00e9 n\u00e1poje<\/li><\/ul>\t\t\t\t\t\t\t\t<\/div>\n\t\t\t\t<\/div>\n\t\t\t\t<div class=\"elementor-element elementor-element-1e1f025 elementor-widget elementor-widget-text-editor\" data-id=\"1e1f025\" data-element_type=\"widget\" data-e-type=\"widget\" data-widget_type=\"text-editor.default\">\n\t\t\t\t<div class=\"elementor-widget-container\">\n\t\t\t\t\t\t\t\t\t<p>Design a v\u00fdkon spojen\u00e9 v jednom d\u00e1vkovac\u00edm za\u0159\u00edzen\u00ed. Toto voln\u011b prodejn\u00e9 za\u0159\u00edzen\u00ed nab\u00edz\u00ed mo\u017enost 8 post-mix n\u00e1poj\u016f a tak\u00e9 v\u00fddej neperliv\u00e9 vody a sodov\u00e9 vody. Voliteln\u011b m\u016f\u017ee b\u00fdt postmixov\u00fd kohoutek nahrazen premixov\u00fdm kohoutkem (nap\u0159. pivo). V z\u00e1kladn\u00ed konfiguraci je nastaven na v\u00fddej 4 sycen\u00fdch a 4 nesycen\u00fdch n\u00e1poj\u016f.<\/p>\t\t\t\t\t\t\t\t<\/div>\n\t\t\t\t<\/div>\n\t\t\t\t<\/div>\n\t\t<div class=\"elementor-element elementor-element-f6a33da e-con-full e-flex e-con e-child\" data-id=\"f6a33da\" data-element_type=\"container\" data-e-type=\"container\">\n\t\t\t\t<div class=\"elementor-element elementor-element-a66c649 elementor-widget elementor-widget-image\" data-id=\"a66c649\" data-element_type=\"widget\" data-e-type=\"widget\" data-widget_type=\"image.default\">\n\t\t\t\t<div class=\"elementor-widget-container\">\n\t\t\t\t\t\t\t\t\t\t\t\t\t\t\t<img loading=\"lazy\" decoding=\"async\" width=\"300\" height=\"268\" src=\"https:\/\/grapos-softdrinks.cz\/wp-content\/uploads\/2026\/03\/Pic_SA_X8_black-300x268-1.webp\" class=\"attachment-medium size-medium wp-image-16523\" alt=\"\" \/>\t\t\t\t\t\t\t\t\t\t\t\t\t\t\t<\/div>\n\t\t\t\t<\/div>\n\t\t\t\t<\/div>\n\t\t\t\t\t<\/div>\n\t\t\t\t<\/div>\n\t\t<div class=\"elementor-element elementor-element-cb52859 e-flex e-con-boxed e-con e-parent\" data-id=\"cb52859\" data-element_type=\"container\" data-e-type=\"container\" data-settings=\"{&quot;background_background&quot;:&quot;classic&quot;}\">\n\t\t\t\t\t<div class=\"e-con-inner\">\n\t\t<div class=\"elementor-element elementor-element-b33f48f e-con-full e-flex e-con e-child\" data-id=\"b33f48f\" data-element_type=\"container\" data-e-type=\"container\">\n\t\t\t\t<div class=\"elementor-element elementor-element-38ddee8 elementor-widget elementor-widget-heading\" data-id=\"38ddee8\" data-element_type=\"widget\" data-e-type=\"widget\" data-widget_type=\"heading.default\">\n\t\t\t\t<div class=\"elementor-widget-container\">\n\t\t\t\t\t<h2 class=\"elementor-heading-title elementor-size-default\">Schankomat Ct1<\/h2>\t\t\t\t<\/div>\n\t\t\t\t<\/div>\n\t\t\t\t<div class=\"elementor-element elementor-element-7e40cde elementor-widget elementor-widget-text-editor\" data-id=\"7e40cde\" data-element_type=\"widget\" data-e-type=\"widget\" data-widget_type=\"text-editor.default\">\n\t\t\t\t<div class=\"elementor-widget-container\">\n\t\t\t\t\t\t\t\t\t<ul><li>1 post mix<\/li><li>Such\u00e9 chlazen\u00ed<\/li><li>P\u0159ipraven k okam\u017eit\u00e9mu pou\u017eit\u00ed<\/li><\/ul>\t\t\t\t\t\t\t\t<\/div>\n\t\t\t\t<\/div>\n\t\t\t\t<div class=\"elementor-element elementor-element-2f3526d elementor-widget elementor-widget-text-editor\" data-id=\"2f3526d\" data-element_type=\"widget\" data-e-type=\"widget\" data-widget_type=\"text-editor.default\">\n\t\t\t\t<div class=\"elementor-widget-container\">\n\t\t\t\t\t\t\t\t\t<p>Technologie d\u00e1vkov\u00e1n\u00ed odpov\u00edd\u00e1 chuti. Jedine\u010dn\u00e1 kombinace prezentace produktu a perfektn\u00edch v\u00fdsledk\u016f \u010depov\u00e1n\u00ed ukazuje inovativn\u00ed s\u00edlu Graposu. V\u00fdkonn\u00fd d\u00e1vkova\u010d je speci\u00e1ln\u011b vyroben pro prezentaci produkt\u016f u pultu a povzbuzuje lidi, aby si u\u017eili \u201e\u010distou energii\u201c.<\/p>\t\t\t\t\t\t\t\t<\/div>\n\t\t\t\t<\/div>\n\t\t\t\t<\/div>\n\t\t<div class=\"elementor-element elementor-element-9c80cd9 e-con-full e-flex e-con e-child\" data-id=\"9c80cd9\" data-element_type=\"container\" data-e-type=\"container\">\n\t\t\t\t<div class=\"elementor-element elementor-element-e596eea elementor-widget elementor-widget-image\" data-id=\"e596eea\" data-element_type=\"widget\" data-e-type=\"widget\" data-widget_type=\"image.default\">\n\t\t\t\t<div class=\"elementor-widget-container\">\n\t\t\t\t\t\t\t\t\t\t\t\t\t\t\t<img loading=\"lazy\" decoding=\"async\" width=\"150\" height=\"150\" src=\"https:\/\/grapos-softdrinks.cz\/wp-content\/uploads\/2026\/03\/Schankomat_Ct1-150x150-1.webp\" class=\"attachment-medium size-medium wp-image-16524\" alt=\"\" \/>\t\t\t\t\t\t\t\t\t\t\t\t\t\t\t<\/div>\n\t\t\t\t<\/div>\n\t\t\t\t<\/div>\n\t\t\t\t\t<\/div>\n\t\t\t\t<\/div>\n\t\t\t\t<\/div>\n\t\t","protected":false},"excerpt":{"rendered":"<p>\u0160pi\u010dkov\u00e1 pultov\u00e1 za\u0159\u00edzen\u00ed Schankomat: V\u00edce ne\u017e jen d\u00e1vkova\u010de Se \u0161pi\u010dkov\u00fdm pultov\u00fdm za\u0159\u00edzen\u00edm Schankomat v designu Grapos m\u00e1te nejen v\u00fddejn\u00ed za\u0159\u00edzen\u00ed, ale tak\u00e9 malou v\u00fdrobnu limon\u00e1d. V\u00fdroba sody, chlazen\u00ed a d\u00e1vkova\u010d v jednom. Schankomat X6T-Twist Retro design 6 postmixov\u00fdch d\u00e1vkova\u010d\u016f Such\u00e9 chlazen\u00ed P\u0159ipraven k okam\u017eit\u00e9mu pou\u017eit\u00ed 4 sycen\u00e9 n\u00e1poje, voda\/soda a 1 nesycen\u00fd n\u00e1poj Kompaktn\u00ed v [&hellip;]<\/p>\n","protected":false},"author":1,"featured_media":0,"parent":0,"menu_order":0,"comment_status":"closed","ping_status":"closed","template":"elementor_header_footer","meta":{"footnotes":""},"class_list":["post-547","page","type-page","status-publish","hentry","entry"],"_links":{"self":[{"href":"https:\/\/grapos-softdrinks.cz\/index.php?rest_route=\/wp\/v2\/pages\/547","targetHints":{"allow":["GET"]}}],"collection":[{"href":"https:\/\/grapos-softdrinks.cz\/index.php?rest_route=\/wp\/v2\/pages"}],"about":[{"href":"https:\/\/grapos-softdrinks.cz\/index.php?rest_route=\/wp\/v2\/types\/page"}],"author":[{"embeddable":true,"href":"https:\/\/grapos-softdrinks.cz\/index.php?rest_route=\/wp\/v2\/users\/1"}],"replies":[{"embeddable":true,"href":"https:\/\/grapos-softdrinks.cz\/index.php?rest_route=%2Fwp%2Fv2%2Fcomments&post=547"}],"version-history":[{"count":62,"href":"https:\/\/grapos-softdrinks.cz\/index.php?rest_route=\/wp\/v2\/pages\/547\/revisions"}],"predecessor-version":[{"id":16531,"href":"https:\/\/grapos-softdrinks.cz\/index.php?rest_route=\/wp\/v2\/pages\/547\/revisions\/16531"}],"wp:attachment":[{"href":"https:\/\/grapos-softdrinks.cz\/index.php?rest_route=%2Fwp%2Fv2%2Fmedia&parent=547"}],"curies":[{"name":"wp","href":"https:\/\/api.w.org\/{rel}","templated":true}]}}