{"id":536,"date":"2024-09-27T22:49:51","date_gmt":"2024-09-27T22:49:51","guid":{"rendered":"https:\/\/grapos-softdrinks.cz\/?page_id=536"},"modified":"2026-03-22T19:01:45","modified_gmt":"2026-03-22T19:01:45","slug":"brooklynska-technika","status":"publish","type":"page","link":"https:\/\/grapos-softdrinks.cz\/?page_id=536","title":{"rendered":"Brooklynsk\u00e1 technol\u00f3gia"},"content":{"rendered":"\t\t<div data-elementor-type=\"wp-page\" data-elementor-id=\"536\" class=\"elementor elementor-536\" data-elementor-post-type=\"page\">\n\t\t\t\t<div class=\"elementor-element elementor-element-b39bcb5 e-flex e-con-boxed e-con e-parent\" data-id=\"b39bcb5\" data-element_type=\"container\" data-e-type=\"container\">\n\t\t\t\t\t<div class=\"e-con-inner\">\n\t\t\t\t<div class=\"elementor-element elementor-element-a3eb60e elementor-post-navigation-borders-yes elementor-widget elementor-widget-post-navigation\" data-id=\"a3eb60e\" data-element_type=\"widget\" data-e-type=\"widget\" data-widget_type=\"post-navigation.default\">\n\t\t\t\t<div class=\"elementor-widget-container\">\n\t\t\t\t\t\t\t<div class=\"elementor-post-navigation\">\n\t\t\t<div class=\"elementor-post-navigation__prev elementor-post-navigation__link\">\n\t\t\t\t<a href=\"https:\/\/grapos-softdrinks.cz\/?page_id=534\" rel=\"prev\"><span class=\"post-navigation__arrow-wrapper post-navigation__arrow-prev\"><i class=\"fa fa-arrow-circle-left\" aria-hidden=\"true\"><\/i><span class=\"elementor-screen-only\">Prev<\/span><\/span><span class=\"elementor-post-navigation__link__prev\"><span class=\"post-navigation__prev--label\">P\u0159edchoz\u00ed str\u00e1nka<\/span><span class=\"post-navigation__prev--title\">Technol\u00f3gia GrapiVit<\/span><\/span><\/a>\t\t\t<\/div>\n\t\t\t\t\t\t\t<div class=\"elementor-post-navigation__separator-wrapper\">\n\t\t\t\t\t<div class=\"elementor-post-navigation__separator\"><\/div>\n\t\t\t\t<\/div>\n\t\t\t\t\t\t<div class=\"elementor-post-navigation__next elementor-post-navigation__link\">\n\t\t\t\t<a href=\"https:\/\/grapos-softdrinks.cz\/?page_id=538\" rel=\"next\"><span class=\"elementor-post-navigation__link__next\"><span class=\"post-navigation__next--label\">Dal\u0161\u00ed str\u00e1nka<\/span><span class=\"post-navigation__next--title\">Brooklynsk\u00e1 BIO technol\u00f3gia<\/span><\/span><span class=\"post-navigation__arrow-wrapper post-navigation__arrow-next\"><i class=\"fa fa-arrow-circle-right\" aria-hidden=\"true\"><\/i><span class=\"elementor-screen-only\">Next<\/span><\/span><\/a>\t\t\t<\/div>\n\t\t<\/div>\n\t\t\t\t\t\t<\/div>\n\t\t\t\t<\/div>\n\t\t\t\t\t<\/div>\n\t\t\t\t<\/div>\n\t\t<div class=\"elementor-element elementor-element-2f8c04c e-flex e-con-boxed e-con e-parent\" data-id=\"2f8c04c\" data-element_type=\"container\" data-e-type=\"container\">\n\t\t\t\t\t<div class=\"e-con-inner\">\n\t\t<div class=\"elementor-element elementor-element-cb9712c e-con-full e-flex e-con e-child\" data-id=\"cb9712c\" data-element_type=\"container\" data-e-type=\"container\">\n\t\t\t\t<div class=\"elementor-element elementor-element-9608f6e elementor-widget elementor-widget-heading\" data-id=\"9608f6e\" data-element_type=\"widget\" data-e-type=\"widget\" data-widget_type=\"heading.default\">\n\t\t\t\t<div class=\"elementor-widget-container\">\n\t\t\t\t\t<h2 class=\"elementor-heading-title elementor-size-default\">Brooklynsk\u00e1 technologie<\/h2>\t\t\t\t<\/div>\n\t\t\t\t<\/div>\n\t\t\t\t<div class=\"elementor-element elementor-element-35a026d elementor-widget elementor-widget-text-editor\" data-id=\"35a026d\" data-element_type=\"widget\" data-e-type=\"widget\" data-widget_type=\"text-editor.default\">\n\t\t\t\t<div class=\"elementor-widget-container\">\n\t\t\t\t\t\t\t\t\t<p>Produktov\u00e1 \u0159ada Brooklyn \u201eHomemade Style\u201c zaujme nejen nejvy\u0161\u0161\u00ed kvalitou produkt\u016f, ale i inovativn\u00ed technologi\u00ed d\u00e1vkov\u00e1n\u00ed. \u201eUd\u011blej si s\u00e1m\u201c nab\u00fdv\u00e1 zcela nov\u00e9ho v\u00fdznamu.<\/p>\t\t\t\t\t\t\t\t<\/div>\n\t\t\t\t<\/div>\n\t\t\t\t<\/div>\n\t\t\t\t\t<\/div>\n\t\t\t\t<\/div>\n\t\t<div class=\"elementor-element elementor-element-ec7b3c5 e-flex e-con-boxed e-con e-parent\" data-id=\"ec7b3c5\" data-element_type=\"container\" data-e-type=\"container\">\n\t\t\t\t\t<div class=\"e-con-inner\">\n\t\t<div class=\"elementor-element elementor-element-a11f3b7 e-con-full e-flex e-con e-child\" data-id=\"a11f3b7\" data-element_type=\"container\" data-e-type=\"container\">\n\t\t\t\t<div class=\"elementor-element elementor-element-e3331b5 elementor-widget elementor-widget-heading\" data-id=\"e3331b5\" data-element_type=\"widget\" data-e-type=\"widget\" data-widget_type=\"heading.default\">\n\t\t\t\t<div class=\"elementor-widget-container\">\n\t\t\t\t\t<h2 class=\"elementor-heading-title elementor-size-default\">Brooklyn-Vitamin-Bar<\/h2>\t\t\t\t<\/div>\n\t\t\t\t<\/div>\n\t\t\t\t<div class=\"elementor-element elementor-element-d560132 elementor-widget elementor-widget-text-editor\" data-id=\"d560132\" data-element_type=\"widget\" data-e-type=\"widget\" data-widget_type=\"text-editor.default\">\n\t\t\t\t<div class=\"elementor-widget-container\">\n\t\t\t\t\t\t\t\t\t<div class=\"one_third last\">Brooklyn-CounterTop nab\u00edz\u00ed 5 produkt\u016f v dom\u00e1c\u00edm stylu Brooklyn (v\u0161echny jsou \u201eSTILL\u201c a \u201eSPARKLY\u201c) spolu s malou stanic\u00ed na p\u0159\u00eddavky. Integrovan\u00fd such\u00fd chlad\u00edc\u00ed syst\u00e9m. Dostupn\u00fd je tak\u00e9 jako \u201emobiln\u00ed Brooklyn-Countertop\u201c!<\/div>\t\t\t\t\t\t\t\t<\/div>\n\t\t\t\t<\/div>\n\t\t\t\t<\/div>\n\t\t<div class=\"elementor-element elementor-element-0eb7227 e-con-full e-flex e-con e-child\" data-id=\"0eb7227\" data-element_type=\"container\" data-e-type=\"container\">\n\t\t\t\t<div class=\"elementor-element elementor-element-d4ceb61 elementor-widget elementor-widget-image\" data-id=\"d4ceb61\" data-element_type=\"widget\" data-e-type=\"widget\" data-widget_type=\"image.default\">\n\t\t\t\t<div class=\"elementor-widget-container\">\n\t\t\t\t\t\t\t\t\t\t\t\t\t\t\t<img fetchpriority=\"high\" decoding=\"async\" width=\"300\" height=\"225\" src=\"https:\/\/grapos-softdrinks.cz\/wp-content\/uploads\/2026\/03\/Brooklyn_Technik-300x225-1.webp\" class=\"attachment-medium size-medium wp-image-16565\" alt=\"\" \/>\t\t\t\t\t\t\t\t\t\t\t\t\t\t\t<\/div>\n\t\t\t\t<\/div>\n\t\t\t\t<\/div>\n\t\t\t\t\t<\/div>\n\t\t\t\t<\/div>\n\t\t<div class=\"elementor-element elementor-element-fb95967 e-flex e-con-boxed e-con e-parent\" data-id=\"fb95967\" data-element_type=\"container\" data-e-type=\"container\">\n\t\t\t\t\t<div class=\"e-con-inner\">\n\t\t<div class=\"elementor-element elementor-element-dd71266 e-con-full e-flex e-con e-child\" data-id=\"dd71266\" data-element_type=\"container\" data-e-type=\"container\">\n\t\t\t\t<div class=\"elementor-element elementor-element-d22cd5e elementor-widget elementor-widget-heading\" data-id=\"d22cd5e\" data-element_type=\"widget\" data-e-type=\"widget\" data-widget_type=\"heading.default\">\n\t\t\t\t<div class=\"elementor-widget-container\">\n\t\t\t\t\t<h2 class=\"elementor-heading-title elementor-size-default\">Brooklyn-OTK<\/h2>\t\t\t\t<\/div>\n\t\t\t\t<\/div>\n\t\t\t\t<div class=\"elementor-element elementor-element-fde6f7e elementor-widget elementor-widget-text-editor\" data-id=\"fde6f7e\" data-element_type=\"widget\" data-e-type=\"widget\" data-widget_type=\"text-editor.default\">\n\t\t\t\t<div class=\"elementor-widget-container\">\n\t\t\t\t\t\t\t\t\t<div class=\"one_third last\">Brooklyn-CounterTop nab\u00edz\u00ed 5 produkt\u016f v dom\u00e1c\u00edm stylu Brooklyn (v\u0161echny jsou \u201enehybn\u00e9\u201c a \u201esycen\u00e9\u201c) spolu s malou stanic\u00ed na p\u0159\u00eddavky. Integrovan\u00fd such\u00fd chlad\u00edc\u00ed syst\u00e9m. Dostupn\u00fd je tak\u00e9 jako \u201emobiln\u00ed Brooklyn-Countertop\u201c!<\/div>\t\t\t\t\t\t\t\t<\/div>\n\t\t\t\t<\/div>\n\t\t\t\t<\/div>\n\t\t<div class=\"elementor-element elementor-element-cd046bc e-con-full e-flex e-con e-child\" data-id=\"cd046bc\" data-element_type=\"container\" data-e-type=\"container\">\n\t\t\t\t<div class=\"elementor-element elementor-element-11ec4c4 elementor-widget elementor-widget-image\" data-id=\"11ec4c4\" data-element_type=\"widget\" data-e-type=\"widget\" data-widget_type=\"image.default\">\n\t\t\t\t<div class=\"elementor-widget-container\">\n\t\t\t\t\t\t\t\t\t\t\t\t\t\t\t<img decoding=\"async\" width=\"300\" height=\"225\" src=\"https:\/\/grapos-softdrinks.cz\/wp-content\/uploads\/2026\/03\/Brooklyn_OTK_Pult-300x225-1.webp\" class=\"attachment-medium size-medium wp-image-16566\" alt=\"\" \/>\t\t\t\t\t\t\t\t\t\t\t\t\t\t\t<\/div>\n\t\t\t\t<\/div>\n\t\t\t\t<div class=\"elementor-element elementor-element-f153c22 elementor-widget elementor-widget-image\" data-id=\"f153c22\" data-element_type=\"widget\" data-e-type=\"widget\" data-widget_type=\"image.default\">\n\t\t\t\t<div class=\"elementor-widget-container\">\n\t\t\t\t\t\t\t\t\t\t\t\t\t\t\t<img decoding=\"async\" width=\"300\" height=\"225\" src=\"https:\/\/grapos-softdrinks.cz\/wp-content\/uploads\/2026\/03\/Brooklyn_OTK-1-300x225-1.webp\" class=\"attachment-medium size-medium wp-image-16567\" alt=\"\" \/>\t\t\t\t\t\t\t\t\t\t\t\t\t\t\t<\/div>\n\t\t\t\t<\/div>\n\t\t\t\t<\/div>\n\t\t\t\t\t<\/div>\n\t\t\t\t<\/div>\n\t\t<div class=\"elementor-element elementor-element-21ecba6 e-flex e-con-boxed e-con e-parent\" data-id=\"21ecba6\" data-element_type=\"container\" data-e-type=\"container\">\n\t\t\t\t\t<div class=\"e-con-inner\">\n\t\t<div class=\"elementor-element elementor-element-f4b149a e-con-full e-flex e-con e-child\" data-id=\"f4b149a\" data-element_type=\"container\" data-e-type=\"container\">\n\t\t\t\t<div class=\"elementor-element elementor-element-395e3bd elementor-widget elementor-widget-heading\" data-id=\"395e3bd\" data-element_type=\"widget\" data-e-type=\"widget\" data-widget_type=\"heading.default\">\n\t\t\t\t<div class=\"elementor-widget-container\">\n\t\t\t\t\t<h2 class=\"elementor-heading-title elementor-size-default\">Brooklyn-Tower<\/h2>\t\t\t\t<\/div>\n\t\t\t\t<\/div>\n\t\t\t\t<div class=\"elementor-element elementor-element-5ffa5b2 elementor-widget elementor-widget-text-editor\" data-id=\"5ffa5b2\" data-element_type=\"widget\" data-e-type=\"widget\" data-widget_type=\"text-editor.default\">\n\t\t\t\t<div class=\"elementor-widget-container\">\n\t\t\t\t\t\t\t\t\t<div class=\"one_third last\"><div class=\"one_third last\">Vylep\u0161ete svou st\u00e1vaj\u00edc\u00ed n\u00e1pojovou technickou instalaci na\u0161\u00ed Brooklyn v\u011b\u017e\u00ed. Nab\u00edz\u00ed 5 produkt\u016f v dom\u00e1c\u00edm stylu Brooklyn, kter\u00e9 jsou dostupn\u00e9 jako \u201eSTILL\u201c a \u201eSPARKLY\u201c, a tak\u00e9 obsahuje integrovanou stanici pro ingredience. Brooklyn v\u011b\u017e m\u016f\u017ee b\u00fdt tak\u00e9 ovl\u00e1d\u00e1na pomoc\u00ed Schankomat UC5-T.<\/div><\/div>\t\t\t\t\t\t\t\t<\/div>\n\t\t\t\t<\/div>\n\t\t\t\t<\/div>\n\t\t<div class=\"elementor-element elementor-element-a14a5b8 e-con-full e-flex e-con e-child\" data-id=\"a14a5b8\" data-element_type=\"container\" data-e-type=\"container\">\n\t\t\t\t<div class=\"elementor-element elementor-element-154085d elementor-widget elementor-widget-image\" data-id=\"154085d\" data-element_type=\"widget\" data-e-type=\"widget\" data-widget_type=\"image.default\">\n\t\t\t\t<div class=\"elementor-widget-container\">\n\t\t\t\t\t\t\t\t\t\t\t\t\t\t\t<img loading=\"lazy\" decoding=\"async\" width=\"300\" height=\"225\" src=\"https:\/\/grapos-softdrinks.cz\/wp-content\/uploads\/2026\/03\/Brooklyn_TowerBar-300x225-1.webp\" class=\"attachment-medium size-medium wp-image-16568\" alt=\"\" \/>\t\t\t\t\t\t\t\t\t\t\t\t\t\t\t<\/div>\n\t\t\t\t<\/div>\n\t\t\t\t<div class=\"elementor-element elementor-element-8ae81f0 elementor-widget elementor-widget-image\" data-id=\"8ae81f0\" data-element_type=\"widget\" data-e-type=\"widget\" data-widget_type=\"image.default\">\n\t\t\t\t<div class=\"elementor-widget-container\">\n\t\t\t\t\t\t\t\t\t\t\t\t\t\t\t<img loading=\"lazy\" decoding=\"async\" width=\"300\" height=\"225\" src=\"https:\/\/grapos-softdrinks.cz\/wp-content\/uploads\/2026\/03\/Brooklyn_Tower-300x225-1.webp\" class=\"attachment-medium size-medium wp-image-16569\" alt=\"\" \/>\t\t\t\t\t\t\t\t\t\t\t\t\t\t\t<\/div>\n\t\t\t\t<\/div>\n\t\t\t\t<\/div>\n\t\t\t\t\t<\/div>\n\t\t\t\t<\/div>\n\t\t\t\t<\/div>\n\t\t","protected":false},"excerpt":{"rendered":"<p>Brooklynsk\u00e1 technologie Produktov\u00e1 \u0159ada Brooklyn \u201eHomemade Style\u201c zaujme nejen nejvy\u0161\u0161\u00ed kvalitou produkt\u016f, ale i inovativn\u00ed technologi\u00ed d\u00e1vkov\u00e1n\u00ed. \u201eUd\u011blej si s\u00e1m\u201c nab\u00fdv\u00e1 zcela nov\u00e9ho v\u00fdznamu. Brooklyn-Vitamin-Bar Brooklyn-CounterTop nab\u00edz\u00ed 5 produkt\u016f v dom\u00e1c\u00edm stylu Brooklyn (v\u0161echny jsou \u201eSTILL\u201c a \u201eSPARKLY\u201c) spolu s malou stanic\u00ed na p\u0159\u00eddavky. Integrovan\u00fd such\u00fd chlad\u00edc\u00ed syst\u00e9m. Dostupn\u00fd je tak\u00e9 jako \u201emobiln\u00ed Brooklyn-Countertop\u201c! Brooklyn-OTK [&hellip;]<\/p>\n","protected":false},"author":1,"featured_media":0,"parent":0,"menu_order":0,"comment_status":"closed","ping_status":"closed","template":"elementor_header_footer","meta":{"footnotes":""},"class_list":["post-536","page","type-page","status-publish","hentry","entry"],"_links":{"self":[{"href":"https:\/\/grapos-softdrinks.cz\/index.php?rest_route=\/wp\/v2\/pages\/536","targetHints":{"allow":["GET"]}}],"collection":[{"href":"https:\/\/grapos-softdrinks.cz\/index.php?rest_route=\/wp\/v2\/pages"}],"about":[{"href":"https:\/\/grapos-softdrinks.cz\/index.php?rest_route=\/wp\/v2\/types\/page"}],"author":[{"embeddable":true,"href":"https:\/\/grapos-softdrinks.cz\/index.php?rest_route=\/wp\/v2\/users\/1"}],"replies":[{"embeddable":true,"href":"https:\/\/grapos-softdrinks.cz\/index.php?rest_route=%2Fwp%2Fv2%2Fcomments&post=536"}],"version-history":[{"count":23,"href":"https:\/\/grapos-softdrinks.cz\/index.php?rest_route=\/wp\/v2\/pages\/536\/revisions"}],"predecessor-version":[{"id":16572,"href":"https:\/\/grapos-softdrinks.cz\/index.php?rest_route=\/wp\/v2\/pages\/536\/revisions\/16572"}],"wp:attachment":[{"href":"https:\/\/grapos-softdrinks.cz\/index.php?rest_route=%2Fwp%2Fv2%2Fmedia&parent=536"}],"curies":[{"name":"wp","href":"https:\/\/api.w.org\/{rel}","templated":true}]}}