{"id":534,"date":"2024-09-26T22:49:33","date_gmt":"2024-09-26T22:49:33","guid":{"rendered":"https:\/\/grapos-softdrinks.cz\/?page_id=534"},"modified":"2026-03-22T18:58:01","modified_gmt":"2026-03-22T18:58:01","slug":"technologia-grapivit","status":"publish","type":"page","link":"https:\/\/grapos-softdrinks.cz\/?page_id=534","title":{"rendered":"Technol\u00f3gia GrapiVit"},"content":{"rendered":"\t\t<div data-elementor-type=\"wp-page\" data-elementor-id=\"534\" class=\"elementor elementor-534\" data-elementor-post-type=\"page\">\n\t\t\t\t<div class=\"elementor-element elementor-element-8ab7dff e-flex e-con-boxed e-con e-parent\" data-id=\"8ab7dff\" data-element_type=\"container\" data-e-type=\"container\">\n\t\t\t\t\t<div class=\"e-con-inner\">\n\t\t\t\t<div class=\"elementor-element elementor-element-868d6a7 elementor-post-navigation-borders-yes elementor-widget elementor-widget-post-navigation\" data-id=\"868d6a7\" data-element_type=\"widget\" data-e-type=\"widget\" data-widget_type=\"post-navigation.default\">\n\t\t\t\t<div class=\"elementor-widget-container\">\n\t\t\t\t\t\t\t<div class=\"elementor-post-navigation\">\n\t\t\t<div class=\"elementor-post-navigation__prev elementor-post-navigation__link\">\n\t\t\t\t<a href=\"https:\/\/grapos-softdrinks.cz\/?page_id=532\" rel=\"prev\"><span class=\"post-navigation__arrow-wrapper post-navigation__arrow-prev\"><i class=\"fa fa-arrow-circle-left\" aria-hidden=\"true\"><\/i><span class=\"elementor-screen-only\">Prev<\/span><\/span><span class=\"elementor-post-navigation__link__prev\"><span class=\"post-navigation__prev--label\">P\u0159edchoz\u00ed str\u00e1nka<\/span><span class=\"post-navigation__prev--title\">Technol\u00f3gia GrapiSun<\/span><\/span><\/a>\t\t\t<\/div>\n\t\t\t\t\t\t\t<div class=\"elementor-post-navigation__separator-wrapper\">\n\t\t\t\t\t<div class=\"elementor-post-navigation__separator\"><\/div>\n\t\t\t\t<\/div>\n\t\t\t\t\t\t<div class=\"elementor-post-navigation__next elementor-post-navigation__link\">\n\t\t\t\t<a href=\"https:\/\/grapos-softdrinks.cz\/?page_id=536\" rel=\"next\"><span class=\"elementor-post-navigation__link__next\"><span class=\"post-navigation__next--label\">Dal\u0161\u00ed str\u00e1nka<\/span><span class=\"post-navigation__next--title\">Brooklynsk\u00e1 technol\u00f3gia<\/span><\/span><span class=\"post-navigation__arrow-wrapper post-navigation__arrow-next\"><i class=\"fa fa-arrow-circle-right\" aria-hidden=\"true\"><\/i><span class=\"elementor-screen-only\">Next<\/span><\/span><\/a>\t\t\t<\/div>\n\t\t<\/div>\n\t\t\t\t\t\t<\/div>\n\t\t\t\t<\/div>\n\t\t\t\t\t<\/div>\n\t\t\t\t<\/div>\n\t\t<div class=\"elementor-element elementor-element-0b3797a e-flex e-con-boxed e-con e-parent\" data-id=\"0b3797a\" data-element_type=\"container\" data-e-type=\"container\">\n\t\t\t\t\t<div class=\"e-con-inner\">\n\t\t<div class=\"elementor-element elementor-element-6a2638d e-con-full e-flex e-con e-child\" data-id=\"6a2638d\" data-element_type=\"container\" data-e-type=\"container\">\n\t\t\t\t<div class=\"elementor-element elementor-element-ba6273b elementor-widget elementor-widget-heading\" data-id=\"ba6273b\" data-element_type=\"widget\" data-e-type=\"widget\" data-widget_type=\"heading.default\">\n\t\t\t\t<div class=\"elementor-widget-container\">\n\t\t\t\t\t<h2 class=\"elementor-heading-title elementor-size-default\">Technologie GrapiVit \u2013 v\u00edce ne\u017e v\u00fd\u010depn\u00ed syst\u00e9m<\/h2>\t\t\t\t<\/div>\n\t\t\t\t<\/div>\n\t\t\t\t<div class=\"elementor-element elementor-element-d6302a0 elementor-widget elementor-widget-text-editor\" data-id=\"d6302a0\" data-element_type=\"widget\" data-e-type=\"widget\" data-widget_type=\"text-editor.default\">\n\t\t\t\t<div class=\"elementor-widget-container\">\n\t\t\t\t\t\t\t\t\t<p>Vysok\u00fd mie\u0161acVysok\u00fd m\u00edchac\u00ed pom\u011br charakterizovan\u00fd produktovou \u0159adou vy\u017eaduje speci\u00e1ln\u00ed technologii. V\u00fddejn\u00ed syst\u00e9my Schankomat GrapiVit nab\u00edzej\u00ed r\u016fzn\u00e9 mo\u017enosti p\u0159izp\u016fsoben\u00ed v\u00fddejn\u00edho syst\u00e9mu po\u017eadavk\u016fm z\u00e1kazn\u00edk\u016f. V\u0161echny syst\u00e9my lze kombinovat s pokladn\u00edmi a kartov\u00fdmi syst\u00e9my.\u00ed pomer charakterizovan\u00fd produktov\u00fdm radom vy\u017eaduje \u0161peci\u00e1lnu technol\u00f3giu. V\u00fddajn\u00e9 syst\u00e9my Schankomat GrapiVit pon\u00fakaj\u00fa r\u00f4zne mo\u017enosti prisp\u00f4sobenia v\u00fddajn\u00e9ho syst\u00e9mu po\u017eiadavk\u00e1m z\u00e1kazn\u00edkov. V\u0161etky syst\u00e9my je mo\u017en\u00e9 kombinova\u0165 s pokladni\u010dn\u00fdmi a kartov\u00fdmi syst\u00e9mami.<\/p>\t\t\t\t\t\t\t\t<\/div>\n\t\t\t\t<\/div>\n\t\t\t\t<\/div>\n\t\t\t\t\t<\/div>\n\t\t\t\t<\/div>\n\t\t<div class=\"elementor-element elementor-element-768433e e-flex e-con-boxed e-con e-parent\" data-id=\"768433e\" data-element_type=\"container\" data-e-type=\"container\">\n\t\t\t\t\t<div class=\"e-con-inner\">\n\t\t<div class=\"elementor-element elementor-element-55d5e2e e-con-full e-flex e-con e-child\" data-id=\"55d5e2e\" data-element_type=\"container\" data-e-type=\"container\">\n\t\t\t\t<div class=\"elementor-element elementor-element-40054ac elementor-widget elementor-widget-heading\" data-id=\"40054ac\" data-element_type=\"widget\" data-e-type=\"widget\" data-widget_type=\"heading.default\">\n\t\t\t\t<div class=\"elementor-widget-container\">\n\t\t\t\t\t<h2 class=\"elementor-heading-title elementor-size-default\">V\u00fddejn\u00ed za\u0159\u00edzen\u00ed Schankomat V5S<\/h2>\t\t\t\t<\/div>\n\t\t\t\t<\/div>\n\t\t\t\t<div class=\"elementor-element elementor-element-bab07e1 elementor-widget elementor-widget-text-editor\" data-id=\"bab07e1\" data-element_type=\"widget\" data-e-type=\"widget\" data-widget_type=\"text-editor.default\">\n\t\t\t\t<div class=\"elementor-widget-container\">\n\t\t\t\t\t\t\t\t\t<div class=\"one_third last\">D\u00e1vkova\u010d GrapiVit \u201eSchankomat V5S\u201c v\u00e1m nab\u00edz\u00ed mo\u017enost p\u0159ipravit 5 produkt\u016f GrapiVit, bu\u010f \u201eSTILL\u201c, nebo \u201eSPARKLY\u201c. Integrovan\u00e9 chlazen\u00ed a z\u00e1sobn\u00edk na sodu. Jednoduch\u00fd hygienick\u00fd \u010dist\u00edc\u00ed proces. Na po\u017e\u00e1d\u00e1n\u00ed je dostupn\u00fd s kontrolou porc\u00ed a p\u0159ipojen\u00edm na pokladn\u00ed nebo \u010dipov\u00e9 syst\u00e9my.<\/div>\t\t\t\t\t\t\t\t<\/div>\n\t\t\t\t<\/div>\n\t\t\t\t<\/div>\n\t\t<div class=\"elementor-element elementor-element-8203b99 e-con-full e-flex e-con e-child\" data-id=\"8203b99\" data-element_type=\"container\" data-e-type=\"container\">\n\t\t\t\t<div class=\"elementor-element elementor-element-fc219d8 elementor-widget elementor-widget-image\" data-id=\"fc219d8\" data-element_type=\"widget\" data-e-type=\"widget\" data-widget_type=\"image.default\">\n\t\t\t\t<div class=\"elementor-widget-container\">\n\t\t\t\t\t\t\t\t\t\t\t\t\t\t\t<img decoding=\"async\" width=\"150\" height=\"150\" src=\"https:\/\/grapos-softdrinks.cz\/wp-content\/uploads\/2026\/03\/V5S.webp\" class=\"attachment-medium size-medium wp-image-16556\" alt=\"\" \/>\t\t\t\t\t\t\t\t\t\t\t\t\t\t\t<\/div>\n\t\t\t\t<\/div>\n\t\t\t\t<\/div>\n\t\t\t\t\t<\/div>\n\t\t\t\t<\/div>\n\t\t<div class=\"elementor-element elementor-element-d33efef e-flex e-con-boxed e-con e-parent\" data-id=\"d33efef\" data-element_type=\"container\" data-e-type=\"container\">\n\t\t\t\t\t<div class=\"e-con-inner\">\n\t\t<div class=\"elementor-element elementor-element-e65120c e-con-full e-flex e-con e-child\" data-id=\"e65120c\" data-element_type=\"container\" data-e-type=\"container\">\n\t\t\t\t<div class=\"elementor-element elementor-element-43d7a4e elementor-widget elementor-widget-heading\" data-id=\"43d7a4e\" data-element_type=\"widget\" data-e-type=\"widget\" data-widget_type=\"heading.default\">\n\t\t\t\t<div class=\"elementor-widget-container\">\n\t\t\t\t\t<h2 class=\"elementor-heading-title elementor-size-default\">V\u00fddejn\u00ed za\u0159\u00edzen\u00ed Schankomat V7<\/h2>\t\t\t\t<\/div>\n\t\t\t\t<\/div>\n\t\t\t\t<div class=\"elementor-element elementor-element-dd0df2f elementor-widget elementor-widget-text-editor\" data-id=\"dd0df2f\" data-element_type=\"widget\" data-e-type=\"widget\" data-widget_type=\"text-editor.default\">\n\t\t\t\t<div class=\"elementor-widget-container\">\n\t\t\t\t\t\t\t\t\t<div class=\"one_third last\"><div class=\"one_third last\">D\u00e1vkova\u010d GrapiVit \u201eSchankomat V7\u201c v\u00e1m nab\u00edz\u00ed mo\u017enost p\u0159ipravit 7 produkt\u016f GrapiVit, bu\u010f \u201eSTILL\u201c, nebo \u201eSPARKLY\u201c. Integrovan\u00e9 chlazen\u00ed a z\u00e1sobn\u00edk na sodu. Jednoduch\u00fd hygienick\u00fd \u010dist\u00edc\u00ed proces. Na po\u017e\u00e1d\u00e1n\u00ed je dostupn\u00fd s kontrolou porc\u00ed a p\u0159ipojen\u00edm na pokladn\u00ed nebo \u010dipov\u00e9 syst\u00e9my.<\/div><\/div>\t\t\t\t\t\t\t\t<\/div>\n\t\t\t\t<\/div>\n\t\t\t\t<\/div>\n\t\t<div class=\"elementor-element elementor-element-fd6472c e-con-full e-flex e-con e-child\" data-id=\"fd6472c\" data-element_type=\"container\" data-e-type=\"container\">\n\t\t\t\t<div class=\"elementor-element elementor-element-6c585e9 elementor-widget elementor-widget-image\" data-id=\"6c585e9\" data-element_type=\"widget\" data-e-type=\"widget\" data-widget_type=\"image.default\">\n\t\t\t\t<div class=\"elementor-widget-container\">\n\t\t\t\t\t\t\t\t\t\t\t\t\t\t\t<img fetchpriority=\"high\" decoding=\"async\" width=\"300\" height=\"225\" src=\"https:\/\/grapos-softdrinks.cz\/wp-content\/uploads\/2026\/03\/Schankomat_GrapiVit_V7-300x225-2.webp\" class=\"attachment-medium size-medium wp-image-16557\" alt=\"\" \/>\t\t\t\t\t\t\t\t\t\t\t\t\t\t\t<\/div>\n\t\t\t\t<\/div>\n\t\t\t\t<\/div>\n\t\t\t\t\t<\/div>\n\t\t\t\t<\/div>\n\t\t<div class=\"elementor-element elementor-element-55ed7dc e-flex e-con-boxed e-con e-parent\" data-id=\"55ed7dc\" data-element_type=\"container\" data-e-type=\"container\">\n\t\t\t\t\t<div class=\"e-con-inner\">\n\t\t<div class=\"elementor-element elementor-element-6987605 e-con-full e-flex e-con e-child\" data-id=\"6987605\" data-element_type=\"container\" data-e-type=\"container\">\n\t\t\t\t<div class=\"elementor-element elementor-element-ee0793a elementor-widget elementor-widget-heading\" data-id=\"ee0793a\" data-element_type=\"widget\" data-e-type=\"widget\" data-widget_type=\"heading.default\">\n\t\t\t\t<div class=\"elementor-widget-container\">\n\t\t\t\t\t<h2 class=\"elementor-heading-title elementor-size-default\">GrapiVit towers\nSchankomat<\/h2>\t\t\t\t<\/div>\n\t\t\t\t<\/div>\n\t\t\t\t<div class=\"elementor-element elementor-element-4376638 elementor-widget elementor-widget-text-editor\" data-id=\"4376638\" data-element_type=\"widget\" data-e-type=\"widget\" data-widget_type=\"text-editor.default\">\n\t\t\t\t<div class=\"elementor-widget-container\">\n\t\t\t\t\t\t\t\t\t<div class=\"one_third last\"><div class=\"one_third last\">V\u011b\u017ee lze kombinovat v libovoln\u00e9m po\u0159ad\u00ed, a tak\u00e9 je mo\u017en\u00e9 m\u00edt jednu v\u011b\u017e se sycenou vodou. Na po\u017e\u00e1d\u00e1n\u00ed jsou k dispozici s kontrolou porc\u00ed a p\u0159ipojen\u00edm na \u010dipov\u00e9 syst\u00e9my. Horn\u00ed desky z nerezav\u011bj\u00edc\u00ed oceli s integrovan\u00fdm odkap\u00e1vac\u00edm t\u00e1ckem jsou dostupn\u00e9 jako jednotky se 4, 6 nebo 8 v\u011b\u017eemi. GrapiVit v\u011b\u017ee jsou nap\u00e1jeny extern\u00ed chladic\u00ed jednotkou.<\/div><\/div>\t\t\t\t\t\t\t\t<\/div>\n\t\t\t\t<\/div>\n\t\t\t\t<\/div>\n\t\t<div class=\"elementor-element elementor-element-b87c882 e-con-full e-flex e-con e-child\" data-id=\"b87c882\" data-element_type=\"container\" data-e-type=\"container\">\n\t\t\t\t<div class=\"elementor-element elementor-element-f82e780 elementor-widget elementor-widget-image\" data-id=\"f82e780\" data-element_type=\"widget\" data-e-type=\"widget\" data-widget_type=\"image.default\">\n\t\t\t\t<div class=\"elementor-widget-container\">\n\t\t\t\t\t\t\t\t\t\t\t\t\t\t\t<img decoding=\"async\" width=\"300\" height=\"225\" src=\"https:\/\/grapos-softdrinks.cz\/wp-content\/uploads\/2026\/03\/Schankomat_GrapiVit_Vitop4-300x225-1.webp\" class=\"attachment-medium size-medium wp-image-16558\" alt=\"\" \/>\t\t\t\t\t\t\t\t\t\t\t\t\t\t\t<\/div>\n\t\t\t\t<\/div>\n\t\t\t\t<\/div>\n\t\t\t\t\t<\/div>\n\t\t\t\t<\/div>\n\t\t<div class=\"elementor-element elementor-element-c8e93bb e-flex e-con-boxed e-con e-parent\" data-id=\"c8e93bb\" data-element_type=\"container\" data-e-type=\"container\">\n\t\t\t\t\t<div class=\"e-con-inner\">\n\t\t<div class=\"elementor-element elementor-element-494b46d e-con-full e-flex e-con e-child\" data-id=\"494b46d\" data-element_type=\"container\" data-e-type=\"container\">\n\t\t\t\t<div class=\"elementor-element elementor-element-509b9ba elementor-widget elementor-widget-heading\" data-id=\"509b9ba\" data-element_type=\"widget\" data-e-type=\"widget\" data-widget_type=\"heading.default\">\n\t\t\t\t<div class=\"elementor-widget-container\">\n\t\t\t\t\t<h2 class=\"elementor-heading-title elementor-size-default\">GrapiVit Multi-line tower\nSchankomat\nVitop 9<\/h2>\t\t\t\t<\/div>\n\t\t\t\t<\/div>\n\t\t\t\t<div class=\"elementor-element elementor-element-f1e71bd elementor-widget elementor-widget-text-editor\" data-id=\"f1e71bd\" data-element_type=\"widget\" data-e-type=\"widget\" data-widget_type=\"text-editor.default\">\n\t\t\t\t<div class=\"elementor-widget-container\">\n\t\t\t\t\t\t\t\t\t<div class=\"one_third last\"><div class=\"one_third last\"><div class=\"flex-shrink-0 flex flex-col relative items-end\"><div class=\"pt-0\"><div class=\"gizmo-bot-avatar flex h-8 w-8 items-center justify-center overflow-hidden rounded-full\"><div class=\"relative p-1 rounded-sm flex items-center justify-center bg-token-main-surface-primary text-token-text-primary h-8 w-8\">Stylov\u011b navr\u017eeno pro 9 r\u016fzn\u00fdch produkt\u016f GrapiVit. Jedna p\u00e1\u010dka m\u016f\u017ee b\u00fdt pou\u017eita se sycenou vodou. Na po\u017e\u00e1d\u00e1n\u00ed jsou k dispozici s kontrolou porc\u00ed a p\u0159ipojen\u00edm na pokladn\u00ed a \u010dipov\u00e9 syst\u00e9my. GrapiVit Multi-line tower jsou nap\u00e1jeny extern\u00ed chladic\u00ed jednotkou.<\/div><\/div><\/div><\/div><\/div><\/div>\t\t\t\t\t\t\t\t<\/div>\n\t\t\t\t<\/div>\n\t\t\t\t<\/div>\n\t\t<div class=\"elementor-element elementor-element-49ebe3d e-con-full e-flex e-con e-child\" data-id=\"49ebe3d\" data-element_type=\"container\" data-e-type=\"container\">\n\t\t\t\t<div class=\"elementor-element elementor-element-9fda644 elementor-widget elementor-widget-image\" data-id=\"9fda644\" data-element_type=\"widget\" data-e-type=\"widget\" data-widget_type=\"image.default\">\n\t\t\t\t<div class=\"elementor-widget-container\">\n\t\t\t\t\t\t\t\t\t\t\t\t\t\t\t<img loading=\"lazy\" decoding=\"async\" width=\"300\" height=\"225\" src=\"https:\/\/grapos-softdrinks.cz\/wp-content\/uploads\/2026\/03\/Schankomat_GrapiVit_Schankbalken9-300x225-1.webp\" class=\"attachment-medium size-medium wp-image-16559\" alt=\"\" \/>\t\t\t\t\t\t\t\t\t\t\t\t\t\t\t<\/div>\n\t\t\t\t<\/div>\n\t\t\t\t<\/div>\n\t\t\t\t\t<\/div>\n\t\t\t\t<\/div>\n\t\t<div class=\"elementor-element elementor-element-a82ca4f e-flex e-con-boxed e-con e-parent\" data-id=\"a82ca4f\" data-element_type=\"container\" data-e-type=\"container\">\n\t\t\t\t\t<div class=\"e-con-inner\">\n\t\t<div class=\"elementor-element elementor-element-9130f0e e-con-full e-flex e-con e-child\" data-id=\"9130f0e\" data-element_type=\"container\" data-e-type=\"container\">\n\t\t\t\t<div class=\"elementor-element elementor-element-2bab742 elementor-widget elementor-widget-heading\" data-id=\"2bab742\" data-element_type=\"widget\" data-e-type=\"widget\" data-widget_type=\"heading.default\">\n\t\t\t\t<div class=\"elementor-widget-container\">\n\t\t\t\t\t<h2 class=\"elementor-heading-title elementor-size-default\">GrapiVit Multi-line tower\nSchankomat\nVitop 11<\/h2>\t\t\t\t<\/div>\n\t\t\t\t<\/div>\n\t\t\t\t<div class=\"elementor-element elementor-element-f562349 elementor-widget elementor-widget-text-editor\" data-id=\"f562349\" data-element_type=\"widget\" data-e-type=\"widget\" data-widget_type=\"text-editor.default\">\n\t\t\t\t<div class=\"elementor-widget-container\">\n\t\t\t\t\t\t\t\t\t<div class=\"one_third last\"><div class=\"one_third last\">Stylov\u011b navr\u017eeno pro 11 r\u016fzn\u00fdch produkt\u016f GrapiVit. Jedna p\u00e1\u010dka m\u016f\u017ee b\u00fdt pou\u017eita se sycenou vodou. Na po\u017e\u00e1d\u00e1n\u00ed jsou k dispozici s kontrolou porc\u00ed a p\u0159ipojen\u00edm na pokladn\u00ed a \u010dipov\u00e9 syst\u00e9my. GrapiVit Multi-line tower jsou nap\u00e1jeny extern\u00ed chladic\u00ed jednotkou.<\/div><\/div>\t\t\t\t\t\t\t\t<\/div>\n\t\t\t\t<\/div>\n\t\t\t\t<\/div>\n\t\t<div class=\"elementor-element elementor-element-cde0402 e-con-full e-flex e-con e-child\" data-id=\"cde0402\" data-element_type=\"container\" data-e-type=\"container\">\n\t\t\t\t<div class=\"elementor-element elementor-element-487290e elementor-widget elementor-widget-image\" data-id=\"487290e\" data-element_type=\"widget\" data-e-type=\"widget\" data-widget_type=\"image.default\">\n\t\t\t\t<div class=\"elementor-widget-container\">\n\t\t\t\t\t\t\t\t\t\t\t\t\t\t\t<img loading=\"lazy\" decoding=\"async\" width=\"300\" height=\"225\" src=\"https:\/\/grapos-softdrinks.cz\/wp-content\/uploads\/2026\/03\/Schankomat_GrapiVit_Schankbalken11-300x225-1.webp\" class=\"attachment-medium size-medium wp-image-16560\" alt=\"\" \/>\t\t\t\t\t\t\t\t\t\t\t\t\t\t\t<\/div>\n\t\t\t\t<\/div>\n\t\t\t\t<\/div>\n\t\t\t\t\t<\/div>\n\t\t\t\t<\/div>\n\t\t<div class=\"elementor-element elementor-element-51b893e e-flex e-con-boxed e-con e-parent\" data-id=\"51b893e\" data-element_type=\"container\" data-e-type=\"container\">\n\t\t\t\t\t<div class=\"e-con-inner\">\n\t\t<div class=\"elementor-element elementor-element-771a259 e-con-full e-flex e-con e-child\" data-id=\"771a259\" data-element_type=\"container\" data-e-type=\"container\">\n\t\t\t\t<div class=\"elementor-element elementor-element-73b7d4a elementor-widget elementor-widget-heading\" data-id=\"73b7d4a\" data-element_type=\"widget\" data-e-type=\"widget\" data-widget_type=\"heading.default\">\n\t\t\t\t<div class=\"elementor-widget-container\">\n\t\t\t\t\t<h2 class=\"elementor-heading-title elementor-size-default\">CounterTop\nSchankomat\nVITOP11S<\/h2>\t\t\t\t<\/div>\n\t\t\t\t<\/div>\n\t\t\t\t<div class=\"elementor-element elementor-element-a5149d4 elementor-widget elementor-widget-text-editor\" data-id=\"a5149d4\" data-element_type=\"widget\" data-e-type=\"widget\" data-widget_type=\"text-editor.default\">\n\t\t\t\t<div class=\"elementor-widget-container\">\n\t\t\t\t\t\t\t\t\t<div class=\"one_third last\"><div class=\"one_third last\">Stylov\u011b navr\u017eeno pro 11 r\u016fzn\u00fdch produkt\u016f GrapiVit. V\u0161echny produkty mohou b\u00fdt d\u00e1vkov\u00e1ny bu\u010f \u201eSTILL\u201c, nebo \u201eSPARKLY\u201c. Na po\u017e\u00e1d\u00e1n\u00ed jsou k dispozici s kontrolou porc\u00ed a p\u0159ipojen\u00edm na pokladn\u00ed a \u010dipov\u00e9 syst\u00e9my. GrapiVit n\u011bkolik v\u011b\u017ee je nap\u00e1jeno extern\u00ed chladic\u00ed jednotkou.<\/div><\/div>\t\t\t\t\t\t\t\t<\/div>\n\t\t\t\t<\/div>\n\t\t\t\t<\/div>\n\t\t<div class=\"elementor-element elementor-element-ae420af e-con-full e-flex e-con e-child\" data-id=\"ae420af\" data-element_type=\"container\" data-e-type=\"container\">\n\t\t\t\t<div class=\"elementor-element elementor-element-d9d619a elementor-widget elementor-widget-image\" data-id=\"d9d619a\" data-element_type=\"widget\" data-e-type=\"widget\" data-widget_type=\"image.default\">\n\t\t\t\t<div class=\"elementor-widget-container\">\n\t\t\t\t\t\t\t\t\t\t\t\t\t\t\t<img loading=\"lazy\" decoding=\"async\" width=\"150\" height=\"150\" src=\"https:\/\/grapos-softdrinks.cz\/wp-content\/uploads\/2026\/03\/Vitop11S.webp\" class=\"attachment-medium size-medium wp-image-16561\" alt=\"\" \/>\t\t\t\t\t\t\t\t\t\t\t\t\t\t\t<\/div>\n\t\t\t\t<\/div>\n\t\t\t\t<\/div>\n\t\t\t\t\t<\/div>\n\t\t\t\t<\/div>\n\t\t\t\t<\/div>\n\t\t","protected":false},"excerpt":{"rendered":"<p>Technologie GrapiVit \u2013 v\u00edce ne\u017e v\u00fd\u010depn\u00ed syst\u00e9m Vysok\u00fd mie\u0161acVysok\u00fd m\u00edchac\u00ed pom\u011br charakterizovan\u00fd produktovou \u0159adou vy\u017eaduje speci\u00e1ln\u00ed technologii. V\u00fddejn\u00ed syst\u00e9my Schankomat GrapiVit nab\u00edzej\u00ed r\u016fzn\u00e9 mo\u017enosti p\u0159izp\u016fsoben\u00ed v\u00fddejn\u00edho syst\u00e9mu po\u017eadavk\u016fm z\u00e1kazn\u00edk\u016f. V\u0161echny syst\u00e9my lze kombinovat s pokladn\u00edmi a kartov\u00fdmi syst\u00e9my.\u00ed pomer charakterizovan\u00fd produktov\u00fdm radom vy\u017eaduje \u0161peci\u00e1lnu technol\u00f3giu. V\u00fddajn\u00e9 syst\u00e9my Schankomat GrapiVit pon\u00fakaj\u00fa r\u00f4zne mo\u017enosti prisp\u00f4sobenia v\u00fddajn\u00e9ho syst\u00e9mu [&hellip;]<\/p>\n","protected":false},"author":1,"featured_media":0,"parent":0,"menu_order":0,"comment_status":"closed","ping_status":"closed","template":"elementor_header_footer","meta":{"footnotes":""},"class_list":["post-534","page","type-page","status-publish","hentry","entry"],"_links":{"self":[{"href":"https:\/\/grapos-softdrinks.cz\/index.php?rest_route=\/wp\/v2\/pages\/534","targetHints":{"allow":["GET"]}}],"collection":[{"href":"https:\/\/grapos-softdrinks.cz\/index.php?rest_route=\/wp\/v2\/pages"}],"about":[{"href":"https:\/\/grapos-softdrinks.cz\/index.php?rest_route=\/wp\/v2\/types\/page"}],"author":[{"embeddable":true,"href":"https:\/\/grapos-softdrinks.cz\/index.php?rest_route=\/wp\/v2\/users\/1"}],"replies":[{"embeddable":true,"href":"https:\/\/grapos-softdrinks.cz\/index.php?rest_route=%2Fwp%2Fv2%2Fcomments&post=534"}],"version-history":[{"count":40,"href":"https:\/\/grapos-softdrinks.cz\/index.php?rest_route=\/wp\/v2\/pages\/534\/revisions"}],"predecessor-version":[{"id":16564,"href":"https:\/\/grapos-softdrinks.cz\/index.php?rest_route=\/wp\/v2\/pages\/534\/revisions\/16564"}],"wp:attachment":[{"href":"https:\/\/grapos-softdrinks.cz\/index.php?rest_route=%2Fwp%2Fv2%2Fmedia&parent=534"}],"curies":[{"name":"wp","href":"https:\/\/api.w.org\/{rel}","templated":true}]}}