{"id":530,"date":"2024-09-24T22:48:57","date_gmt":"2024-09-24T22:48:57","guid":{"rendered":"https:\/\/grapos-softdrinks.cz\/?page_id=530"},"modified":"2026-03-22T18:30:53","modified_gmt":"2026-03-22T18:30:53","slug":"pocitacove-davkovacie-systemy","status":"publish","type":"page","link":"https:\/\/grapos-softdrinks.cz\/?page_id=530","title":{"rendered":"Po\u010d\u00edta\u010dov\u00e9 d\u00e1vkovacie syst\u00e9my"},"content":{"rendered":"\t\t<div data-elementor-type=\"wp-page\" data-elementor-id=\"530\" class=\"elementor elementor-530\" data-elementor-post-type=\"page\">\n\t\t\t\t<div class=\"elementor-element elementor-element-9edc90d e-flex e-con-boxed e-con e-parent\" data-id=\"9edc90d\" data-element_type=\"container\" data-e-type=\"container\">\n\t\t\t\t\t<div class=\"e-con-inner\">\n\t\t\t\t<div class=\"elementor-element elementor-element-8fb05f2 elementor-post-navigation-borders-yes elementor-widget elementor-widget-post-navigation\" data-id=\"8fb05f2\" data-element_type=\"widget\" data-e-type=\"widget\" data-widget_type=\"post-navigation.default\">\n\t\t\t\t<div class=\"elementor-widget-container\">\n\t\t\t\t\t\t\t<div class=\"elementor-post-navigation\">\n\t\t\t<div class=\"elementor-post-navigation__prev elementor-post-navigation__link\">\n\t\t\t\t<a href=\"https:\/\/grapos-softdrinks.cz\/?page_id=549\" rel=\"prev\"><span class=\"post-navigation__arrow-wrapper post-navigation__arrow-prev\"><i class=\"fa fa-arrow-circle-left\" aria-hidden=\"true\"><\/i><span class=\"elementor-screen-only\">Prev<\/span><\/span><span class=\"elementor-post-navigation__link__prev\"><span class=\"post-navigation__prev--label\">P\u0159edchoz\u00ed str\u00e1nka<\/span><span class=\"post-navigation__prev--title\">V\u00fddajn\u00e9 zariadenia<\/span><\/span><\/a>\t\t\t<\/div>\n\t\t\t\t\t\t\t<div class=\"elementor-post-navigation__separator-wrapper\">\n\t\t\t\t\t<div class=\"elementor-post-navigation__separator\"><\/div>\n\t\t\t\t<\/div>\n\t\t\t\t\t\t<div class=\"elementor-post-navigation__next elementor-post-navigation__link\">\n\t\t\t\t<a href=\"https:\/\/grapos-softdrinks.cz\/?page_id=532\" rel=\"next\"><span class=\"elementor-post-navigation__link__next\"><span class=\"post-navigation__next--label\">Dal\u0161\u00ed str\u00e1nka<\/span><span class=\"post-navigation__next--title\">Technol\u00f3gia GrapiSun<\/span><\/span><span class=\"post-navigation__arrow-wrapper post-navigation__arrow-next\"><i class=\"fa fa-arrow-circle-right\" aria-hidden=\"true\"><\/i><span class=\"elementor-screen-only\">Next<\/span><\/span><\/a>\t\t\t<\/div>\n\t\t<\/div>\n\t\t\t\t\t\t<\/div>\n\t\t\t\t<\/div>\n\t\t\t\t\t<\/div>\n\t\t\t\t<\/div>\n\t\t<div class=\"elementor-element elementor-element-e82743f e-flex e-con-boxed e-con e-parent\" data-id=\"e82743f\" data-element_type=\"container\" data-e-type=\"container\">\n\t\t\t\t\t<div class=\"e-con-inner\">\n\t\t<div class=\"elementor-element elementor-element-c9a41e0 e-con-full e-flex e-con e-child\" data-id=\"c9a41e0\" data-element_type=\"container\" data-e-type=\"container\">\n\t\t\t\t<div class=\"elementor-element elementor-element-06ccfe4 elementor-widget elementor-widget-heading\" data-id=\"06ccfe4\" data-element_type=\"widget\" data-e-type=\"widget\" data-widget_type=\"heading.default\">\n\t\t\t\t<div class=\"elementor-widget-container\">\n\t\t\t\t\t<h2 class=\"elementor-heading-title elementor-size-default\">Schankomat Origin\u00e1l \u2013 v\u00edce ne\u017e jen \u010depovac\u00ed stanice<\/h2>\t\t\t\t<\/div>\n\t\t\t\t<\/div>\n\t\t\t\t<div class=\"elementor-element elementor-element-dc311a2 elementor-widget elementor-widget-text-editor\" data-id=\"dc311a2\" data-element_type=\"widget\" data-e-type=\"widget\" data-widget_type=\"text-editor.default\">\n\t\t\t\t<div class=\"elementor-widget-container\">\n\t\t\t\t\t\t\t\t\t<p>Produktov\u00e1 linie \u201eOriginal Schankomat\u201c \u2013 Avantgarde nab\u00edz\u00ed krom\u011b charakteristick\u00e9ho vzhledu produktov\u00e9 rodiny i pot\u0159ebn\u00e1 dopl\u0148kov\u00e1 za\u0159\u00edzen\u00ed pro registraci v gastronomii.<\/p>\t\t\t\t\t\t\t\t<\/div>\n\t\t\t\t<\/div>\n\t\t\t\t<\/div>\n\t\t\t\t\t<\/div>\n\t\t\t\t<\/div>\n\t\t<div class=\"elementor-element elementor-element-c3bcab0 e-flex e-con-boxed e-con e-parent\" data-id=\"c3bcab0\" data-element_type=\"container\" data-e-type=\"container\">\n\t\t\t\t\t<div class=\"e-con-inner\">\n\t\t<div class=\"elementor-element elementor-element-e36a2d7 e-con-full e-flex e-con e-child\" data-id=\"e36a2d7\" data-element_type=\"container\" data-e-type=\"container\">\n\t\t\t\t<div class=\"elementor-element elementor-element-03bfa04 elementor-widget elementor-widget-heading\" data-id=\"03bfa04\" data-element_type=\"widget\" data-e-type=\"widget\" data-widget_type=\"heading.default\">\n\t\t\t\t<div class=\"elementor-widget-container\">\n\t\t\t\t\t<h2 class=\"elementor-heading-title elementor-size-default\">Schankomat\nAvantgarde linie<\/h2>\t\t\t\t<\/div>\n\t\t\t\t<\/div>\n\t\t\t\t<div class=\"elementor-element elementor-element-58ca8f7 elementor-widget elementor-widget-text-editor\" data-id=\"58ca8f7\" data-element_type=\"widget\" data-e-type=\"widget\" data-widget_type=\"text-editor.default\">\n\t\t\t\t<div class=\"elementor-widget-container\">\n\t\t\t\t\t\t\t\t\t<ul><li>Schankomat C2006<\/li><li>Schankomat C2008<\/li><li>Schankomat C2010<\/li><li>Schankomat C2012<\/li><\/ul>\t\t\t\t\t\t\t\t<\/div>\n\t\t\t\t<\/div>\n\t\t\t\t<div class=\"elementor-element elementor-element-8c6db1a elementor-widget elementor-widget-text-editor\" data-id=\"8c6db1a\" data-element_type=\"widget\" data-e-type=\"widget\" data-widget_type=\"text-editor.default\">\n\t\t\t\t<div class=\"elementor-widget-container\">\n\t\t\t\t\t\t\t\t\t<p>\u010cepovac\u00ed hlavy \u201eOriginal Schankomat\u201c pro \u010depov\u00e1n\u00ed z otev\u0159en\u00fdch n\u00e1dob se standardn\u011b vyr\u00e1b\u011bj\u00ed jako za\u0159\u00edzen\u00ed s 6, 8, 10 nebo 12 v\u00fdvody. \u010cepov\u00e1n\u00ed piva lze realizovat bu\u010f p\u0159es v\u00fd\u010depn\u00ed hlavu, nebo p\u0159es stylov\u00fd pivn\u00ed sloup. Integrovan\u00e9 ovl\u00e1d\u00e1n\u00ed zaji\u0161\u0165uje nejvy\u0161\u0161\u00ed mo\u017enou bezpe\u010dnost a kompatibilitu s t\u00e9m\u011b\u0159 v\u0161emi pokladn\u00edmi syst\u00e9my.<\/p>\t\t\t\t\t\t\t\t<\/div>\n\t\t\t\t<\/div>\n\t\t\t\t<\/div>\n\t\t<div class=\"elementor-element elementor-element-c7d9c82 e-con-full e-flex e-con e-child\" data-id=\"c7d9c82\" data-element_type=\"container\" data-e-type=\"container\">\n\t\t\t\t<div class=\"elementor-element elementor-element-44c4d21 elementor-widget elementor-widget-image\" data-id=\"44c4d21\" data-element_type=\"widget\" data-e-type=\"widget\" data-widget_type=\"image.default\">\n\t\t\t\t<div class=\"elementor-widget-container\">\n\t\t\t\t\t\t\t\t\t\t\t\t\t\t\t<img fetchpriority=\"high\" decoding=\"async\" width=\"266\" height=\"300\" src=\"https:\/\/grapos-softdrinks.cz\/wp-content\/uploads\/2026\/03\/Schankomat_Avantgarde-266x300-1.webp\" class=\"attachment-medium size-medium wp-image-16540\" alt=\"\" \/>\t\t\t\t\t\t\t\t\t\t\t\t\t\t\t<\/div>\n\t\t\t\t<\/div>\n\t\t\t\t<\/div>\n\t\t\t\t\t<\/div>\n\t\t\t\t<\/div>\n\t\t<div class=\"elementor-element elementor-element-9e78016 e-flex e-con-boxed e-con e-parent\" data-id=\"9e78016\" data-element_type=\"container\" data-e-type=\"container\">\n\t\t\t\t\t<div class=\"e-con-inner\">\n\t\t<div class=\"elementor-element elementor-element-addac29 e-con-full e-flex e-con e-child\" data-id=\"addac29\" data-element_type=\"container\" data-e-type=\"container\">\n\t\t\t\t<div class=\"elementor-element elementor-element-09972a7 elementor-widget elementor-widget-heading\" data-id=\"09972a7\" data-element_type=\"widget\" data-e-type=\"widget\" data-widget_type=\"heading.default\">\n\t\t\t\t<div class=\"elementor-widget-container\">\n\t\t\t\t\t<h2 class=\"elementor-heading-title elementor-size-default\">Schankomat\nTouch linie<\/h2>\t\t\t\t<\/div>\n\t\t\t\t<\/div>\n\t\t\t\t<div class=\"elementor-element elementor-element-08a0d15 elementor-widget elementor-widget-text-editor\" data-id=\"08a0d15\" data-element_type=\"widget\" data-e-type=\"widget\" data-widget_type=\"text-editor.default\">\n\t\t\t\t<div class=\"elementor-widget-container\">\n\t\t\t\t\t\t\t\t\t<ul><li>Touch-Cocktailer<\/li><\/ul>\t\t\t\t\t\t\t\t<\/div>\n\t\t\t\t<\/div>\n\t\t\t\t<div class=\"elementor-element elementor-element-b470976 elementor-widget elementor-widget-text-editor\" data-id=\"b470976\" data-element_type=\"widget\" data-e-type=\"widget\" data-widget_type=\"text-editor.default\">\n\t\t\t\t<div class=\"elementor-widget-container\">\n\t\t\t\t\t\t\t\t\t<p>\u201eOriginal Schankomat\u201c \u2013 Touch-Cocktailer d\u00e1vkuje libovoln\u00fd po\u010det r\u016fzn\u00fdch koktejl\u016f (v\u00edce ne\u017e 1000) p\u0159\u00edmo do m\u00edchac\u00ed sklen\u011bn\u00e9 n\u00e1doby nebo shakeru. Jednoduch\u00e1 obsluha, konzistentn\u00ed kvalita a v\u00fdkonnost jsou charakteristick\u00e9 pro toto \u010depovac\u00ed za\u0159\u00edzen\u00ed.<\/p>\t\t\t\t\t\t\t\t<\/div>\n\t\t\t\t<\/div>\n\t\t\t\t<\/div>\n\t\t<div class=\"elementor-element elementor-element-9982d04 e-con-full e-flex e-con e-child\" data-id=\"9982d04\" data-element_type=\"container\" data-e-type=\"container\">\n\t\t\t\t<div class=\"elementor-element elementor-element-4b8c10c elementor-widget elementor-widget-image\" data-id=\"4b8c10c\" data-element_type=\"widget\" data-e-type=\"widget\" data-widget_type=\"image.default\">\n\t\t\t\t<div class=\"elementor-widget-container\">\n\t\t\t\t\t\t\t\t\t\t\t\t\t\t\t<img decoding=\"async\" width=\"200\" height=\"150\" src=\"https:\/\/grapos-softdrinks.cz\/wp-content\/uploads\/2026\/03\/Schankomat_Cocktailer.webp\" class=\"attachment-medium size-medium wp-image-16541\" alt=\"\" \/>\t\t\t\t\t\t\t\t\t\t\t\t\t\t\t<\/div>\n\t\t\t\t<\/div>\n\t\t\t\t<\/div>\n\t\t\t\t\t<\/div>\n\t\t\t\t<\/div>\n\t\t<div class=\"elementor-element elementor-element-e6a0b33 e-flex e-con-boxed e-con e-parent\" data-id=\"e6a0b33\" data-element_type=\"container\" data-e-type=\"container\">\n\t\t\t\t\t<div class=\"e-con-inner\">\n\t\t<div class=\"elementor-element elementor-element-8b1131f e-con-full e-flex e-con e-child\" data-id=\"8b1131f\" data-element_type=\"container\" data-e-type=\"container\">\n\t\t\t\t<div class=\"elementor-element elementor-element-8de3edc elementor-widget elementor-widget-heading\" data-id=\"8de3edc\" data-element_type=\"widget\" data-e-type=\"widget\" data-widget_type=\"heading.default\">\n\t\t\t\t<div class=\"elementor-widget-container\">\n\t\t\t\t\t<h2 class=\"elementor-heading-title elementor-size-default\">Schankomat\nAvantgarde linie<\/h2>\t\t\t\t<\/div>\n\t\t\t\t<\/div>\n\t\t\t\t<div class=\"elementor-element elementor-element-4f74909 elementor-widget elementor-widget-text-editor\" data-id=\"4f74909\" data-element_type=\"widget\" data-e-type=\"widget\" data-widget_type=\"text-editor.default\">\n\t\t\t\t<div class=\"elementor-widget-container\">\n\t\t\t\t\t\t\t\t\t<ul><li>Barov\u00e1 pistole<\/li><\/ul>\t\t\t\t\t\t\t\t<\/div>\n\t\t\t\t<\/div>\n\t\t\t\t<div class=\"elementor-element elementor-element-b4705ae elementor-widget elementor-widget-text-editor\" data-id=\"b4705ae\" data-element_type=\"widget\" data-e-type=\"widget\" data-widget_type=\"text-editor.default\">\n\t\t\t\t<div class=\"elementor-widget-container\">\n\t\t\t\t\t\t\t\t\t<p>\u201eOriginal Schankomat\u201c \u2013 D\u00e1vkovac\u00ed pistole na lihoviny je jednoduch\u00fdm dopl\u0148kem pro bar. Jako dopl\u0148kov\u00e9 za\u0159\u00edzen\u00ed poskytuje d\u00e1vkovac\u00ed pistole maxim\u00e1ln\u00ed flexibilitu.<\/p>\t\t\t\t\t\t\t\t<\/div>\n\t\t\t\t<\/div>\n\t\t\t\t<\/div>\n\t\t<div class=\"elementor-element elementor-element-00e8c1f e-con-full e-flex e-con e-child\" data-id=\"00e8c1f\" data-element_type=\"container\" data-e-type=\"container\">\n\t\t\t\t<div class=\"elementor-element elementor-element-a9683c3 elementor-widget elementor-widget-image\" data-id=\"a9683c3\" data-element_type=\"widget\" data-e-type=\"widget\" data-widget_type=\"image.default\">\n\t\t\t\t<div class=\"elementor-widget-container\">\n\t\t\t\t\t\t\t\t\t\t\t\t\t\t\t<img decoding=\"async\" width=\"300\" height=\"225\" src=\"https:\/\/grapos-softdrinks.cz\/wp-content\/uploads\/2026\/03\/Schankomat_Zapfpistole-300x225-1.webp\" class=\"attachment-medium size-medium wp-image-16542\" alt=\"\" \/>\t\t\t\t\t\t\t\t\t\t\t\t\t\t\t<\/div>\n\t\t\t\t<\/div>\n\t\t\t\t<\/div>\n\t\t\t\t\t<\/div>\n\t\t\t\t<\/div>\n\t\t<div class=\"elementor-element elementor-element-35fe0eb e-flex e-con-boxed e-con e-parent\" data-id=\"35fe0eb\" data-element_type=\"container\" data-e-type=\"container\">\n\t\t\t\t\t<div class=\"e-con-inner\">\n\t\t<div class=\"elementor-element elementor-element-d205b13 e-con-full e-flex e-con e-child\" data-id=\"d205b13\" data-element_type=\"container\" data-e-type=\"container\">\n\t\t\t\t<div class=\"elementor-element elementor-element-aa48fcb elementor-widget elementor-widget-heading\" data-id=\"aa48fcb\" data-element_type=\"widget\" data-e-type=\"widget\" data-widget_type=\"heading.default\">\n\t\t\t\t<div class=\"elementor-widget-container\">\n\t\t\t\t\t<h2 class=\"elementor-heading-title elementor-size-default\">Schankomat\nAvantgarde linie<\/h2>\t\t\t\t<\/div>\n\t\t\t\t<\/div>\n\t\t\t\t<div class=\"elementor-element elementor-element-35f5789 elementor-widget elementor-widget-text-editor\" data-id=\"35f5789\" data-element_type=\"widget\" data-e-type=\"widget\" data-widget_type=\"text-editor.default\">\n\t\t\t\t<div class=\"elementor-widget-container\">\n\t\t\t\t\t\t\t\t\t<ul><li>Spiritmaster<\/li><\/ul>\t\t\t\t\t\t\t\t<\/div>\n\t\t\t\t<\/div>\n\t\t\t\t<div class=\"elementor-element elementor-element-88175a2 elementor-widget elementor-widget-text-editor\" data-id=\"88175a2\" data-element_type=\"widget\" data-e-type=\"widget\" data-widget_type=\"text-editor.default\">\n\t\t\t\t<div class=\"elementor-widget-container\">\n\t\t\t\t\t\t\t\t\t<p>\u201eOriginal Schankomat\u201c \u2013 Spiritmaster je jedine\u010dn\u00e9 \u0159e\u0161en\u00ed od Grapos-Schankomat pro kontrolovan\u00e9 d\u00e1vkov\u00e1n\u00ed lihovin. L\u00e1hve, kter\u00e9 se nikdy nevypr\u00e1zdn\u00ed!<\/p>\t\t\t\t\t\t\t\t<\/div>\n\t\t\t\t<\/div>\n\t\t\t\t<\/div>\n\t\t<div class=\"elementor-element elementor-element-ab53562 e-con-full e-flex e-con e-child\" data-id=\"ab53562\" data-element_type=\"container\" data-e-type=\"container\">\n\t\t\t\t<div class=\"elementor-element elementor-element-1421ee6 elementor-widget elementor-widget-image\" data-id=\"1421ee6\" data-element_type=\"widget\" data-e-type=\"widget\" data-widget_type=\"image.default\">\n\t\t\t\t<div class=\"elementor-widget-container\">\n\t\t\t\t\t\t\t\t\t\t\t\t\t\t\t<img loading=\"lazy\" decoding=\"async\" width=\"300\" height=\"225\" src=\"https:\/\/grapos-softdrinks.cz\/wp-content\/uploads\/2026\/03\/Schankomat_Spiritmaster1-300x225-1.webp\" class=\"attachment-medium size-medium wp-image-16543\" alt=\"\" \/>\t\t\t\t\t\t\t\t\t\t\t\t\t\t\t<\/div>\n\t\t\t\t<\/div>\n\t\t\t\t<\/div>\n\t\t\t\t\t<\/div>\n\t\t\t\t<\/div>\n\t\t<div class=\"elementor-element elementor-element-f6dfccd e-flex e-con-boxed e-con e-parent\" data-id=\"f6dfccd\" data-element_type=\"container\" data-e-type=\"container\">\n\t\t\t\t\t<div class=\"e-con-inner\">\n\t\t<div class=\"elementor-element elementor-element-1d0ba4c e-con-full e-flex e-con e-child\" data-id=\"1d0ba4c\" data-element_type=\"container\" data-e-type=\"container\">\n\t\t\t\t<div class=\"elementor-element elementor-element-5cccad6 elementor-widget elementor-widget-heading\" data-id=\"5cccad6\" data-element_type=\"widget\" data-e-type=\"widget\" data-widget_type=\"heading.default\">\n\t\t\t\t<div class=\"elementor-widget-container\">\n\t\t\t\t\t<h2 class=\"elementor-heading-title elementor-size-default\">Schankomat\nAvantgarde linie<\/h2>\t\t\t\t<\/div>\n\t\t\t\t<\/div>\n\t\t\t\t<div class=\"elementor-element elementor-element-4199700 elementor-widget elementor-widget-text-editor\" data-id=\"4199700\" data-element_type=\"widget\" data-e-type=\"widget\" data-widget_type=\"text-editor.default\">\n\t\t\t\t<div class=\"elementor-widget-container\">\n\t\t\t\t\t\t\t\t\t<ul><li>TABC<\/li><\/ul>\t\t\t\t\t\t\t\t<\/div>\n\t\t\t\t<\/div>\n\t\t\t\t<div class=\"elementor-element elementor-element-925ae11 elementor-widget elementor-widget-text-editor\" data-id=\"925ae11\" data-element_type=\"widget\" data-e-type=\"widget\" data-widget_type=\"text-editor.default\">\n\t\t\t\t<div class=\"elementor-widget-container\">\n\t\t\t\t\t\t\t\t\t<p>\u201eOriginal Schankomat\u201c \u2013 TABC syst\u00e9m kontroluje \u010depov\u00e1n\u00ed v\u00edna a lihovin z lahv\u00ed. Jednoduch\u00e9, praktick\u00e9 a funk\u010dn\u00ed!<\/p>\t\t\t\t\t\t\t\t<\/div>\n\t\t\t\t<\/div>\n\t\t\t\t<\/div>\n\t\t<div class=\"elementor-element elementor-element-1e15b99 e-con-full e-flex e-con e-child\" data-id=\"1e15b99\" data-element_type=\"container\" data-e-type=\"container\">\n\t\t\t\t<div class=\"elementor-element elementor-element-350eb37 elementor-widget elementor-widget-image\" data-id=\"350eb37\" data-element_type=\"widget\" data-e-type=\"widget\" data-widget_type=\"image.default\">\n\t\t\t\t<div class=\"elementor-widget-container\">\n\t\t\t\t\t\t\t\t\t\t\t\t\t\t\t<img loading=\"lazy\" decoding=\"async\" width=\"300\" height=\"225\" src=\"https:\/\/grapos-softdrinks.cz\/wp-content\/uploads\/2026\/03\/Schankomat_TABC-300x225-1.webp\" class=\"attachment-medium size-medium wp-image-16544\" alt=\"\" \/>\t\t\t\t\t\t\t\t\t\t\t\t\t\t\t<\/div>\n\t\t\t\t<\/div>\n\t\t\t\t<\/div>\n\t\t\t\t\t<\/div>\n\t\t\t\t<\/div>\n\t\t<div class=\"elementor-element elementor-element-82c9a4e e-flex e-con-boxed e-con e-parent\" data-id=\"82c9a4e\" data-element_type=\"container\" data-e-type=\"container\">\n\t\t\t\t\t<div class=\"e-con-inner\">\n\t\t<div class=\"elementor-element elementor-element-2145945 e-con-full e-flex e-con e-child\" data-id=\"2145945\" data-element_type=\"container\" data-e-type=\"container\">\n\t\t\t\t<div class=\"elementor-element elementor-element-ccd256d elementor-widget elementor-widget-heading\" data-id=\"ccd256d\" data-element_type=\"widget\" data-e-type=\"widget\" data-widget_type=\"heading.default\">\n\t\t\t\t<div class=\"elementor-widget-container\">\n\t\t\t\t\t<h2 class=\"elementor-heading-title elementor-size-default\">Schankomat\nAvantgarde linie<\/h2>\t\t\t\t<\/div>\n\t\t\t\t<\/div>\n\t\t\t\t<div class=\"elementor-element elementor-element-93bf5af elementor-widget elementor-widget-text-editor\" data-id=\"93bf5af\" data-element_type=\"widget\" data-e-type=\"widget\" data-widget_type=\"text-editor.default\">\n\t\t\t\t<div class=\"elementor-widget-container\">\n\t\t\t\t\t\t\t\t\t<ul><li>Bottle Lock<\/li><\/ul>\t\t\t\t\t\t\t\t<\/div>\n\t\t\t\t<\/div>\n\t\t\t\t<div class=\"elementor-element elementor-element-a9eafde elementor-widget elementor-widget-text-editor\" data-id=\"a9eafde\" data-element_type=\"widget\" data-e-type=\"widget\" data-widget_type=\"text-editor.default\">\n\t\t\t\t<div class=\"elementor-widget-container\">\n\t\t\t\t\t\t\t\t\t<p>\u201eOriginal Schankomat\u201c \u2013 Bottle Lock syst\u00e9m registruje lahvov\u00e9 zbo\u017e\u00ed. Speci\u00e1ln\u00ed uz\u00e1v\u011brov\u00e9 v\u00ed\u010dky jsou k dispozici pro t\u00e9m\u011b\u0159 v\u0161echny typy lahv\u00ed.<\/p>\t\t\t\t\t\t\t\t<\/div>\n\t\t\t\t<\/div>\n\t\t\t\t<\/div>\n\t\t<div class=\"elementor-element elementor-element-b8a3510 e-con-full e-flex e-con e-child\" data-id=\"b8a3510\" data-element_type=\"container\" data-e-type=\"container\">\n\t\t\t\t<div class=\"elementor-element elementor-element-d7cee38 elementor-widget elementor-widget-image\" data-id=\"d7cee38\" data-element_type=\"widget\" data-e-type=\"widget\" data-widget_type=\"image.default\">\n\t\t\t\t<div class=\"elementor-widget-container\">\n\t\t\t\t\t\t\t\t\t\t\t\t\t\t\t<img loading=\"lazy\" decoding=\"async\" width=\"300\" height=\"225\" src=\"https:\/\/grapos-softdrinks.cz\/wp-content\/uploads\/2026\/03\/Schankomat_BottleLock-300x225-2.webp\" class=\"attachment-medium size-medium wp-image-16545\" alt=\"\" \/>\t\t\t\t\t\t\t\t\t\t\t\t\t\t\t<\/div>\n\t\t\t\t<\/div>\n\t\t\t\t<\/div>\n\t\t\t\t\t<\/div>\n\t\t\t\t<\/div>\n\t\t\t\t<\/div>\n\t\t","protected":false},"excerpt":{"rendered":"<p>Schankomat Origin\u00e1l \u2013 v\u00edce ne\u017e jen \u010depovac\u00ed stanice Produktov\u00e1 linie \u201eOriginal Schankomat\u201c \u2013 Avantgarde nab\u00edz\u00ed krom\u011b charakteristick\u00e9ho vzhledu produktov\u00e9 rodiny i pot\u0159ebn\u00e1 dopl\u0148kov\u00e1 za\u0159\u00edzen\u00ed pro registraci v gastronomii. Schankomat Avantgarde linie Schankomat C2006 Schankomat C2008 Schankomat C2010 Schankomat C2012 \u010cepovac\u00ed hlavy \u201eOriginal Schankomat\u201c pro \u010depov\u00e1n\u00ed z otev\u0159en\u00fdch n\u00e1dob se standardn\u011b vyr\u00e1b\u011bj\u00ed jako za\u0159\u00edzen\u00ed s 6, [&hellip;]<\/p>\n","protected":false},"author":1,"featured_media":0,"parent":0,"menu_order":0,"comment_status":"closed","ping_status":"closed","template":"elementor_header_footer","meta":{"footnotes":""},"class_list":["post-530","page","type-page","status-publish","hentry","entry"],"_links":{"self":[{"href":"https:\/\/grapos-softdrinks.cz\/index.php?rest_route=\/wp\/v2\/pages\/530","targetHints":{"allow":["GET"]}}],"collection":[{"href":"https:\/\/grapos-softdrinks.cz\/index.php?rest_route=\/wp\/v2\/pages"}],"about":[{"href":"https:\/\/grapos-softdrinks.cz\/index.php?rest_route=\/wp\/v2\/types\/page"}],"author":[{"embeddable":true,"href":"https:\/\/grapos-softdrinks.cz\/index.php?rest_route=\/wp\/v2\/users\/1"}],"replies":[{"embeddable":true,"href":"https:\/\/grapos-softdrinks.cz\/index.php?rest_route=%2Fwp%2Fv2%2Fcomments&post=530"}],"version-history":[{"count":49,"href":"https:\/\/grapos-softdrinks.cz\/index.php?rest_route=\/wp\/v2\/pages\/530\/revisions"}],"predecessor-version":[{"id":16548,"href":"https:\/\/grapos-softdrinks.cz\/index.php?rest_route=\/wp\/v2\/pages\/530\/revisions\/16548"}],"wp:attachment":[{"href":"https:\/\/grapos-softdrinks.cz\/index.php?rest_route=%2Fwp%2Fv2%2Fmedia&parent=530"}],"curies":[{"name":"wp","href":"https:\/\/api.w.org\/{rel}","templated":true}]}}